{"id":26853,"date":"2022-05-13T12:01:56","date_gmt":"2022-05-13T10:01:56","guid":{"rendered":"https:\/\/www.visionix.com\/?post_type=product&#038;p=26853"},"modified":"2022-09-14T14:51:42","modified_gmt":"2022-09-14T12:51:42","slug":"visionix-vx1200","status":"publish","type":"product","link":"https:\/\/www.visionix.com\/de\/product\/visionix-vx1200\/","title":{"rendered":"Visionix VX 1200"},"content":{"rendered":"<p><strong>Visionix zwei Instrumenteneinheit mit Schiebetisch<\/strong><br \/>\nDas VX 1200 ist eine kompakte und vollst\u00e4ndige Refraktionseinheit, mit dem Augenspezialisten in k\u00fcrzester Zeit eine Refraktion durchf\u00fchren k\u00f6nnen und das dank seines Schiebetisches alle notwendigen Instrumente bereitstellt.<\/p>\n","protected":false},"excerpt":{"rendered":"<p><strong>Visionix zwei Instrumenteneinheit mit Schiebetisch<\/strong><br \/>\nDas VX 1200 ist eine kompakte und vollst\u00e4ndige Refraktionseinheit, mit dem Augenspezialisten in k\u00fcrzester Zeit eine Refraktion durchf\u00fchren k\u00f6nnen und das dank seines Schiebetisches alle notwendigen Instrumente bereitstellt.<\/p>\n","protected":false},"featured_media":28153,"template":"","meta":{"_acf_changed":false,"content-type":"","footnotes":""},"pwb-brand":[510],"product_brand":[],"product_cat":[187,165,188],"product_tag":[],"class_list":{"0":"post-26853","1":"product","2":"type-product","3":"status-publish","4":"has-post-thumbnail","6":"pwb-brand-visionix-de","7":"product_cat-optische-gerate","8":"product_cat-ophthalmologie-instrumente","9":"product_cat-optometrie-instrumente","10":"pa_product-family-refraktion-de","11":"pa_product-family-screening-de","12":"pa_product-type-binocular-wavefront-analyser-de","13":"pa_product-type-phoropter-de","14":"pa_product-type-telehealth-de","16":"first","17":"instock","18":"product-type-simple"},"acf":[],"brands":[{"id":510,"name":"Visionix","slug":"visionix-de"}],"_links":{"self":[{"href":"https:\/\/www.visionix.com\/de\/wp-json\/wp\/v2\/product\/26853","targetHints":{"allow":["GET"]}}],"collection":[{"href":"https:\/\/www.visionix.com\/de\/wp-json\/wp\/v2\/product"}],"about":[{"href":"https:\/\/www.visionix.com\/de\/wp-json\/wp\/v2\/types\/product"}],"version-history":[{"count":5,"href":"https:\/\/www.visionix.com\/de\/wp-json\/wp\/v2\/product\/26853\/revisions"}],"predecessor-version":[{"id":32534,"href":"https:\/\/www.visionix.com\/de\/wp-json\/wp\/v2\/product\/26853\/revisions\/32534"}],"wp:featuredmedia":[{"embeddable":true,"href":"https:\/\/www.visionix.com\/de\/wp-json\/wp\/v2\/media\/28153"}],"wp:attachment":[{"href":"https:\/\/www.visionix.com\/de\/wp-json\/wp\/v2\/media?parent=26853"}],"wp:term":[{"taxonomy":"pwb-brand","embeddable":true,"href":"https:\/\/www.visionix.com\/de\/wp-json\/wp\/v2\/pwb-brand?post=26853"},{"taxonomy":"product_brand","embeddable":true,"href":"https:\/\/www.visionix.com\/de\/wp-json\/wp\/v2\/product_brand?post=26853"},{"taxonomy":"product_cat","embeddable":true,"href":"https:\/\/www.visionix.com\/de\/wp-json\/wp\/v2\/product_cat?post=26853"},{"taxonomy":"product_tag","embeddable":true,"href":"https:\/\/www.visionix.com\/de\/wp-json\/wp\/v2\/product_tag?post=26853"}],"curies":[{"name":"wp","href":"https:\/\/api.w.org\/{rel}","templated":true}]}}