{"id":26832,"date":"2022-05-13T11:42:23","date_gmt":"2022-05-13T09:42:23","guid":{"rendered":"https:\/\/www.visionix.com\/?post_type=product&#038;p=26832"},"modified":"2022-06-30T11:10:20","modified_gmt":"2022-06-30T09:10:20","slug":"visionix-vx1000","status":"publish","type":"product","link":"https:\/\/www.visionix.com\/de\/product\/visionix-vx1000\/","title":{"rendered":"Visionix VX 1000"},"content":{"rendered":"<p><strong>Visionix &#8211; Kompakteinheit f\u00fcr zwei Instrumente<\/strong><br \/>\nDas VX 1000 ist eine komfortable und kompakte Refraktionseinheit, die sich an jede noch so kleine Umgebung anpasst. Sie ist die ideale L\u00f6sung f\u00fcr die t\u00e4gliche Refraktion.<\/p>\n","protected":false},"excerpt":{"rendered":"<p><strong>Visionix-Kompakteinheit f\u00fcr zwei Instrumente<\/strong><br \/>\nDas VX 1000 ist eine komfortable und kompakte Refraktionseinheit, die sich an jede noch so kleine Umgebung anpasst. Sie ist die ideale L\u00f6sung f\u00fcr die t\u00e4gliche Refraktion.<\/p>\n","protected":false},"featured_media":26847,"template":"","meta":{"_acf_changed":false,"content-type":"","footnotes":""},"pwb-brand":[510],"product_brand":[],"product_cat":[187,165,188],"product_tag":[],"class_list":{"0":"post-26832","1":"product","2":"type-product","3":"status-publish","4":"has-post-thumbnail","6":"pwb-brand-visionix-de","7":"product_cat-optische-gerate","8":"product_cat-ophthalmologie-instrumente","9":"product_cat-optometrie-instrumente","10":"pa_product-family-refraktion-de","11":"pa_product-family-screening-de","12":"pa_product-type-binocular-wavefront-analyser-de","13":"pa_product-type-phoropter-de","14":"pa_product-type-telehealth-de","16":"first","17":"instock","18":"product-type-simple"},"acf":[],"brands":[{"id":510,"name":"Visionix","slug":"visionix-de"}],"_links":{"self":[{"href":"https:\/\/www.visionix.com\/de\/wp-json\/wp\/v2\/product\/26832","targetHints":{"allow":["GET"]}}],"collection":[{"href":"https:\/\/www.visionix.com\/de\/wp-json\/wp\/v2\/product"}],"about":[{"href":"https:\/\/www.visionix.com\/de\/wp-json\/wp\/v2\/types\/product"}],"version-history":[{"count":5,"href":"https:\/\/www.visionix.com\/de\/wp-json\/wp\/v2\/product\/26832\/revisions"}],"predecessor-version":[{"id":30318,"href":"https:\/\/www.visionix.com\/de\/wp-json\/wp\/v2\/product\/26832\/revisions\/30318"}],"wp:featuredmedia":[{"embeddable":true,"href":"https:\/\/www.visionix.com\/de\/wp-json\/wp\/v2\/media\/26847"}],"wp:attachment":[{"href":"https:\/\/www.visionix.com\/de\/wp-json\/wp\/v2\/media?parent=26832"}],"wp:term":[{"taxonomy":"pwb-brand","embeddable":true,"href":"https:\/\/www.visionix.com\/de\/wp-json\/wp\/v2\/pwb-brand?post=26832"},{"taxonomy":"product_brand","embeddable":true,"href":"https:\/\/www.visionix.com\/de\/wp-json\/wp\/v2\/product_brand?post=26832"},{"taxonomy":"product_cat","embeddable":true,"href":"https:\/\/www.visionix.com\/de\/wp-json\/wp\/v2\/product_cat?post=26832"},{"taxonomy":"product_tag","embeddable":true,"href":"https:\/\/www.visionix.com\/de\/wp-json\/wp\/v2\/product_tag?post=26832"}],"curies":[{"name":"wp","href":"https:\/\/api.w.org\/{rel}","templated":true}]}}