{"id":26809,"date":"2022-05-13T11:03:47","date_gmt":"2022-05-13T09:03:47","guid":{"rendered":"https:\/\/www.visionix.com\/?post_type=product&#038;p=26809"},"modified":"2022-09-14T15:05:35","modified_gmt":"2022-09-14T13:05:35","slug":"visionix-vx2000-2000h","status":"publish","type":"product","link":"https:\/\/www.visionix.com\/de\/product\/visionix-vx2000-2000h\/","title":{"rendered":"Visionix VX 2000 &#8211; 2000H"},"content":{"rendered":"<p><strong>Visionix zwei Instrumenteneinheit<\/strong><br \/>\nKomfortabler Trendsetter: zwei Instrumente in einer Einheit vereint, die f\u00fcr eine einfache Nutzung schwenkbar ist. Erh\u00e4ltlich in Rechts- oder Linksh\u00e4nder-Ausf\u00fchrung mit elektronisch gesteuerter Tischfl\u00e4che.<\/p>\n","protected":false},"excerpt":{"rendered":"<p><strong>Visionix zwei Instrumenteneinheit<\/strong><br \/>\nKomfortabler Trendsetter: zwei Instrumente in einer Einheit vereint, die f\u00fcr eine einfache Nutzung schwenkbar ist. Erh\u00e4ltlich in Rechts- oder Linksh\u00e4nder-Ausf\u00fchrung mit elektronisch gesteuerter Tischfl\u00e4che.<\/p>\n","protected":false},"featured_media":28161,"template":"","meta":{"_acf_changed":false,"content-type":"","footnotes":""},"pwb-brand":[510],"product_brand":[],"product_cat":[187,165,188],"product_tag":[],"class_list":{"0":"post-26809","1":"product","2":"type-product","3":"status-publish","4":"has-post-thumbnail","6":"pwb-brand-visionix-de","7":"product_cat-optische-gerate","8":"product_cat-ophthalmologie-instrumente","9":"product_cat-optometrie-instrumente","10":"pa_product-family-refraktion-de","11":"pa_product-family-screening-de","12":"pa_product-type-binocular-wavefront-analyser-de","13":"pa_product-type-phoropter-de","14":"pa_product-type-telehealth-de","16":"first","17":"instock","18":"product-type-simple"},"acf":[],"brands":[{"id":510,"name":"Visionix","slug":"visionix-de"}],"_links":{"self":[{"href":"https:\/\/www.visionix.com\/de\/wp-json\/wp\/v2\/product\/26809","targetHints":{"allow":["GET"]}}],"collection":[{"href":"https:\/\/www.visionix.com\/de\/wp-json\/wp\/v2\/product"}],"about":[{"href":"https:\/\/www.visionix.com\/de\/wp-json\/wp\/v2\/types\/product"}],"version-history":[{"count":5,"href":"https:\/\/www.visionix.com\/de\/wp-json\/wp\/v2\/product\/26809\/revisions"}],"predecessor-version":[{"id":32541,"href":"https:\/\/www.visionix.com\/de\/wp-json\/wp\/v2\/product\/26809\/revisions\/32541"}],"wp:featuredmedia":[{"embeddable":true,"href":"https:\/\/www.visionix.com\/de\/wp-json\/wp\/v2\/media\/28161"}],"wp:attachment":[{"href":"https:\/\/www.visionix.com\/de\/wp-json\/wp\/v2\/media?parent=26809"}],"wp:term":[{"taxonomy":"pwb-brand","embeddable":true,"href":"https:\/\/www.visionix.com\/de\/wp-json\/wp\/v2\/pwb-brand?post=26809"},{"taxonomy":"product_brand","embeddable":true,"href":"https:\/\/www.visionix.com\/de\/wp-json\/wp\/v2\/product_brand?post=26809"},{"taxonomy":"product_cat","embeddable":true,"href":"https:\/\/www.visionix.com\/de\/wp-json\/wp\/v2\/product_cat?post=26809"},{"taxonomy":"product_tag","embeddable":true,"href":"https:\/\/www.visionix.com\/de\/wp-json\/wp\/v2\/product_tag?post=26809"}],"curies":[{"name":"wp","href":"https:\/\/api.w.org\/{rel}","templated":true}]}}