{"id":26774,"date":"2022-05-13T10:22:50","date_gmt":"2022-05-13T08:22:50","guid":{"rendered":"https:\/\/www.visionix.com\/?post_type=product&#038;p=26774"},"modified":"2022-09-14T15:21:47","modified_gmt":"2022-09-14T13:21:47","slug":"visionix-vx3000-3000h","status":"publish","type":"product","link":"https:\/\/www.visionix.com\/de\/product\/visionix-vx3000-3000h\/","title":{"rendered":"Visionix VX 3000 &#8211; VX 3000H"},"content":{"rendered":"<p><strong>Visionix\u00ae drei Instrumenteneinheit<\/strong><br \/>\nDrei Instrumente in einer Einheit vereint. Jedes Instrument ist auf einer Oberfl\u00e4che montiert, die manuell gedreht werden kann, wodurch es f\u00fcr Kunden und Patienten mit eingeschr\u00e4nkter Mobilit\u00e4t leichter zug\u00e4nglich ist.<\/p>\n","protected":false},"excerpt":{"rendered":"<p><strong>Visionix\u00ae drei Instrumenteneinheit<\/strong><br \/>\nDrei Instrumente in einer Einheit vereint. Jedes Instrument ist auf einer Oberfl\u00e4che montiert, die manuell gedreht werden kann, wodurch es f\u00fcr Kunden und Patienten mit eingeschr\u00e4nkter Mobilit\u00e4t leichter zug\u00e4nglich ist.<\/p>\n","protected":false},"featured_media":26801,"template":"","meta":{"_acf_changed":false,"content-type":"","footnotes":""},"pwb-brand":[510],"product_brand":[],"product_cat":[187,165,188],"product_tag":[],"class_list":{"0":"post-26774","1":"product","2":"type-product","3":"status-publish","4":"has-post-thumbnail","6":"pwb-brand-visionix-de","7":"product_cat-optische-gerate","8":"product_cat-ophthalmologie-instrumente","9":"product_cat-optometrie-instrumente","10":"pa_product-family-refraktion-de","11":"pa_product-family-screening-de","12":"pa_product-type-binocular-wavefront-analyser-de","13":"pa_product-type-phoropter-de","14":"pa_product-type-telehealth-de","16":"first","17":"instock","18":"product-type-simple"},"acf":[],"brands":[{"id":510,"name":"Visionix","slug":"visionix-de"}],"_links":{"self":[{"href":"https:\/\/www.visionix.com\/de\/wp-json\/wp\/v2\/product\/26774","targetHints":{"allow":["GET"]}}],"collection":[{"href":"https:\/\/www.visionix.com\/de\/wp-json\/wp\/v2\/product"}],"about":[{"href":"https:\/\/www.visionix.com\/de\/wp-json\/wp\/v2\/types\/product"}],"version-history":[{"count":8,"href":"https:\/\/www.visionix.com\/de\/wp-json\/wp\/v2\/product\/26774\/revisions"}],"predecessor-version":[{"id":32548,"href":"https:\/\/www.visionix.com\/de\/wp-json\/wp\/v2\/product\/26774\/revisions\/32548"}],"wp:featuredmedia":[{"embeddable":true,"href":"https:\/\/www.visionix.com\/de\/wp-json\/wp\/v2\/media\/26801"}],"wp:attachment":[{"href":"https:\/\/www.visionix.com\/de\/wp-json\/wp\/v2\/media?parent=26774"}],"wp:term":[{"taxonomy":"pwb-brand","embeddable":true,"href":"https:\/\/www.visionix.com\/de\/wp-json\/wp\/v2\/pwb-brand?post=26774"},{"taxonomy":"product_brand","embeddable":true,"href":"https:\/\/www.visionix.com\/de\/wp-json\/wp\/v2\/product_brand?post=26774"},{"taxonomy":"product_cat","embeddable":true,"href":"https:\/\/www.visionix.com\/de\/wp-json\/wp\/v2\/product_cat?post=26774"},{"taxonomy":"product_tag","embeddable":true,"href":"https:\/\/www.visionix.com\/de\/wp-json\/wp\/v2\/product_tag?post=26774"}],"curies":[{"name":"wp","href":"https:\/\/api.w.org\/{rel}","templated":true}]}}