{"id":28648,"date":"2022-02-08T11:18:05","date_gmt":"2022-02-08T10:18:05","guid":{"rendered":"https:\/\/www.visionix.com\/medical-optometrist\/"},"modified":"2022-07-25T10:04:19","modified_gmt":"2022-07-25T08:04:19","slug":"optometristen","status":"publish","type":"page","link":"https:\/\/www.visionix.com\/de\/optometrie\/optometristen\/","title":{"rendered":"Optometristen\u200b"},"content":{"rendered":"\t\t<div data-elementor-type=\"wp-page\" data-elementor-id=\"28648\" class=\"elementor elementor-28648 elementor-88\" data-elementor-post-type=\"page\">\n\t\t\t\t\t\t<section class=\"elementor-section elementor-top-section elementor-element elementor-element-59ff389 elementor-section-boxed elementor-section-height-default elementor-section-height-default\" data-id=\"59ff389\" data-element_type=\"section\" data-e-type=\"section\">\n\t\t\t\t\t\t<div class=\"elementor-container elementor-column-gap-default\">\n\t\t\t\t\t<div class=\"elementor-column elementor-col-50 elementor-top-column elementor-element elementor-element-7966cd6\" data-id=\"7966cd6\" data-element_type=\"column\" data-e-type=\"column\">\n\t\t\t<div class=\"elementor-widget-wrap elementor-element-populated\">\n\t\t\t\t\t\t<div class=\"elementor-element elementor-element-d28ac0d elementor-widget elementor-widget-heading\" data-id=\"d28ac0d\" data-element_type=\"widget\" data-e-type=\"widget\" data-widget_type=\"heading.default\">\n\t\t\t\t<div class=\"elementor-widget-container\">\n\t\t\t\t\t<h3 class=\"elementor-heading-title elementor-size-default\">Optometristen<\/h3>\t\t\t\t<\/div>\n\t\t\t\t<\/div>\n\t\t\t\t<div class=\"elementor-element elementor-element-ffb398d elementor-widget elementor-widget-heading\" data-id=\"ffb398d\" data-element_type=\"widget\" data-e-type=\"widget\" data-widget_type=\"heading.default\">\n\t\t\t\t<div class=\"elementor-widget-container\">\n\t\t\t\t\t<h1 class=\"elementor-heading-title elementor-size-default\">Heben sie sich im markt ab<\/h1>\t\t\t\t<\/div>\n\t\t\t\t<\/div>\n\t\t\t\t<div class=\"elementor-element elementor-element-07eabe5 elementor-widget elementor-widget-text-editor\" data-id=\"07eabe5\" data-element_type=\"widget\" data-e-type=\"widget\" data-widget_type=\"text-editor.default\">\n\t\t\t\t<div class=\"elementor-widget-container\">\n\t\t\t\t\t\t\t\t\tNeue Technologien f\u00fcr mehr Effizienz und mehr Zeit f\u00fcr Ihre Kunden und Patienten.\t\t\t\t\t\t\t\t<\/div>\n\t\t\t\t<\/div>\n\t\t\t\t\t<\/div>\n\t\t<\/div>\n\t\t\t\t<div class=\"elementor-column elementor-col-50 elementor-top-column elementor-element elementor-element-bed652e\" data-id=\"bed652e\" data-element_type=\"column\" data-e-type=\"column\">\n\t\t\t<div class=\"elementor-widget-wrap elementor-element-populated\">\n\t\t\t\t\t\t<div class=\"elementor-element elementor-element-a1a126d elementor-widget elementor-widget-image\" data-id=\"a1a126d\" data-element_type=\"widget\" data-e-type=\"widget\" data-widget_type=\"image.default\">\n\t\t\t\t<div class=\"elementor-widget-container\">\n\t\t\t\t\t\t\t\t\t\t\t\t\t\t\t<img fetchpriority=\"high\" decoding=\"async\" width=\"800\" height=\"533\" src=\"https:\/\/www.visionix.com\/wp-content\/uploads\/2022\/05\/Fotolia_91502345_XL-1024x682.jpg\" class=\"attachment-large size-large wp-image-27850\" alt=\"Male Patient Having Consultation With Doctor In Office\" srcset=\"https:\/\/www.visionix.com\/wp-content\/uploads\/2022\/05\/Fotolia_91502345_XL-1024x682.jpg 1024w, https:\/\/www.visionix.com\/wp-content\/uploads\/2022\/05\/Fotolia_91502345_XL-300x200.jpg 300w, https:\/\/www.visionix.com\/wp-content\/uploads\/2022\/05\/Fotolia_91502345_XL-768x512.jpg 768w, https:\/\/www.visionix.com\/wp-content\/uploads\/2022\/05\/Fotolia_91502345_XL-1536x1023.jpg 1536w, https:\/\/www.visionix.com\/wp-content\/uploads\/2022\/05\/Fotolia_91502345_XL-2048x1365.jpg 2048w, https:\/\/www.visionix.com\/wp-content\/uploads\/2022\/05\/Fotolia_91502345_XL-600x400.jpg 600w\" sizes=\"(max-width: 800px) 100vw, 800px\" \/>\t\t\t\t\t\t\t\t\t\t\t\t\t\t\t<\/div>\n\t\t\t\t<\/div>\n\t\t\t\t\t<\/div>\n\t\t<\/div>\n\t\t\t\t\t<\/div>\n\t\t<\/section>\n\t\t\t\t<section class=\"elementor-section elementor-top-section elementor-element elementor-element-8c0f407 elementor-section-boxed elementor-section-height-default elementor-section-height-default\" data-id=\"8c0f407\" data-element_type=\"section\" data-e-type=\"section\">\n\t\t\t\t\t\t<div class=\"elementor-container elementor-column-gap-default\">\n\t\t\t\t\t<div class=\"elementor-column elementor-col-50 elementor-top-column elementor-element elementor-element-faefc37\" data-id=\"faefc37\" data-element_type=\"column\" data-e-type=\"column\">\n\t\t\t<div class=\"elementor-widget-wrap elementor-element-populated\">\n\t\t\t\t\t\t<div class=\"elementor-element elementor-element-2eb8280 elementor-widget elementor-widget-image\" data-id=\"2eb8280\" data-element_type=\"widget\" data-e-type=\"widget\" data-widget_type=\"image.default\">\n\t\t\t\t<div class=\"elementor-widget-container\">\n\t\t\t\t\t\t\t\t\t\t\t\t\t\t\t<img decoding=\"async\" width=\"800\" height=\"534\" src=\"https:\/\/www.visionix.com\/wp-content\/uploads\/2022\/05\/VX130-1024x684.png\" class=\"attachment-large size-large wp-image-27372\" alt=\"\" srcset=\"https:\/\/www.visionix.com\/wp-content\/uploads\/2022\/05\/VX130-1024x684.png 1024w, https:\/\/www.visionix.com\/wp-content\/uploads\/2022\/05\/VX130-300x200.png 300w, https:\/\/www.visionix.com\/wp-content\/uploads\/2022\/05\/VX130-768x513.png 768w, https:\/\/www.visionix.com\/wp-content\/uploads\/2022\/05\/VX130-600x401.png 600w, https:\/\/www.visionix.com\/wp-content\/uploads\/2022\/05\/VX130.png 1273w\" sizes=\"(max-width: 800px) 100vw, 800px\" \/>\t\t\t\t\t\t\t\t\t\t\t\t\t\t\t<\/div>\n\t\t\t\t<\/div>\n\t\t\t\t\t<\/div>\n\t\t<\/div>\n\t\t\t\t<div class=\"elementor-column elementor-col-50 elementor-top-column elementor-element elementor-element-f0e139b\" data-id=\"f0e139b\" data-element_type=\"column\" data-e-type=\"column\">\n\t\t\t<div class=\"elementor-widget-wrap elementor-element-populated\">\n\t\t\t\t\t\t<div class=\"elementor-element elementor-element-c372c49 elementor-widget elementor-widget-text-editor\" data-id=\"c372c49\" data-element_type=\"widget\" data-e-type=\"widget\" data-widget_type=\"text-editor.default\">\n\t\t\t\t<div class=\"elementor-widget-container\">\n\t\t\t\t\t\t\t\t\tUnsere Technologie l\u00e4sst Optometristen Zeit gewinnen, sich auf die klinischen Aspekte ihres Gesch\u00e4fts zu konzentrieren. Unsere ausgesprochen anwenderfreundlichen Ger\u00e4te ben\u00f6tigen keine nennenswerte Einarbeitungszeit und sind intuitiv von jedem Anwender bedienbar, so dass Sie bei der Datenerfassung schnell und akkurat  unterst\u00fctzt werden k\u00f6nnen.\t\t\t\t\t\t\t\t<\/div>\n\t\t\t\t<\/div>\n\t\t\t\t<div class=\"elementor-element elementor-element-f15a9e8 elementor-widget elementor-widget-button\" data-id=\"f15a9e8\" data-element_type=\"widget\" data-e-type=\"widget\" data-widget_type=\"button.default\">\n\t\t\t\t<div class=\"elementor-widget-container\">\n\t\t\t\t\t\t\t\t\t<div class=\"elementor-button-wrapper\">\n\t\t\t\t\t<a class=\"elementor-button elementor-button-link elementor-size-sm\" href=\"https:\/\/www.visionix.com\/de\/contact\/\">\n\t\t\t\t\t\t<span class=\"elementor-button-content-wrapper\">\n\t\t\t\t\t\t\t\t\t<span class=\"elementor-button-text\">Sprechen Sie mit einem Experten<\/span>\n\t\t\t\t\t<\/span>\n\t\t\t\t\t<\/a>\n\t\t\t\t<\/div>\n\t\t\t\t\t\t\t\t<\/div>\n\t\t\t\t<\/div>\n\t\t\t\t\t<\/div>\n\t\t<\/div>\n\t\t\t\t\t<\/div>\n\t\t<\/section>\n\t\t\t\t<section class=\"elementor-section elementor-top-section elementor-element elementor-element-00f490a elementor-section-boxed elementor-section-height-default elementor-section-height-default\" data-id=\"00f490a\" data-element_type=\"section\" data-e-type=\"section\">\n\t\t\t\t\t\t<div class=\"elementor-container elementor-column-gap-default\">\n\t\t\t\t\t<div class=\"elementor-column elementor-col-50 elementor-top-column elementor-element elementor-element-858c404\" data-id=\"858c404\" data-element_type=\"column\" data-e-type=\"column\">\n\t\t\t<div class=\"elementor-widget-wrap elementor-element-populated\">\n\t\t\t\t\t\t<div class=\"elementor-element elementor-element-2db435a elementor-widget elementor-widget-text-editor\" data-id=\"2db435a\" data-element_type=\"widget\" data-e-type=\"widget\" data-widget_type=\"text-editor.default\">\n\t\t\t\t<div class=\"elementor-widget-container\">\n\t\t\t\t\t\t\t\t\tEin geeigneter Delegationsprozess erm\u00f6glicht es Augenspezialisten, mehr Zeit f\u00fcr die Beratung zu gewinnen. Auf diese Weise stehen Sie auch f\u00fcr besondere Augenpr\u00fcfungen und gegebenenfalls in der Vor- oder Nachsorge zum Beispiel bei Kataraktoperationen zur Verf\u00fcgung. \t\t\t\t\t\t\t\t<\/div>\n\t\t\t\t<\/div>\n\t\t\t\t<div class=\"elementor-element elementor-element-f661d05 elementor-widget elementor-widget-button\" data-id=\"f661d05\" data-element_type=\"widget\" data-e-type=\"widget\" data-widget_type=\"button.default\">\n\t\t\t\t<div class=\"elementor-widget-container\">\n\t\t\t\t\t\t\t\t\t<div class=\"elementor-button-wrapper\">\n\t\t\t\t\t<a class=\"elementor-button elementor-button-link elementor-size-sm\" href=\"https:\/\/www.visionix.com\/de\/contact\/\">\n\t\t\t\t\t\t<span class=\"elementor-button-content-wrapper\">\n\t\t\t\t\t\t\t\t\t<span class=\"elementor-button-text\">Sprechen Sie mit einem Experten<\/span>\n\t\t\t\t\t<\/span>\n\t\t\t\t\t<\/a>\n\t\t\t\t<\/div>\n\t\t\t\t\t\t\t\t<\/div>\n\t\t\t\t<\/div>\n\t\t\t\t\t<\/div>\n\t\t<\/div>\n\t\t\t\t<div class=\"elementor-column elementor-col-50 elementor-top-column elementor-element elementor-element-1b4cf32\" data-id=\"1b4cf32\" data-element_type=\"column\" data-e-type=\"column\">\n\t\t\t<div class=\"elementor-widget-wrap elementor-element-populated\">\n\t\t\t\t\t\t<div class=\"elementor-element elementor-element-3c3af58 elementor-widget elementor-widget-image\" data-id=\"3c3af58\" data-element_type=\"widget\" data-e-type=\"widget\" data-widget_type=\"image.default\">\n\t\t\t\t<div class=\"elementor-widget-container\">\n\t\t\t\t\t\t\t\t\t\t\t\t\t\t\t<img decoding=\"async\" width=\"768\" height=\"538\" src=\"https:\/\/www.visionix.com\/wp-content\/uploads\/2022\/03\/ark-VX130-ecran-refraction-visionix-768x538-1.jpg\" class=\"attachment-large size-large wp-image-1961\" alt=\"\" srcset=\"https:\/\/www.visionix.com\/wp-content\/uploads\/2022\/03\/ark-VX130-ecran-refraction-visionix-768x538-1.jpg 768w, https:\/\/www.visionix.com\/wp-content\/uploads\/2022\/03\/ark-VX130-ecran-refraction-visionix-768x538-1-300x210.jpg 300w, https:\/\/www.visionix.com\/wp-content\/uploads\/2022\/03\/ark-VX130-ecran-refraction-visionix-768x538-1-600x420.jpg 600w\" sizes=\"(max-width: 768px) 100vw, 768px\" \/>\t\t\t\t\t\t\t\t\t\t\t\t\t\t\t<\/div>\n\t\t\t\t<\/div>\n\t\t\t\t\t<\/div>\n\t\t<\/div>\n\t\t\t\t\t<\/div>\n\t\t<\/section>\n\t\t\t\t<section class=\"elementor-section elementor-top-section elementor-element elementor-element-102cda5 elementor-section-boxed elementor-section-height-default elementor-section-height-default\" data-id=\"102cda5\" data-element_type=\"section\" data-e-type=\"section\">\n\t\t\t\t\t\t<div class=\"elementor-container elementor-column-gap-default\">\n\t\t\t\t\t<div class=\"elementor-column elementor-col-50 elementor-top-column elementor-element elementor-element-bc2b03c\" data-id=\"bc2b03c\" data-element_type=\"column\" data-e-type=\"column\">\n\t\t\t<div class=\"elementor-widget-wrap elementor-element-populated\">\n\t\t\t\t\t\t<div class=\"elementor-element elementor-element-fc3ba21 elementor-widget elementor-widget-image\" data-id=\"fc3ba21\" data-element_type=\"widget\" data-e-type=\"widget\" data-widget_type=\"image.default\">\n\t\t\t\t<div class=\"elementor-widget-container\">\n\t\t\t\t\t\t\t\t\t\t\t\t\t\t\t<img loading=\"lazy\" decoding=\"async\" width=\"800\" height=\"532\" src=\"https:\/\/www.visionix.com\/wp-content\/uploads\/2022\/05\/nexy-1024x681.png\" class=\"attachment-large size-large wp-image-27928\" alt=\"\" srcset=\"https:\/\/www.visionix.com\/wp-content\/uploads\/2022\/05\/nexy-1024x681.png 1024w, https:\/\/www.visionix.com\/wp-content\/uploads\/2022\/05\/nexy-300x199.png 300w, https:\/\/www.visionix.com\/wp-content\/uploads\/2022\/05\/nexy-768x511.png 768w, https:\/\/www.visionix.com\/wp-content\/uploads\/2022\/05\/nexy-600x399.png 600w, https:\/\/www.visionix.com\/wp-content\/uploads\/2022\/05\/nexy.png 1346w\" sizes=\"(max-width: 800px) 100vw, 800px\" \/>\t\t\t\t\t\t\t\t\t\t\t\t\t\t\t<\/div>\n\t\t\t\t<\/div>\n\t\t\t\t\t<\/div>\n\t\t<\/div>\n\t\t\t\t<div class=\"elementor-column elementor-col-50 elementor-top-column elementor-element elementor-element-52f295f\" data-id=\"52f295f\" data-element_type=\"column\" data-e-type=\"column\">\n\t\t\t<div class=\"elementor-widget-wrap elementor-element-populated\">\n\t\t\t\t\t\t<div class=\"elementor-element elementor-element-42f922a elementor-widget elementor-widget-text-editor\" data-id=\"42f922a\" data-element_type=\"widget\" data-e-type=\"widget\" data-widget_type=\"text-editor.default\">\n\t\t\t\t<div class=\"elementor-widget-container\">\n\t\t\t\t\t\t\t\t\tUnsere anwenderfreundliche Technologie erfordert minimalen Schulungsaufwand und bietet hohe Pr\u00e4zision bei der Erkennung von Anzeichen f\u00fcr Augenerkrankungen und -auff\u00e4lligkeiten. Vor der Konsultation eines Augenarztes \u2013 oder in Zusammenarbeit mit ihm \u2013 kann der geschulte Anwender bereits die erforderlichen Daten erfassen. \u00dcber ein elektronisches Patientenaktensystem k\u00f6nnen Optometristen nahtlos auf zuverl\u00e4ssige Daten zugreifen oder die erhobenen Daten einpflegen.\t\t\t\t\t\t\t\t<\/div>\n\t\t\t\t<\/div>\n\t\t\t\t<div class=\"elementor-element elementor-element-7d6b140 elementor-widget elementor-widget-button\" data-id=\"7d6b140\" data-element_type=\"widget\" data-e-type=\"widget\" data-widget_type=\"button.default\">\n\t\t\t\t<div class=\"elementor-widget-container\">\n\t\t\t\t\t\t\t\t\t<div class=\"elementor-button-wrapper\">\n\t\t\t\t\t<a class=\"elementor-button elementor-button-link elementor-size-sm\" href=\"https:\/\/www.visionix.com\/de\/contact\/\">\n\t\t\t\t\t\t<span class=\"elementor-button-content-wrapper\">\n\t\t\t\t\t\t\t\t\t<span class=\"elementor-button-text\">Sprechen Sie mit einem Experten<\/span>\n\t\t\t\t\t<\/span>\n\t\t\t\t\t<\/a>\n\t\t\t\t<\/div>\n\t\t\t\t\t\t\t\t<\/div>\n\t\t\t\t<\/div>\n\t\t\t\t\t<\/div>\n\t\t<\/div>\n\t\t\t\t\t<\/div>\n\t\t<\/section>\n\t\t\t\t<section class=\"elementor-section elementor-top-section elementor-element elementor-element-4e06922 elementor-section-boxed elementor-section-height-default elementor-section-height-default\" data-id=\"4e06922\" data-element_type=\"section\" data-e-type=\"section\">\n\t\t\t\t\t\t<div class=\"elementor-container elementor-column-gap-default\">\n\t\t\t\t\t<div class=\"elementor-column elementor-col-50 elementor-top-column elementor-element elementor-element-4cf9dc5\" data-id=\"4cf9dc5\" data-element_type=\"column\" data-e-type=\"column\">\n\t\t\t<div class=\"elementor-widget-wrap elementor-element-populated\">\n\t\t\t\t\t\t<div class=\"elementor-element elementor-element-f17909c elementor-widget elementor-widget-text-editor\" data-id=\"f17909c\" data-element_type=\"widget\" data-e-type=\"widget\" data-widget_type=\"text-editor.default\">\n\t\t\t\t<div class=\"elementor-widget-container\">\n\t\t\t\t\t\t\t\t\tBei entsprechender Schulung der jeweiligen Anwender k\u00f6nnen Aufgaben im Rahmen der vollst\u00e4ndigen Refraktionsbestimmung delegiert werden. So kann sich der Refraktionsspezialist vermehrt um die \u201ekomplizierteren\u201c F\u00e4lle mit komplexeren Fehlsichtigkeiten konzentrieren. Algorithmus-gest\u00fctzte Refraktionsmessungen und eine hohe Datengenauigkeit sorgen f\u00fcr maximale Effizienz und eine l\u00fcckenlose optometrische Kontrolle im gesamten Refraktionsprozess.\t\t\t\t\t\t\t\t<\/div>\n\t\t\t\t<\/div>\n\t\t\t\t<div class=\"elementor-element elementor-element-42fa07c elementor-widget elementor-widget-button\" data-id=\"42fa07c\" data-element_type=\"widget\" data-e-type=\"widget\" data-widget_type=\"button.default\">\n\t\t\t\t<div class=\"elementor-widget-container\">\n\t\t\t\t\t\t\t\t\t<div class=\"elementor-button-wrapper\">\n\t\t\t\t\t<a class=\"elementor-button elementor-button-link elementor-size-sm\" href=\"https:\/\/www.visionix.com\/de\/contact\/\">\n\t\t\t\t\t\t<span class=\"elementor-button-content-wrapper\">\n\t\t\t\t\t\t\t\t\t<span class=\"elementor-button-text\">Sprechen Sie mit einem Experten<\/span>\n\t\t\t\t\t<\/span>\n\t\t\t\t\t<\/a>\n\t\t\t\t<\/div>\n\t\t\t\t\t\t\t\t<\/div>\n\t\t\t\t<\/div>\n\t\t\t\t\t<\/div>\n\t\t<\/div>\n\t\t\t\t<div class=\"elementor-column elementor-col-50 elementor-top-column elementor-element elementor-element-87b5156\" data-id=\"87b5156\" data-element_type=\"column\" data-e-type=\"column\">\n\t\t\t<div class=\"elementor-widget-wrap elementor-element-populated\">\n\t\t\t\t\t\t<div class=\"elementor-element elementor-element-fefa684 elementor-widget elementor-widget-image\" data-id=\"fefa684\" data-element_type=\"widget\" data-e-type=\"widget\" data-widget_type=\"image.default\">\n\t\t\t\t<div class=\"elementor-widget-container\">\n\t\t\t\t\t\t\t\t\t\t\t\t\t\t\t<img loading=\"lazy\" decoding=\"async\" width=\"768\" height=\"538\" src=\"https:\/\/www.visionix.com\/wp-content\/uploads\/2022\/03\/ark-VX120-ecran-Autoref-autorefractometre-keratometre-ARK-topographe-visionix-2-768x538-1.jpg\" class=\"attachment-large size-large wp-image-1935\" alt=\"\" srcset=\"https:\/\/www.visionix.com\/wp-content\/uploads\/2022\/03\/ark-VX120-ecran-Autoref-autorefractometre-keratometre-ARK-topographe-visionix-2-768x538-1.jpg 768w, https:\/\/www.visionix.com\/wp-content\/uploads\/2022\/03\/ark-VX120-ecran-Autoref-autorefractometre-keratometre-ARK-topographe-visionix-2-768x538-1-300x210.jpg 300w, https:\/\/www.visionix.com\/wp-content\/uploads\/2022\/03\/ark-VX120-ecran-Autoref-autorefractometre-keratometre-ARK-topographe-visionix-2-768x538-1-600x420.jpg 600w\" sizes=\"(max-width: 768px) 100vw, 768px\" \/>\t\t\t\t\t\t\t\t\t\t\t\t\t\t\t<\/div>\n\t\t\t\t<\/div>\n\t\t\t\t\t<\/div>\n\t\t<\/div>\n\t\t\t\t\t<\/div>\n\t\t<\/section>\n\t\t\t\t<section class=\"elementor-section elementor-top-section elementor-element elementor-element-2294095 elementor-section-boxed elementor-section-height-default elementor-section-height-default\" data-id=\"2294095\" data-element_type=\"section\" data-e-type=\"section\">\n\t\t\t\t\t\t<div class=\"elementor-container elementor-column-gap-default\">\n\t\t\t\t\t<div class=\"elementor-column elementor-col-50 elementor-top-column elementor-element elementor-element-424b60d\" data-id=\"424b60d\" data-element_type=\"column\" data-e-type=\"column\">\n\t\t\t<div class=\"elementor-widget-wrap elementor-element-populated\">\n\t\t\t\t\t\t<div class=\"elementor-element elementor-element-fa62515 elementor-widget elementor-widget-image\" data-id=\"fa62515\" data-element_type=\"widget\" data-e-type=\"widget\" data-widget_type=\"image.default\">\n\t\t\t\t<div class=\"elementor-widget-container\">\n\t\t\t\t\t\t\t\t\t\t\t\t\t\t\t<img loading=\"lazy\" decoding=\"async\" width=\"800\" height=\"498\" src=\"https:\/\/www.visionix.com\/wp-content\/uploads\/2022\/05\/vx650-interface-1024x637.png\" class=\"attachment-large size-large wp-image-27888\" alt=\"\" srcset=\"https:\/\/www.visionix.com\/wp-content\/uploads\/2022\/05\/vx650-interface-1024x637.png 1024w, https:\/\/www.visionix.com\/wp-content\/uploads\/2022\/05\/vx650-interface-300x187.png 300w, https:\/\/www.visionix.com\/wp-content\/uploads\/2022\/05\/vx650-interface-768x478.png 768w, https:\/\/www.visionix.com\/wp-content\/uploads\/2022\/05\/vx650-interface-600x373.png 600w, https:\/\/www.visionix.com\/wp-content\/uploads\/2022\/05\/vx650-interface.png 1339w\" sizes=\"(max-width: 800px) 100vw, 800px\" \/>\t\t\t\t\t\t\t\t\t\t\t\t\t\t\t<\/div>\n\t\t\t\t<\/div>\n\t\t\t\t\t<\/div>\n\t\t<\/div>\n\t\t\t\t<div class=\"elementor-column elementor-col-50 elementor-top-column elementor-element elementor-element-1f62595\" data-id=\"1f62595\" data-element_type=\"column\" data-e-type=\"column\">\n\t\t\t<div class=\"elementor-widget-wrap elementor-element-populated\">\n\t\t\t\t\t\t<div class=\"elementor-element elementor-element-f3b0f6d elementor-widget elementor-widget-text-editor\" data-id=\"f3b0f6d\" data-element_type=\"widget\" data-e-type=\"widget\" data-widget_type=\"text-editor.default\">\n\t\t\t\t<div class=\"elementor-widget-container\">\n\t\t\t\t\t\t\t\t\tDurch die Kombination neuer Technologien inklusive des Angebotes von optometrischen Dienstleistungen, einer modernen augenoptischen Ausstattung und einer umfassenden Kundenbetreuung im Rahmen der Augengesundheitsvorsorge k\u00f6nnen Sie Ihr Image und Ihre Position am Markt verbessern und sich Differenzierungsmerkmale verschaffen.\t\t\t\t\t\t\t\t<\/div>\n\t\t\t\t<\/div>\n\t\t\t\t<div class=\"elementor-element elementor-element-731772b elementor-widget elementor-widget-button\" data-id=\"731772b\" data-element_type=\"widget\" data-e-type=\"widget\" data-widget_type=\"button.default\">\n\t\t\t\t<div class=\"elementor-widget-container\">\n\t\t\t\t\t\t\t\t\t<div class=\"elementor-button-wrapper\">\n\t\t\t\t\t<a class=\"elementor-button elementor-button-link elementor-size-sm\" href=\"https:\/\/www.visionix.com\/de\/contact\/\">\n\t\t\t\t\t\t<span class=\"elementor-button-content-wrapper\">\n\t\t\t\t\t\t\t\t\t<span class=\"elementor-button-text\">Sprechen Sie mit einem Experten<\/span>\n\t\t\t\t\t<\/span>\n\t\t\t\t\t<\/a>\n\t\t\t\t<\/div>\n\t\t\t\t\t\t\t\t<\/div>\n\t\t\t\t<\/div>\n\t\t\t\t\t<\/div>\n\t\t<\/div>\n\t\t\t\t\t<\/div>\n\t\t<\/section>\n\t\t\t\t<\/div>\n\t\t","protected":false},"excerpt":{"rendered":"<p>Optometristen Heben sie sich im markt ab Neue Technologien f\u00fcr mehr Effizienz und mehr Zeit f\u00fcr Ihre Kunden und Patienten. Unsere Technologie l\u00e4sst Optometristen Zeit gewinnen, sich auf die klinischen Aspekte ihres Gesch\u00e4fts zu konzentrieren. Unsere ausgesprochen anwenderfreundlichen Ger\u00e4te ben\u00f6tigen keine nennenswerte Einarbeitungszeit und sind intuitiv von jedem Anwender bedienbar, so dass Sie bei der [&hellip;]<\/p>\n","protected":false},"author":1,"featured_media":0,"parent":28653,"menu_order":0,"comment_status":"closed","ping_status":"closed","template":"","meta":{"_acf_changed":false,"content-type":"","footnotes":""},"class_list":["post-28648","page","type-page","status-publish","hentry"],"acf":[],"_links":{"self":[{"href":"https:\/\/www.visionix.com\/de\/wp-json\/wp\/v2\/pages\/28648","targetHints":{"allow":["GET"]}}],"collection":[{"href":"https:\/\/www.visionix.com\/de\/wp-json\/wp\/v2\/pages"}],"about":[{"href":"https:\/\/www.visionix.com\/de\/wp-json\/wp\/v2\/types\/page"}],"author":[{"embeddable":true,"href":"https:\/\/www.visionix.com\/de\/wp-json\/wp\/v2\/users\/1"}],"replies":[{"embeddable":true,"href":"https:\/\/www.visionix.com\/de\/wp-json\/wp\/v2\/comments?post=28648"}],"version-history":[{"count":7,"href":"https:\/\/www.visionix.com\/de\/wp-json\/wp\/v2\/pages\/28648\/revisions"}],"predecessor-version":[{"id":31505,"href":"https:\/\/www.visionix.com\/de\/wp-json\/wp\/v2\/pages\/28648\/revisions\/31505"}],"up":[{"embeddable":true,"href":"https:\/\/www.visionix.com\/de\/wp-json\/wp\/v2\/pages\/28653"}],"wp:attachment":[{"href":"https:\/\/www.visionix.com\/de\/wp-json\/wp\/v2\/media?parent=28648"}],"curies":[{"name":"wp","href":"https:\/\/api.w.org\/{rel}","templated":true}]}}