{"id":28640,"date":"2022-02-08T11:18:45","date_gmt":"2022-02-08T10:18:45","guid":{"rendered":"https:\/\/www.visionix.com\/business-owner\/"},"modified":"2022-09-02T10:34:31","modified_gmt":"2022-09-02T08:34:31","slug":"unabhaengige-augenoptiker","status":"publish","type":"page","link":"https:\/\/www.visionix.com\/de\/optometrie\/unabhaengige-augenoptiker\/","title":{"rendered":"Unabh\u00e4ngige augenoptiker  \u200b"},"content":{"rendered":"\t\t<div data-elementor-type=\"wp-page\" data-elementor-id=\"28640\" class=\"elementor elementor-28640 elementor-90\" data-elementor-post-type=\"page\">\n\t\t\t\t\t\t<section class=\"elementor-section elementor-top-section elementor-element elementor-element-6491424 elementor-section-boxed elementor-section-height-default elementor-section-height-default\" data-id=\"6491424\" data-element_type=\"section\" data-e-type=\"section\">\n\t\t\t\t\t\t<div class=\"elementor-container elementor-column-gap-default\">\n\t\t\t\t\t<div class=\"elementor-column elementor-col-50 elementor-top-column elementor-element elementor-element-20ce1f1\" data-id=\"20ce1f1\" data-element_type=\"column\" data-e-type=\"column\">\n\t\t\t<div class=\"elementor-widget-wrap elementor-element-populated\">\n\t\t\t\t\t\t<div class=\"elementor-element elementor-element-e141f02 elementor-widget elementor-widget-heading\" data-id=\"e141f02\" data-element_type=\"widget\" data-e-type=\"widget\" data-widget_type=\"heading.default\">\n\t\t\t\t<div class=\"elementor-widget-container\">\n\t\t\t\t\t<h3 class=\"elementor-heading-title elementor-size-default\">Unabh\u00e4ngige Augenoptiker<\/h3>\t\t\t\t<\/div>\n\t\t\t\t<\/div>\n\t\t\t\t<div class=\"elementor-element elementor-element-35ed65c elementor-widget elementor-widget-heading\" data-id=\"35ed65c\" data-element_type=\"widget\" data-e-type=\"widget\" data-widget_type=\"heading.default\">\n\t\t\t\t<div class=\"elementor-widget-container\">\n\t\t\t\t\t<h1 class=\"elementor-heading-title elementor-size-default\">Ger\u00e4te f\u00fcr eine h\u00f6here Kundenfrequenz<\/h1>\t\t\t\t<\/div>\n\t\t\t\t<\/div>\n\t\t\t\t<div class=\"elementor-element elementor-element-0e03c23 elementor-widget elementor-widget-text-editor\" data-id=\"0e03c23\" data-element_type=\"widget\" data-e-type=\"widget\" data-widget_type=\"text-editor.default\">\n\t\t\t\t<div class=\"elementor-widget-container\">\n\t\t\t\t\t\t\t\t\tSteigern Sie die Effizienz Ihres Gesch\u00e4fts mit unserer neuesten Technologie.\t\t\t\t\t\t\t\t<\/div>\n\t\t\t\t<\/div>\n\t\t\t\t\t<\/div>\n\t\t<\/div>\n\t\t\t\t<div class=\"elementor-column elementor-col-50 elementor-top-column elementor-element elementor-element-aa78ec5\" data-id=\"aa78ec5\" data-element_type=\"column\" data-e-type=\"column\">\n\t\t\t<div class=\"elementor-widget-wrap elementor-element-populated\">\n\t\t\t\t\t\t<div class=\"elementor-element elementor-element-27e0bcd elementor-widget elementor-widget-image\" data-id=\"27e0bcd\" data-element_type=\"widget\" data-e-type=\"widget\" data-widget_type=\"image.default\">\n\t\t\t\t<div class=\"elementor-widget-container\">\n\t\t\t\t\t\t\t\t\t\t\t\t\t\t\t<img fetchpriority=\"high\" decoding=\"async\" width=\"800\" height=\"525\" src=\"https:\/\/www.visionix.com\/wp-content\/uploads\/2022\/05\/gravitech-1024x672.png\" class=\"attachment-large size-large wp-image-27738\" alt=\"gravitech\" srcset=\"https:\/\/www.visionix.com\/wp-content\/uploads\/2022\/05\/gravitech-1024x672.png 1024w, https:\/\/www.visionix.com\/wp-content\/uploads\/2022\/05\/gravitech-300x197.png 300w, https:\/\/www.visionix.com\/wp-content\/uploads\/2022\/05\/gravitech-768x504.png 768w, https:\/\/www.visionix.com\/wp-content\/uploads\/2022\/05\/gravitech-600x394.png 600w, https:\/\/www.visionix.com\/wp-content\/uploads\/2022\/05\/gravitech.png 1264w\" sizes=\"(max-width: 800px) 100vw, 800px\" \/>\t\t\t\t\t\t\t\t\t\t\t\t\t\t\t<\/div>\n\t\t\t\t<\/div>\n\t\t\t\t\t<\/div>\n\t\t<\/div>\n\t\t\t\t\t<\/div>\n\t\t<\/section>\n\t\t\t\t<section class=\"elementor-section elementor-top-section elementor-element elementor-element-a8d4f01 elementor-section-boxed elementor-section-height-default elementor-section-height-default\" data-id=\"a8d4f01\" data-element_type=\"section\" data-e-type=\"section\">\n\t\t\t\t\t\t<div class=\"elementor-container elementor-column-gap-default\">\n\t\t\t\t\t<div class=\"elementor-column elementor-col-50 elementor-top-column elementor-element elementor-element-3a62a30\" data-id=\"3a62a30\" data-element_type=\"column\" data-e-type=\"column\">\n\t\t\t<div class=\"elementor-widget-wrap elementor-element-populated\">\n\t\t\t\t\t\t<div class=\"elementor-element elementor-element-7aad652 elementor-widget elementor-widget-image\" data-id=\"7aad652\" data-element_type=\"widget\" data-e-type=\"widget\" data-widget_type=\"image.default\">\n\t\t\t\t<div class=\"elementor-widget-container\">\n\t\t\t\t\t\t\t\t\t\t\t\t\t\t\t<img decoding=\"async\" width=\"800\" height=\"543\" src=\"https:\/\/www.visionix.com\/wp-content\/uploads\/2022\/03\/Couture-1024x695.jpg\" class=\"attachment-large size-large wp-image-2641\" alt=\"\" srcset=\"https:\/\/www.visionix.com\/wp-content\/uploads\/2022\/03\/Couture-1024x695.jpg 1024w, https:\/\/www.visionix.com\/wp-content\/uploads\/2022\/03\/Couture-300x204.jpg 300w, https:\/\/www.visionix.com\/wp-content\/uploads\/2022\/03\/Couture-768x521.jpg 768w, https:\/\/www.visionix.com\/wp-content\/uploads\/2022\/03\/Couture-600x407.jpg 600w, https:\/\/www.visionix.com\/wp-content\/uploads\/2022\/03\/Couture.jpg 1101w\" sizes=\"(max-width: 800px) 100vw, 800px\" \/>\t\t\t\t\t\t\t\t\t\t\t\t\t\t\t<\/div>\n\t\t\t\t<\/div>\n\t\t\t\t\t<\/div>\n\t\t<\/div>\n\t\t\t\t<div class=\"elementor-column elementor-col-50 elementor-top-column elementor-element elementor-element-b327162\" data-id=\"b327162\" data-element_type=\"column\" data-e-type=\"column\">\n\t\t\t<div class=\"elementor-widget-wrap elementor-element-populated\">\n\t\t\t\t\t\t<div class=\"elementor-element elementor-element-d0d5713 elementor-widget elementor-widget-text-editor\" data-id=\"d0d5713\" data-element_type=\"widget\" data-e-type=\"widget\" data-widget_type=\"text-editor.default\">\n\t\t\t\t<div class=\"elementor-widget-container\">\n\t\t\t\t\t\t\t\t\tUns ist klar, dass Rentabilit\u00e4t f\u00fcr kleine oder mittlere Unternehmen eine hohe Priorit\u00e4t genie\u00dft. Deshalb wurden unsere multifunktionalen Systeme wie Eye Refract und Briot Couture so konzipiert, dass sie sich langfristig von alleine tragen und die Leistungsf\u00e4higkeit des Gesch\u00e4fts erh\u00f6hen. \t\t\t\t\t\t\t\t<\/div>\n\t\t\t\t<\/div>\n\t\t\t\t<div class=\"elementor-element elementor-element-2856435 elementor-widget elementor-widget-button\" data-id=\"2856435\" data-element_type=\"widget\" data-e-type=\"widget\" data-widget_type=\"button.default\">\n\t\t\t\t<div class=\"elementor-widget-container\">\n\t\t\t\t\t\t\t\t\t<div class=\"elementor-button-wrapper\">\n\t\t\t\t\t<a class=\"elementor-button elementor-button-link elementor-size-sm\" href=\"https:\/\/www.visionix.com\/de\/category\/lp-new-products-de\/\">\n\t\t\t\t\t\t<span class=\"elementor-button-content-wrapper\">\n\t\t\t\t\t\t\t\t\t<span class=\"elementor-button-text\">Mehr Informationen<\/span>\n\t\t\t\t\t<\/span>\n\t\t\t\t\t<\/a>\n\t\t\t\t<\/div>\n\t\t\t\t\t\t\t\t<\/div>\n\t\t\t\t<\/div>\n\t\t\t\t\t<\/div>\n\t\t<\/div>\n\t\t\t\t\t<\/div>\n\t\t<\/section>\n\t\t\t\t<section class=\"elementor-section elementor-top-section elementor-element elementor-element-74b571f elementor-section-boxed elementor-section-height-default elementor-section-height-default\" data-id=\"74b571f\" data-element_type=\"section\" data-e-type=\"section\">\n\t\t\t\t\t\t<div class=\"elementor-container elementor-column-gap-default\">\n\t\t\t\t\t<div class=\"elementor-column elementor-col-50 elementor-top-column elementor-element elementor-element-3f5070a\" data-id=\"3f5070a\" data-element_type=\"column\" data-e-type=\"column\">\n\t\t\t<div class=\"elementor-widget-wrap elementor-element-populated\">\n\t\t\t\t\t\t<div class=\"elementor-element elementor-element-cc73d16 elementor-widget elementor-widget-text-editor\" data-id=\"cc73d16\" data-element_type=\"widget\" data-e-type=\"widget\" data-widget_type=\"text-editor.default\">\n\t\t\t\t<div class=\"elementor-widget-container\">\n\t\t\t\t\t\t\t\t\tWenn Sie ein System bei uns kaufen, werden Sie umgehend Mitglied unserer Online-Akademie, die Ihnen und Ihrem Personal Schulungen in Form von Videos, Praxisberichten und Webinaren bietet. Nat\u00fcrlich bieten wir Ihnen auch die M\u00f6glichkeit, durch einen unserer klinischen Anwendungsspezialisten bei Ihnen vor Ort Pr\u00e4senz-Schulungen durchzuf\u00fchren.\t\t\t\t\t\t\t\t<\/div>\n\t\t\t\t<\/div>\n\t\t\t\t<div class=\"elementor-element elementor-element-635c043 elementor-widget elementor-widget-button\" data-id=\"635c043\" data-element_type=\"widget\" data-e-type=\"widget\" data-widget_type=\"button.default\">\n\t\t\t\t<div class=\"elementor-widget-container\">\n\t\t\t\t\t\t\t\t\t<div class=\"elementor-button-wrapper\">\n\t\t\t\t\t<a class=\"elementor-button elementor-button-link elementor-size-sm\" href=\"https:\/\/academy.visionix.com\/de\/\" target=\"_blank\" rel=\"noopener\">\n\t\t\t\t\t\t<span class=\"elementor-button-content-wrapper\">\n\t\t\t\t\t\t\t\t\t<span class=\"elementor-button-text\">Besuchen Sie die Visionix-Akademie<\/span>\n\t\t\t\t\t<\/span>\n\t\t\t\t\t<\/a>\n\t\t\t\t<\/div>\n\t\t\t\t\t\t\t\t<\/div>\n\t\t\t\t<\/div>\n\t\t\t\t\t<\/div>\n\t\t<\/div>\n\t\t\t\t<div class=\"elementor-column elementor-col-50 elementor-top-column elementor-element elementor-element-a340561\" data-id=\"a340561\" data-element_type=\"column\" data-e-type=\"column\">\n\t\t\t<div class=\"elementor-widget-wrap elementor-element-populated\">\n\t\t\t\t\t\t<div class=\"elementor-element elementor-element-605f6d0 elementor-widget elementor-widget-image\" data-id=\"605f6d0\" data-element_type=\"widget\" data-e-type=\"widget\" data-widget_type=\"image.default\">\n\t\t\t\t<div class=\"elementor-widget-container\">\n\t\t\t\t\t\t\t\t\t\t\t\t\t\t\t<img decoding=\"async\" width=\"800\" height=\"361\" src=\"https:\/\/www.visionix.com\/wp-content\/uploads\/2022\/05\/Visionix-Academy-1024x462.png\" class=\"attachment-large size-large wp-image-27939\" alt=\"Visionix Academy\" srcset=\"https:\/\/www.visionix.com\/wp-content\/uploads\/2022\/05\/Visionix-Academy-1024x462.png 1024w, https:\/\/www.visionix.com\/wp-content\/uploads\/2022\/05\/Visionix-Academy-300x135.png 300w, https:\/\/www.visionix.com\/wp-content\/uploads\/2022\/05\/Visionix-Academy-768x347.png 768w, https:\/\/www.visionix.com\/wp-content\/uploads\/2022\/05\/Visionix-Academy-600x271.png 600w, https:\/\/www.visionix.com\/wp-content\/uploads\/2022\/05\/Visionix-Academy.png 1106w\" sizes=\"(max-width: 800px) 100vw, 800px\" \/>\t\t\t\t\t\t\t\t\t\t\t\t\t\t\t<\/div>\n\t\t\t\t<\/div>\n\t\t\t\t\t<\/div>\n\t\t<\/div>\n\t\t\t\t\t<\/div>\n\t\t<\/section>\n\t\t\t\t<section class=\"elementor-section elementor-top-section elementor-element elementor-element-690034c elementor-section-boxed elementor-section-height-default elementor-section-height-default\" data-id=\"690034c\" data-element_type=\"section\" data-e-type=\"section\">\n\t\t\t\t\t\t<div class=\"elementor-container elementor-column-gap-default\">\n\t\t\t\t\t<div class=\"elementor-column elementor-col-50 elementor-top-column elementor-element elementor-element-e8079af\" data-id=\"e8079af\" data-element_type=\"column\" data-e-type=\"column\">\n\t\t\t<div class=\"elementor-widget-wrap elementor-element-populated\">\n\t\t\t\t\t\t<div class=\"elementor-element elementor-element-e7b467f elementor-widget elementor-widget-image\" data-id=\"e7b467f\" data-element_type=\"widget\" data-e-type=\"widget\" data-widget_type=\"image.default\">\n\t\t\t\t<div class=\"elementor-widget-container\">\n\t\t\t\t\t\t\t\t\t\t\t\t\t\t\t<img loading=\"lazy\" decoding=\"async\" width=\"800\" height=\"495\" src=\"https:\/\/www.visionix.com\/wp-content\/uploads\/2022\/03\/wellness-report.jpg\" class=\"attachment-large size-large wp-image-2275\" alt=\"\" srcset=\"https:\/\/www.visionix.com\/wp-content\/uploads\/2022\/03\/wellness-report.jpg 800w, https:\/\/www.visionix.com\/wp-content\/uploads\/2022\/03\/wellness-report-300x186.jpg 300w, https:\/\/www.visionix.com\/wp-content\/uploads\/2022\/03\/wellness-report-768x475.jpg 768w, https:\/\/www.visionix.com\/wp-content\/uploads\/2022\/03\/wellness-report-600x371.jpg 600w\" sizes=\"(max-width: 800px) 100vw, 800px\" \/>\t\t\t\t\t\t\t\t\t\t\t\t\t\t\t<\/div>\n\t\t\t\t<\/div>\n\t\t\t\t\t<\/div>\n\t\t<\/div>\n\t\t\t\t<div class=\"elementor-column elementor-col-50 elementor-top-column elementor-element elementor-element-7f534ef\" data-id=\"7f534ef\" data-element_type=\"column\" data-e-type=\"column\">\n\t\t\t<div class=\"elementor-widget-wrap elementor-element-populated\">\n\t\t\t\t\t\t<div class=\"elementor-element elementor-element-99153f9 elementor-widget elementor-widget-text-editor\" data-id=\"99153f9\" data-element_type=\"widget\" data-e-type=\"widget\" data-widget_type=\"text-editor.default\">\n\t\t\t\t<div class=\"elementor-widget-container\">\n\t\t\t\t\t\t\t\t\tSie k\u00f6nnen mehr Augenpr\u00fcfungen managen und mehr Umsatz erwirtschaften, wenn Sie jedem Kunden und Patienten, der eine umfassende Augenpr\u00fcfung w\u00fcnscht, das \u201eVorsorge\u201c- oder \u201eWellness\u201c-Paket anbieten. Auf diese Weise erh\u00e4lt der Kunde oder Patient sowohl eine optometrische als auch eine Wellness-Behandlung.\t\t\t\t\t\t\t\t<\/div>\n\t\t\t\t<\/div>\n\t\t\t\t<div class=\"elementor-element elementor-element-a26c009 elementor-widget elementor-widget-button\" data-id=\"a26c009\" data-element_type=\"widget\" data-e-type=\"widget\" data-widget_type=\"button.default\">\n\t\t\t\t<div class=\"elementor-widget-container\">\n\t\t\t\t\t\t\t\t\t<div class=\"elementor-button-wrapper\">\n\t\t\t\t\t<a class=\"elementor-button elementor-button-link elementor-size-sm\" href=\"https:\/\/www.visionix.com\/de\/contact\/\">\n\t\t\t\t\t\t<span class=\"elementor-button-content-wrapper\">\n\t\t\t\t\t\t\t\t\t<span class=\"elementor-button-text\">Sprechen Sie mit einem Experten<\/span>\n\t\t\t\t\t<\/span>\n\t\t\t\t\t<\/a>\n\t\t\t\t<\/div>\n\t\t\t\t\t\t\t\t<\/div>\n\t\t\t\t<\/div>\n\t\t\t\t\t<\/div>\n\t\t<\/div>\n\t\t\t\t\t<\/div>\n\t\t<\/section>\n\t\t\t\t<section class=\"elementor-section elementor-top-section elementor-element elementor-element-980af35 elementor-section-boxed elementor-section-height-default elementor-section-height-default\" data-id=\"980af35\" data-element_type=\"section\" data-e-type=\"section\">\n\t\t\t\t\t\t<div class=\"elementor-container elementor-column-gap-default\">\n\t\t\t\t\t<div class=\"elementor-column elementor-col-50 elementor-top-column elementor-element elementor-element-141c1c5\" data-id=\"141c1c5\" data-element_type=\"column\" data-e-type=\"column\">\n\t\t\t<div class=\"elementor-widget-wrap elementor-element-populated\">\n\t\t\t\t\t\t<div class=\"elementor-element elementor-element-d54ccab elementor-widget elementor-widget-text-editor\" data-id=\"d54ccab\" data-element_type=\"widget\" data-e-type=\"widget\" data-widget_type=\"text-editor.default\">\n\t\t\t\t<div class=\"elementor-widget-container\">\n\t\t\t\t\t\t\t\t\tUnsere Systeme sind einfach zu bedienen, erschwinglich und kompakt. Wenn Sie optometrisches Screening anbieten und sich vom Markt abheben m\u00f6chten, haben wir vom Vortest-Bereich bis hin zum multimodalen Komplettsystem die passende Ausstattung f\u00fcr Sie.\t\t\t\t\t\t\t\t<\/div>\n\t\t\t\t<\/div>\n\t\t\t\t<div class=\"elementor-element elementor-element-2b7ad92 elementor-widget elementor-widget-button\" data-id=\"2b7ad92\" data-element_type=\"widget\" data-e-type=\"widget\" data-widget_type=\"button.default\">\n\t\t\t\t<div class=\"elementor-widget-container\">\n\t\t\t\t\t\t\t\t\t<div class=\"elementor-button-wrapper\">\n\t\t\t\t\t<a class=\"elementor-button elementor-button-link elementor-size-sm\" href=\"https:\/\/www.visionix.com\/de\/contact\/\">\n\t\t\t\t\t\t<span class=\"elementor-button-content-wrapper\">\n\t\t\t\t\t\t\t\t\t<span class=\"elementor-button-text\">Sprechen Sie mit einem Experten<\/span>\n\t\t\t\t\t<\/span>\n\t\t\t\t\t<\/a>\n\t\t\t\t<\/div>\n\t\t\t\t\t\t\t\t<\/div>\n\t\t\t\t<\/div>\n\t\t\t\t\t<\/div>\n\t\t<\/div>\n\t\t\t\t<div class=\"elementor-column elementor-col-50 elementor-top-column elementor-element elementor-element-42fa6d7\" data-id=\"42fa6d7\" data-element_type=\"column\" data-e-type=\"column\">\n\t\t\t<div class=\"elementor-widget-wrap elementor-element-populated\">\n\t\t\t\t\t\t<div class=\"elementor-element elementor-element-c54f3b1 elementor-widget elementor-widget-image\" data-id=\"c54f3b1\" data-element_type=\"widget\" data-e-type=\"widget\" data-widget_type=\"image.default\">\n\t\t\t\t<div class=\"elementor-widget-container\">\n\t\t\t\t\t\t\t\t\t\t\t\t\t\t\t<img loading=\"lazy\" decoding=\"async\" width=\"800\" height=\"534\" src=\"https:\/\/www.visionix.com\/wp-content\/uploads\/2022\/05\/pretest-exam-1024x683.png\" class=\"attachment-large size-large wp-image-27778\" alt=\"\" srcset=\"https:\/\/www.visionix.com\/wp-content\/uploads\/2022\/05\/pretest-exam-1024x683.png 1024w, https:\/\/www.visionix.com\/wp-content\/uploads\/2022\/05\/pretest-exam-300x200.png 300w, https:\/\/www.visionix.com\/wp-content\/uploads\/2022\/05\/pretest-exam-768x512.png 768w, https:\/\/www.visionix.com\/wp-content\/uploads\/2022\/05\/pretest-exam-600x400.png 600w, https:\/\/www.visionix.com\/wp-content\/uploads\/2022\/05\/pretest-exam.png 1260w\" sizes=\"(max-width: 800px) 100vw, 800px\" \/>\t\t\t\t\t\t\t\t\t\t\t\t\t\t\t<\/div>\n\t\t\t\t<\/div>\n\t\t\t\t\t<\/div>\n\t\t<\/div>\n\t\t\t\t\t<\/div>\n\t\t<\/section>\n\t\t\t\t<section class=\"elementor-section elementor-top-section elementor-element elementor-element-90ca409 elementor-section-boxed elementor-section-height-default elementor-section-height-default\" data-id=\"90ca409\" data-element_type=\"section\" data-e-type=\"section\">\n\t\t\t\t\t\t<div class=\"elementor-container elementor-column-gap-default\">\n\t\t\t\t\t<div class=\"elementor-column elementor-col-50 elementor-top-column elementor-element elementor-element-bdaab57\" data-id=\"bdaab57\" data-element_type=\"column\" data-e-type=\"column\">\n\t\t\t<div class=\"elementor-widget-wrap elementor-element-populated\">\n\t\t\t\t\t\t<div class=\"elementor-element elementor-element-59791b0 elementor-widget elementor-widget-image\" data-id=\"59791b0\" data-element_type=\"widget\" data-e-type=\"widget\" data-widget_type=\"image.default\">\n\t\t\t\t<div class=\"elementor-widget-container\">\n\t\t\t\t\t\t\t\t\t\t\t\t\t\t\t<img loading=\"lazy\" decoding=\"async\" width=\"800\" height=\"800\" src=\"https:\/\/www.visionix.com\/wp-content\/uploads\/2022\/03\/Eyes-refract.png\" class=\"attachment-large size-large wp-image-9604\" alt=\"EyeRefract-Visionix-binocular refraction\" srcset=\"https:\/\/www.visionix.com\/wp-content\/uploads\/2022\/03\/Eyes-refract.png 900w, https:\/\/www.visionix.com\/wp-content\/uploads\/2022\/03\/Eyes-refract-300x300.png 300w, https:\/\/www.visionix.com\/wp-content\/uploads\/2022\/03\/Eyes-refract-150x150.png 150w, https:\/\/www.visionix.com\/wp-content\/uploads\/2022\/03\/Eyes-refract-768x768.png 768w, https:\/\/www.visionix.com\/wp-content\/uploads\/2022\/03\/Eyes-refract-32x32.png 32w, https:\/\/www.visionix.com\/wp-content\/uploads\/2022\/03\/Eyes-refract-600x600.png 600w, https:\/\/www.visionix.com\/wp-content\/uploads\/2022\/03\/Eyes-refract-100x100.png 100w\" sizes=\"(max-width: 800px) 100vw, 800px\" \/>\t\t\t\t\t\t\t\t\t\t\t\t\t\t\t<\/div>\n\t\t\t\t<\/div>\n\t\t\t\t\t<\/div>\n\t\t<\/div>\n\t\t\t\t<div class=\"elementor-column elementor-col-50 elementor-top-column elementor-element elementor-element-647b7a2\" data-id=\"647b7a2\" data-element_type=\"column\" data-e-type=\"column\">\n\t\t\t<div class=\"elementor-widget-wrap elementor-element-populated\">\n\t\t\t\t\t\t<div class=\"elementor-element elementor-element-8927175 elementor-widget elementor-widget-text-editor\" data-id=\"8927175\" data-element_type=\"widget\" data-e-type=\"widget\" data-widget_type=\"text-editor.default\">\n\t\t\t\t<div class=\"elementor-widget-container\">\n\t\t\t\t\t\t\t\t\tPatienten und auch Kliniken sind beeindruckt von der Effizienz und Pr\u00e4zision unseres innovativen Eye Refract, mit dem Sie nur halb so viel Zeit wie mit einem herk\u00f6mmlichen Phoropter brauchen und sich somit das Pr\u00fcfverfahren f\u00fcr Kunden und Patienten erheblich beschleunigt.\t\t\t\t\t\t\t\t<\/div>\n\t\t\t\t<\/div>\n\t\t\t\t<div class=\"elementor-element elementor-element-59c6337 elementor-widget elementor-widget-button\" data-id=\"59c6337\" data-element_type=\"widget\" data-e-type=\"widget\" data-widget_type=\"button.default\">\n\t\t\t\t<div class=\"elementor-widget-container\">\n\t\t\t\t\t\t\t\t\t<div class=\"elementor-button-wrapper\">\n\t\t\t\t\t<a class=\"elementor-button elementor-button-link elementor-size-sm\" href=\"https:\/\/www.visionix.com\/de\/contact\/\">\n\t\t\t\t\t\t<span class=\"elementor-button-content-wrapper\">\n\t\t\t\t\t\t\t\t\t<span class=\"elementor-button-text\">Sprechen Sie mit einem Experten<\/span>\n\t\t\t\t\t<\/span>\n\t\t\t\t\t<\/a>\n\t\t\t\t<\/div>\n\t\t\t\t\t\t\t\t<\/div>\n\t\t\t\t<\/div>\n\t\t\t\t\t<\/div>\n\t\t<\/div>\n\t\t\t\t\t<\/div>\n\t\t<\/section>\n\t\t\t\t<\/div>\n\t\t","protected":false},"excerpt":{"rendered":"<p>Unabh\u00e4ngige Augenoptiker Ger\u00e4te f\u00fcr eine h\u00f6here Kundenfrequenz Steigern Sie die Effizienz Ihres Gesch\u00e4fts mit unserer neuesten Technologie. Uns ist klar, dass Rentabilit\u00e4t f\u00fcr kleine oder mittlere Unternehmen eine hohe Priorit\u00e4t genie\u00dft. Deshalb wurden unsere multifunktionalen Systeme wie Eye Refract und Briot Couture so konzipiert, dass sie sich langfristig von alleine tragen und die Leistungsf\u00e4higkeit des [&hellip;]<\/p>\n","protected":false},"author":1,"featured_media":0,"parent":28653,"menu_order":0,"comment_status":"closed","ping_status":"closed","template":"","meta":{"_acf_changed":false,"content-type":"","footnotes":""},"class_list":["post-28640","page","type-page","status-publish","hentry"],"acf":[],"_links":{"self":[{"href":"https:\/\/www.visionix.com\/de\/wp-json\/wp\/v2\/pages\/28640","targetHints":{"allow":["GET"]}}],"collection":[{"href":"https:\/\/www.visionix.com\/de\/wp-json\/wp\/v2\/pages"}],"about":[{"href":"https:\/\/www.visionix.com\/de\/wp-json\/wp\/v2\/types\/page"}],"author":[{"embeddable":true,"href":"https:\/\/www.visionix.com\/de\/wp-json\/wp\/v2\/users\/1"}],"replies":[{"embeddable":true,"href":"https:\/\/www.visionix.com\/de\/wp-json\/wp\/v2\/comments?post=28640"}],"version-history":[{"count":13,"href":"https:\/\/www.visionix.com\/de\/wp-json\/wp\/v2\/pages\/28640\/revisions"}],"predecessor-version":[{"id":32171,"href":"https:\/\/www.visionix.com\/de\/wp-json\/wp\/v2\/pages\/28640\/revisions\/32171"}],"up":[{"embeddable":true,"href":"https:\/\/www.visionix.com\/de\/wp-json\/wp\/v2\/pages\/28653"}],"wp:attachment":[{"href":"https:\/\/www.visionix.com\/de\/wp-json\/wp\/v2\/media?parent=28640"}],"curies":[{"name":"wp","href":"https:\/\/api.w.org\/{rel}","templated":true}]}}