{"id":28630,"date":"2022-02-08T11:14:00","date_gmt":"2022-02-08T10:14:00","guid":{"rendered":"https:\/\/www.visionix.com\/optical-retail\/retail-optometrist\/"},"modified":"2025-08-27T16:12:01","modified_gmt":"2025-08-27T14:12:01","slug":"optometrische-dienstleistungen","status":"publish","type":"page","link":"https:\/\/www.visionix.com\/de\/augenoptik-fachgeschaefte\/optometrische-dienstleistungen\/","title":{"rendered":"Optometrische dienstleistungen\u200b"},"content":{"rendered":"\t\t<div data-elementor-type=\"wp-page\" data-elementor-id=\"28630\" class=\"elementor elementor-28630 elementor-82\" data-elementor-post-type=\"page\">\n\t\t\t\t\t\t<section class=\"elementor-section elementor-top-section elementor-element elementor-element-168bfd5 elementor-section-boxed elementor-section-height-default elementor-section-height-default\" data-id=\"168bfd5\" data-element_type=\"section\" data-e-type=\"section\">\n\t\t\t\t\t\t<div class=\"elementor-container elementor-column-gap-default\">\n\t\t\t\t\t<div class=\"elementor-column elementor-col-50 elementor-top-column elementor-element elementor-element-0ec23a2\" data-id=\"0ec23a2\" data-element_type=\"column\" data-e-type=\"column\">\n\t\t\t<div class=\"elementor-widget-wrap elementor-element-populated\">\n\t\t\t\t\t\t<div class=\"elementor-element elementor-element-2baa72a elementor-widget elementor-widget-heading\" data-id=\"2baa72a\" data-element_type=\"widget\" data-e-type=\"widget\" data-widget_type=\"heading.default\">\n\t\t\t\t<div class=\"elementor-widget-container\">\n\t\t\t\t\t<h3 class=\"elementor-heading-title elementor-size-default\">Optometrische Dienstleistungen<\/h3>\t\t\t\t<\/div>\n\t\t\t\t<\/div>\n\t\t\t\t<div class=\"elementor-element elementor-element-76ee8af elementor-widget elementor-widget-heading\" data-id=\"76ee8af\" data-element_type=\"widget\" data-e-type=\"widget\" data-widget_type=\"heading.default\">\n\t\t\t\t<div class=\"elementor-widget-container\">\n\t\t\t\t\t<h1 class=\"elementor-heading-title elementor-size-default\">Technologien, mit denen Sie sich mit Ihrem Betrieb vom Markt abgrenzen<\/h1>\t\t\t\t<\/div>\n\t\t\t\t<\/div>\n\t\t\t\t<div class=\"elementor-element elementor-element-541da0c elementor-widget elementor-widget-text-editor\" data-id=\"541da0c\" data-element_type=\"widget\" data-e-type=\"widget\" data-widget_type=\"text-editor.default\">\n\t\t\t\t<div class=\"elementor-widget-container\">\n\t\t\t\t\t\t\t\t\tMithilfe von innovativen Screeninginstrumenten und -ger\u00e4ten, k\u00f6nnen Augenoptiker ihren Kunden umfassende optometrische Dienstleistungen f\u00fcr deren Augengesundheitsvorsorge anbieten\t\t\t\t\t\t\t\t<\/div>\n\t\t\t\t<\/div>\n\t\t\t\t\t<\/div>\n\t\t<\/div>\n\t\t\t\t<div class=\"elementor-column elementor-col-50 elementor-top-column elementor-element elementor-element-e13e4f7\" data-id=\"e13e4f7\" data-element_type=\"column\" data-e-type=\"column\">\n\t\t\t<div class=\"elementor-widget-wrap elementor-element-populated\">\n\t\t\t\t\t\t<div class=\"elementor-element elementor-element-9d23e0a elementor-widget elementor-widget-image\" data-id=\"9d23e0a\" data-element_type=\"widget\" data-e-type=\"widget\" data-widget_type=\"image.default\">\n\t\t\t\t<div class=\"elementor-widget-container\">\n\t\t\t\t\t\t\t\t\t\t\t\t\t\t\t<img fetchpriority=\"high\" decoding=\"async\" width=\"800\" height=\"538\" src=\"https:\/\/www.visionix.com\/wp-content\/uploads\/2022\/05\/connectivity-1024x688.png\" class=\"attachment-large size-large wp-image-27789\" alt=\"\" srcset=\"https:\/\/www.visionix.com\/wp-content\/uploads\/2022\/05\/connectivity-1024x688.png 1024w, https:\/\/www.visionix.com\/wp-content\/uploads\/2022\/05\/connectivity-300x202.png 300w, https:\/\/www.visionix.com\/wp-content\/uploads\/2022\/05\/connectivity-768x516.png 768w, https:\/\/www.visionix.com\/wp-content\/uploads\/2022\/05\/connectivity-600x403.png 600w, https:\/\/www.visionix.com\/wp-content\/uploads\/2022\/05\/connectivity.png 1236w\" sizes=\"(max-width: 800px) 100vw, 800px\" \/>\t\t\t\t\t\t\t\t\t\t\t\t\t\t\t<\/div>\n\t\t\t\t<\/div>\n\t\t\t\t\t<\/div>\n\t\t<\/div>\n\t\t\t\t\t<\/div>\n\t\t<\/section>\n\t\t\t\t<section class=\"elementor-section elementor-top-section elementor-element elementor-element-0253282 elementor-section-boxed elementor-section-height-default elementor-section-height-default\" data-id=\"0253282\" data-element_type=\"section\" data-e-type=\"section\">\n\t\t\t\t\t\t<div class=\"elementor-container elementor-column-gap-default\">\n\t\t\t\t\t<div class=\"elementor-column elementor-col-50 elementor-top-column elementor-element elementor-element-f9ca234\" data-id=\"f9ca234\" data-element_type=\"column\" data-e-type=\"column\">\n\t\t\t<div class=\"elementor-widget-wrap elementor-element-populated\">\n\t\t\t\t\t\t<div class=\"elementor-element elementor-element-dd4a0b0 elementor-widget elementor-widget-image\" data-id=\"dd4a0b0\" data-element_type=\"widget\" data-e-type=\"widget\" data-widget_type=\"image.default\">\n\t\t\t\t<div class=\"elementor-widget-container\">\n\t\t\t\t\t\t\t\t\t\t\t\t\t\t\t<img decoding=\"async\" width=\"800\" height=\"560\" src=\"https:\/\/www.visionix.com\/wp-content\/uploads\/2022\/05\/DSC7414-2.jpg\" class=\"attachment-large size-large wp-image-27814\" alt=\"exam with patient vx120\" srcset=\"https:\/\/www.visionix.com\/wp-content\/uploads\/2022\/05\/DSC7414-2.jpg 1000w, https:\/\/www.visionix.com\/wp-content\/uploads\/2022\/05\/DSC7414-2-300x210.jpg 300w, https:\/\/www.visionix.com\/wp-content\/uploads\/2022\/05\/DSC7414-2-768x538.jpg 768w, https:\/\/www.visionix.com\/wp-content\/uploads\/2022\/05\/DSC7414-2-600x420.jpg 600w\" sizes=\"(max-width: 800px) 100vw, 800px\" \/>\t\t\t\t\t\t\t\t\t\t\t\t\t\t\t<\/div>\n\t\t\t\t<\/div>\n\t\t\t\t\t<\/div>\n\t\t<\/div>\n\t\t\t\t<div class=\"elementor-column elementor-col-50 elementor-top-column elementor-element elementor-element-7c9fd55\" data-id=\"7c9fd55\" data-element_type=\"column\" data-e-type=\"column\">\n\t\t\t<div class=\"elementor-widget-wrap elementor-element-populated\">\n\t\t\t\t\t\t<div class=\"elementor-element elementor-element-1cd709c elementor-widget elementor-widget-text-editor\" data-id=\"1cd709c\" data-element_type=\"widget\" data-e-type=\"widget\" data-widget_type=\"text-editor.default\">\n\t\t\t\t<div class=\"elementor-widget-container\">\n\t\t\t\t\t\t\t\t\tDurch die Kombination neuer Technologien inklusive des Angebotes von optometrischen Dienstleistungen, einer modernen augenoptischen Ausstattung und einer umfassenden Kundenbetreuung im Rahmen der Augengesundheitsvorsorge k\u00f6nnen Sie Ihr Image und Ihre Position am Markt verbessern und sich Differenzierungsmerkmale verschaffen.\t\t\t\t\t\t\t\t<\/div>\n\t\t\t\t<\/div>\n\t\t\t\t<div class=\"elementor-element elementor-element-b798f1f elementor-widget elementor-widget-button\" data-id=\"b798f1f\" data-element_type=\"widget\" data-e-type=\"widget\" data-widget_type=\"button.default\">\n\t\t\t\t<div class=\"elementor-widget-container\">\n\t\t\t\t\t\t\t\t\t<div class=\"elementor-button-wrapper\">\n\t\t\t\t\t<a class=\"elementor-button elementor-button-link elementor-size-sm\" href=\"https:\/\/www.visionix.com\/de\/contact\/\">\n\t\t\t\t\t\t<span class=\"elementor-button-content-wrapper\">\n\t\t\t\t\t\t\t\t\t<span class=\"elementor-button-text\">Sprechen Sie mit einem Experten<\/span>\n\t\t\t\t\t<\/span>\n\t\t\t\t\t<\/a>\n\t\t\t\t<\/div>\n\t\t\t\t\t\t\t\t<\/div>\n\t\t\t\t<\/div>\n\t\t\t\t\t<\/div>\n\t\t<\/div>\n\t\t\t\t\t<\/div>\n\t\t<\/section>\n\t\t\t\t<section class=\"elementor-section elementor-top-section elementor-element elementor-element-0197a2b elementor-section-boxed elementor-section-height-default elementor-section-height-default\" data-id=\"0197a2b\" data-element_type=\"section\" data-e-type=\"section\">\n\t\t\t\t\t\t<div class=\"elementor-container elementor-column-gap-default\">\n\t\t\t\t\t<div class=\"elementor-column elementor-col-50 elementor-top-column elementor-element elementor-element-1c4890f\" data-id=\"1c4890f\" data-element_type=\"column\" data-e-type=\"column\">\n\t\t\t<div class=\"elementor-widget-wrap elementor-element-populated\">\n\t\t\t\t\t\t<div class=\"elementor-element elementor-element-7c56e18 elementor-widget elementor-widget-text-editor\" data-id=\"7c56e18\" data-element_type=\"widget\" data-e-type=\"widget\" data-widget_type=\"text-editor.default\">\n\t\t\t\t<div class=\"elementor-widget-container\">\n\t\t\t\t\t\t\t\t\tDer Eye Refract von Visionix kombiniert eine vollst\u00e4ndige objektive mit der subjektiven Refraktionsbestimmung, um den Komfortbereich des Kunden in drei Dimensionen zu bestimmen: Sph\u00e4re, Zylinder und Achse. Die Kunden sind von dieser Technologie beeindruckt und erteilen positive R\u00fcckmeldungen mit dem Hinweis, dass dies die umfassendste Augenpr\u00fcfung ist, die sie jemals erhalten haben. \t\t\t\t\t\t\t\t<\/div>\n\t\t\t\t<\/div>\n\t\t\t\t<div class=\"elementor-element elementor-element-5c6ba08 elementor-widget elementor-widget-button\" data-id=\"5c6ba08\" data-element_type=\"widget\" data-e-type=\"widget\" data-widget_type=\"button.default\">\n\t\t\t\t<div class=\"elementor-widget-container\">\n\t\t\t\t\t\t\t\t\t<div class=\"elementor-button-wrapper\">\n\t\t\t\t\t<a class=\"elementor-button elementor-button-link elementor-size-sm\" href=\"https:\/\/www.visionix.com\/de\/contact\/\">\n\t\t\t\t\t\t<span class=\"elementor-button-content-wrapper\">\n\t\t\t\t\t\t\t\t\t<span class=\"elementor-button-text\">Sprechen Sie mit einem Experten<\/span>\n\t\t\t\t\t<\/span>\n\t\t\t\t\t<\/a>\n\t\t\t\t<\/div>\n\t\t\t\t\t\t\t\t<\/div>\n\t\t\t\t<\/div>\n\t\t\t\t\t<\/div>\n\t\t<\/div>\n\t\t\t\t<div class=\"elementor-column elementor-col-50 elementor-top-column elementor-element elementor-element-2a0eac1\" data-id=\"2a0eac1\" data-element_type=\"column\" data-e-type=\"column\">\n\t\t\t<div class=\"elementor-widget-wrap elementor-element-populated\">\n\t\t\t\t\t\t<div class=\"elementor-element elementor-element-7ad802d elementor-widget elementor-widget-image\" data-id=\"7ad802d\" data-element_type=\"widget\" data-e-type=\"widget\" data-widget_type=\"image.default\">\n\t\t\t\t<div class=\"elementor-widget-container\">\n\t\t\t\t\t\t\t\t\t\t\t\t\t\t\t<img decoding=\"async\" width=\"800\" height=\"531\" src=\"https:\/\/www.visionix.com\/wp-content\/uploads\/2022\/05\/full-exam-1024x680.png\" class=\"attachment-large size-large wp-image-27798\" alt=\"\" srcset=\"https:\/\/www.visionix.com\/wp-content\/uploads\/2022\/05\/full-exam-1024x680.png 1024w, https:\/\/www.visionix.com\/wp-content\/uploads\/2022\/05\/full-exam-300x199.png 300w, https:\/\/www.visionix.com\/wp-content\/uploads\/2022\/05\/full-exam-768x510.png 768w, https:\/\/www.visionix.com\/wp-content\/uploads\/2022\/05\/full-exam-600x399.png 600w, https:\/\/www.visionix.com\/wp-content\/uploads\/2022\/05\/full-exam.png 1255w\" sizes=\"(max-width: 800px) 100vw, 800px\" \/>\t\t\t\t\t\t\t\t\t\t\t\t\t\t\t<\/div>\n\t\t\t\t<\/div>\n\t\t\t\t\t<\/div>\n\t\t<\/div>\n\t\t\t\t\t<\/div>\n\t\t<\/section>\n\t\t\t\t<section class=\"elementor-section elementor-top-section elementor-element elementor-element-3c66455 elementor-section-boxed elementor-section-height-default elementor-section-height-default\" data-id=\"3c66455\" data-element_type=\"section\" data-e-type=\"section\">\n\t\t\t\t\t\t<div class=\"elementor-container elementor-column-gap-default\">\n\t\t\t\t\t<div class=\"elementor-column elementor-col-50 elementor-top-column elementor-element elementor-element-50556d9\" data-id=\"50556d9\" data-element_type=\"column\" data-e-type=\"column\">\n\t\t\t<div class=\"elementor-widget-wrap elementor-element-populated\">\n\t\t\t\t\t\t<div class=\"elementor-element elementor-element-c2f6450 elementor-widget elementor-widget-image\" data-id=\"c2f6450\" data-element_type=\"widget\" data-e-type=\"widget\" data-widget_type=\"image.default\">\n\t\t\t\t<div class=\"elementor-widget-container\">\n\t\t\t\t\t\t\t\t\t\t\t\t\t\t\t<img loading=\"lazy\" decoding=\"async\" width=\"800\" height=\"527\" src=\"https:\/\/www.visionix.com\/wp-content\/uploads\/2022\/05\/vx65-phoropter-1024x675.png\" class=\"attachment-large size-large wp-image-27822\" alt=\"vx65 phoropter\" srcset=\"https:\/\/www.visionix.com\/wp-content\/uploads\/2022\/05\/vx65-phoropter-1024x675.png 1024w, https:\/\/www.visionix.com\/wp-content\/uploads\/2022\/05\/vx65-phoropter-300x198.png 300w, https:\/\/www.visionix.com\/wp-content\/uploads\/2022\/05\/vx65-phoropter-768x507.png 768w, https:\/\/www.visionix.com\/wp-content\/uploads\/2022\/05\/vx65-phoropter-600x396.png 600w, https:\/\/www.visionix.com\/wp-content\/uploads\/2022\/05\/vx65-phoropter.png 1266w\" sizes=\"(max-width: 800px) 100vw, 800px\" \/>\t\t\t\t\t\t\t\t\t\t\t\t\t\t\t<\/div>\n\t\t\t\t<\/div>\n\t\t\t\t\t<\/div>\n\t\t<\/div>\n\t\t\t\t<div class=\"elementor-column elementor-col-50 elementor-top-column elementor-element elementor-element-1fb3e7e\" data-id=\"1fb3e7e\" data-element_type=\"column\" data-e-type=\"column\">\n\t\t\t<div class=\"elementor-widget-wrap elementor-element-populated\">\n\t\t\t\t\t\t<div class=\"elementor-element elementor-element-decc9be elementor-widget elementor-widget-text-editor\" data-id=\"decc9be\" data-element_type=\"widget\" data-e-type=\"widget\" data-widget_type=\"text-editor.default\">\n\t\t\t\t<div class=\"elementor-widget-container\">\n\t\t\t\t\t\t\t\t\tDurch Datenintegration k\u00f6nnen die Augenspezialisten bereits im Vorfeld auf die resultierende Verordnungsempfehlung und alle routinem\u00e4\u00dfigen Vortest-Daten zugreifen, bevor Sie den Kunden beraten. Hierdurch l\u00e4sst sich wertvolle Zeit einsparen, wodurch sich die Spezialisten vermehrt auf komplexere F\u00e4lle konzentrieren k\u00f6nnen \u2013 so ist zum Beispiel bei etwa 10 Prozent der Kunden der Einsatz eines manuellen Phoropters erforderlich. Wenn im augenoptischen Betrieb die besonderen Kompetenzen im Bereich Refraktionsbestimmung speziell f\u00fcr komplexere F\u00e4lle reserviert sind, macht sich das bei der Effizienz und nicht zuletzt der Kundenzufriedenheit bemerkbar.  \t\t\t\t\t\t\t\t<\/div>\n\t\t\t\t<\/div>\n\t\t\t\t<div class=\"elementor-element elementor-element-e07ae66 elementor-widget elementor-widget-button\" data-id=\"e07ae66\" data-element_type=\"widget\" data-e-type=\"widget\" data-widget_type=\"button.default\">\n\t\t\t\t<div class=\"elementor-widget-container\">\n\t\t\t\t\t\t\t\t\t<div class=\"elementor-button-wrapper\">\n\t\t\t\t\t<a class=\"elementor-button elementor-button-link elementor-size-sm\" href=\"https:\/\/www.visionix.com\/de\/contact\/\">\n\t\t\t\t\t\t<span class=\"elementor-button-content-wrapper\">\n\t\t\t\t\t\t\t\t\t<span class=\"elementor-button-text\">Sprechen Sie mit einem Experten<\/span>\n\t\t\t\t\t<\/span>\n\t\t\t\t\t<\/a>\n\t\t\t\t<\/div>\n\t\t\t\t\t\t\t\t<\/div>\n\t\t\t\t<\/div>\n\t\t\t\t\t<\/div>\n\t\t<\/div>\n\t\t\t\t\t<\/div>\n\t\t<\/section>\n\t\t\t\t<section class=\"elementor-section elementor-top-section elementor-element elementor-element-131759c elementor-section-boxed elementor-section-height-default elementor-section-height-default\" data-id=\"131759c\" data-element_type=\"section\" data-e-type=\"section\">\n\t\t\t\t\t\t<div class=\"elementor-container elementor-column-gap-default\">\n\t\t\t\t\t<div class=\"elementor-column elementor-col-50 elementor-top-column elementor-element elementor-element-9f929d2\" data-id=\"9f929d2\" data-element_type=\"column\" data-e-type=\"column\">\n\t\t\t<div class=\"elementor-widget-wrap elementor-element-populated\">\n\t\t\t\t\t\t<div class=\"elementor-element elementor-element-6d078c0 elementor-widget elementor-widget-text-editor\" data-id=\"6d078c0\" data-element_type=\"widget\" data-e-type=\"widget\" data-widget_type=\"text-editor.default\">\n\t\t\t\t<div class=\"elementor-widget-container\">\n\t\t\t\t\t\t\t\t\tDer Eye Refract gleicht die mit Wellenfront-Technologie ermittelten Messdaten mit dem subjektiven Sehempfinden des Kunden ab, um ein m\u00f6glichst gutes und komfortables Sehen zu erm\u00f6glichen. Das System liefert ferner pr\u00e4zise Parameter f\u00fcr eine reibungslose Bestellung von flexiblen Kontaktlinsen, die zu einer verbl\u00fcffenden Erfolgsquote bei der Wahl der &#8222;ersten Linse&#8220; f\u00fchren. \t\t\t\t\t\t\t\t<\/div>\n\t\t\t\t<\/div>\n\t\t\t\t<div class=\"elementor-element elementor-element-cb30d5a elementor-widget elementor-widget-button\" data-id=\"cb30d5a\" data-element_type=\"widget\" data-e-type=\"widget\" data-widget_type=\"button.default\">\n\t\t\t\t<div class=\"elementor-widget-container\">\n\t\t\t\t\t\t\t\t\t<div class=\"elementor-button-wrapper\">\n\t\t\t\t\t<a class=\"elementor-button elementor-button-link elementor-size-sm\" href=\"https:\/\/www.visionix.com\/de\/contact\/\">\n\t\t\t\t\t\t<span class=\"elementor-button-content-wrapper\">\n\t\t\t\t\t\t\t\t\t<span class=\"elementor-button-text\">Sprechen Sie mit einem Experten<\/span>\n\t\t\t\t\t<\/span>\n\t\t\t\t\t<\/a>\n\t\t\t\t<\/div>\n\t\t\t\t\t\t\t\t<\/div>\n\t\t\t\t<\/div>\n\t\t\t\t\t<\/div>\n\t\t<\/div>\n\t\t\t\t<div class=\"elementor-column elementor-col-50 elementor-top-column elementor-element elementor-element-7022a4f\" data-id=\"7022a4f\" data-element_type=\"column\" data-e-type=\"column\">\n\t\t\t<div class=\"elementor-widget-wrap elementor-element-populated\">\n\t\t\t\t\t\t<div class=\"elementor-element elementor-element-85b9a3a elementor-widget elementor-widget-image\" data-id=\"85b9a3a\" data-element_type=\"widget\" data-e-type=\"widget\" data-widget_type=\"image.default\">\n\t\t\t\t<div class=\"elementor-widget-container\">\n\t\t\t\t\t\t\t\t\t\t\t\t\t\t\t<img loading=\"lazy\" decoding=\"async\" width=\"600\" height=\"400\" src=\"https:\/\/www.visionix.com\/wp-content\/uploads\/2022\/03\/Eye-Refract.png\" class=\"attachment-large size-large wp-image-2871\" alt=\"\" srcset=\"https:\/\/www.visionix.com\/wp-content\/uploads\/2022\/03\/Eye-Refract.png 600w, https:\/\/www.visionix.com\/wp-content\/uploads\/2022\/03\/Eye-Refract-300x200.png 300w\" sizes=\"(max-width: 600px) 100vw, 600px\" \/>\t\t\t\t\t\t\t\t\t\t\t\t\t\t\t<\/div>\n\t\t\t\t<\/div>\n\t\t\t\t\t<\/div>\n\t\t<\/div>\n\t\t\t\t\t<\/div>\n\t\t<\/section>\n\t\t\t\t<section class=\"elementor-section elementor-top-section elementor-element elementor-element-2b159c3 elementor-section-boxed elementor-section-height-default elementor-section-height-default\" data-id=\"2b159c3\" data-element_type=\"section\" data-e-type=\"section\">\n\t\t\t\t\t\t<div class=\"elementor-container elementor-column-gap-default\">\n\t\t\t\t\t<div class=\"elementor-column elementor-col-50 elementor-top-column elementor-element elementor-element-cdd0ade\" data-id=\"cdd0ade\" data-element_type=\"column\" data-e-type=\"column\">\n\t\t\t<div class=\"elementor-widget-wrap elementor-element-populated\">\n\t\t\t\t\t\t<div class=\"elementor-element elementor-element-fea9e97 elementor-widget elementor-widget-image\" data-id=\"fea9e97\" data-element_type=\"widget\" data-e-type=\"widget\" data-widget_type=\"image.default\">\n\t\t\t\t<div class=\"elementor-widget-container\">\n\t\t\t\t\t\t\t\t\t\t\t\t\t\t\t<img loading=\"lazy\" decoding=\"async\" width=\"535\" height=\"375\" src=\"https:\/\/www.visionix.com\/wp-content\/uploads\/2022\/03\/caja-interconexion-vxbox2-visionix-3-535x375-1.jpg\" class=\"attachment-large size-large wp-image-8302\" alt=\"\" srcset=\"https:\/\/www.visionix.com\/wp-content\/uploads\/2022\/03\/caja-interconexion-vxbox2-visionix-3-535x375-1.jpg 535w, https:\/\/www.visionix.com\/wp-content\/uploads\/2022\/03\/caja-interconexion-vxbox2-visionix-3-535x375-1-300x210.jpg 300w\" sizes=\"(max-width: 535px) 100vw, 535px\" \/>\t\t\t\t\t\t\t\t\t\t\t\t\t\t\t<\/div>\n\t\t\t\t<\/div>\n\t\t\t\t\t<\/div>\n\t\t<\/div>\n\t\t\t\t<div class=\"elementor-column elementor-col-50 elementor-top-column elementor-element elementor-element-3a90407\" data-id=\"3a90407\" data-element_type=\"column\" data-e-type=\"column\">\n\t\t\t<div class=\"elementor-widget-wrap elementor-element-populated\">\n\t\t\t\t\t\t<div class=\"elementor-element elementor-element-0909f62 elementor-widget elementor-widget-text-editor\" data-id=\"0909f62\" data-element_type=\"widget\" data-e-type=\"widget\" data-widget_type=\"text-editor.default\">\n\t\t\t\t<div class=\"elementor-widget-container\">\n\t\t\t\t\t\t\t\t\tUnsere Systeme sind mit verschiedenen Patientenakten und Branchen-Softwarel\u00f6sungen kompatibel. Die Daten werden im XML-Format \u00fcbertragen. Auf diese Weise kann der Augenspezialist die Refraktionsergebnisse einfach abrufen und bei der Beratung mit dem Kunden standortunabh\u00e4ngig besprechen.\t\t\t\t\t\t\t\t<\/div>\n\t\t\t\t<\/div>\n\t\t\t\t<div class=\"elementor-element elementor-element-47d47d2 elementor-widget elementor-widget-button\" data-id=\"47d47d2\" data-element_type=\"widget\" data-e-type=\"widget\" data-widget_type=\"button.default\">\n\t\t\t\t<div class=\"elementor-widget-container\">\n\t\t\t\t\t\t\t\t\t<div class=\"elementor-button-wrapper\">\n\t\t\t\t\t<a class=\"elementor-button elementor-button-link elementor-size-sm\" href=\"https:\/\/www.visionix.com\/de\/contact\/\">\n\t\t\t\t\t\t<span class=\"elementor-button-content-wrapper\">\n\t\t\t\t\t\t\t\t\t<span class=\"elementor-button-text\">Sprechen Sie mit einem Experten<\/span>\n\t\t\t\t\t<\/span>\n\t\t\t\t\t<\/a>\n\t\t\t\t<\/div>\n\t\t\t\t\t\t\t\t<\/div>\n\t\t\t\t<\/div>\n\t\t\t\t\t<\/div>\n\t\t<\/div>\n\t\t\t\t\t<\/div>\n\t\t<\/section>\n\t\t\t\t<\/div>\n\t\t","protected":false},"excerpt":{"rendered":"<p>Optometrische Dienstleistungen Technologien, mit denen Sie sich mit Ihrem Betrieb vom Markt abgrenzen Mithilfe von innovativen Screeninginstrumenten und -ger\u00e4ten, k\u00f6nnen Augenoptiker ihren Kunden umfassende optometrische Dienstleistungen f\u00fcr deren Augengesundheitsvorsorge anbieten Durch die Kombination neuer Technologien inklusive des Angebotes von optometrischen Dienstleistungen, einer modernen augenoptischen Ausstattung und einer umfassenden Kundenbetreuung im Rahmen der Augengesundheitsvorsorge k\u00f6nnen Sie [&hellip;]<\/p>\n","protected":false},"author":1,"featured_media":0,"parent":28612,"menu_order":0,"comment_status":"closed","ping_status":"closed","template":"","meta":{"_acf_changed":false,"content-type":"","footnotes":""},"class_list":["post-28630","page","type-page","status-publish","hentry"],"acf":[],"_links":{"self":[{"href":"https:\/\/www.visionix.com\/de\/wp-json\/wp\/v2\/pages\/28630","targetHints":{"allow":["GET"]}}],"collection":[{"href":"https:\/\/www.visionix.com\/de\/wp-json\/wp\/v2\/pages"}],"about":[{"href":"https:\/\/www.visionix.com\/de\/wp-json\/wp\/v2\/types\/page"}],"author":[{"embeddable":true,"href":"https:\/\/www.visionix.com\/de\/wp-json\/wp\/v2\/users\/1"}],"replies":[{"embeddable":true,"href":"https:\/\/www.visionix.com\/de\/wp-json\/wp\/v2\/comments?post=28630"}],"version-history":[{"count":11,"href":"https:\/\/www.visionix.com\/de\/wp-json\/wp\/v2\/pages\/28630\/revisions"}],"predecessor-version":[{"id":73579,"href":"https:\/\/www.visionix.com\/de\/wp-json\/wp\/v2\/pages\/28630\/revisions\/73579"}],"up":[{"embeddable":true,"href":"https:\/\/www.visionix.com\/de\/wp-json\/wp\/v2\/pages\/28612"}],"wp:attachment":[{"href":"https:\/\/www.visionix.com\/de\/wp-json\/wp\/v2\/media?parent=28630"}],"curies":[{"name":"wp","href":"https:\/\/api.w.org\/{rel}","templated":true}]}}