{"id":28622,"date":"2022-02-08T11:14:31","date_gmt":"2022-02-08T10:14:31","guid":{"rendered":"https:\/\/www.visionix.com\/optical-retail\/technician\/"},"modified":"2022-07-22T16:46:02","modified_gmt":"2022-07-22T14:46:02","slug":"anwender","status":"publish","type":"page","link":"https:\/\/www.visionix.com\/de\/augenoptik-fachgeschaefte\/anwender\/","title":{"rendered":"Anwender \u200b"},"content":{"rendered":"\t\t<div data-elementor-type=\"wp-page\" data-elementor-id=\"28622\" class=\"elementor elementor-28622 elementor-84\" data-elementor-post-type=\"page\">\n\t\t\t\t\t\t<section class=\"elementor-section elementor-top-section elementor-element elementor-element-9a880e5 elementor-section-boxed elementor-section-height-default elementor-section-height-default\" data-id=\"9a880e5\" data-element_type=\"section\" data-e-type=\"section\">\n\t\t\t\t\t\t<div class=\"elementor-container elementor-column-gap-default\">\n\t\t\t\t\t<div class=\"elementor-column elementor-col-50 elementor-top-column elementor-element elementor-element-ea62f6a\" data-id=\"ea62f6a\" data-element_type=\"column\" data-e-type=\"column\">\n\t\t\t<div class=\"elementor-widget-wrap elementor-element-populated\">\n\t\t\t\t\t\t<div class=\"elementor-element elementor-element-3ebf5ba elementor-widget elementor-widget-heading\" data-id=\"3ebf5ba\" data-element_type=\"widget\" data-e-type=\"widget\" data-widget_type=\"heading.default\">\n\t\t\t\t<div class=\"elementor-widget-container\">\n\t\t\t\t\t<h3 class=\"elementor-heading-title elementor-size-default\">Anwender <\/h3>\t\t\t\t<\/div>\n\t\t\t\t<\/div>\n\t\t\t\t<div class=\"elementor-element elementor-element-815dee3 elementor-widget elementor-widget-heading\" data-id=\"815dee3\" data-element_type=\"widget\" data-e-type=\"widget\" data-widget_type=\"heading.default\">\n\t\t\t\t<div class=\"elementor-widget-container\">\n\t\t\t\t\t<h1 class=\"elementor-heading-title elementor-size-default\">Die richtige ausstattung f\u00fcr eine genaue refraktionsbestimmung<\/h1>\t\t\t\t<\/div>\n\t\t\t\t<\/div>\n\t\t\t\t<div class=\"elementor-element elementor-element-2ab8b92 elementor-widget elementor-widget-text-editor\" data-id=\"2ab8b92\" data-element_type=\"widget\" data-e-type=\"widget\" data-widget_type=\"text-editor.default\">\n\t\t\t\t<div class=\"elementor-widget-container\">\n\t\t\t\t\t\t\t\t\tDank der intuitiven, drahtlosen Benutzerschnittstelle k\u00f6nnen 80 Prozent aller n\u00f6tigen Messungen im Rahmen der Refraktionsbestimmung unabh\u00e4ngig vom augenoptischen Know-how des Anwenders durchgef\u00fchrt werden.\t\t\t\t\t\t\t\t<\/div>\n\t\t\t\t<\/div>\n\t\t\t\t\t<\/div>\n\t\t<\/div>\n\t\t\t\t<div class=\"elementor-column elementor-col-50 elementor-top-column elementor-element elementor-element-cca289e\" data-id=\"cca289e\" data-element_type=\"column\" data-e-type=\"column\">\n\t\t\t<div class=\"elementor-widget-wrap elementor-element-populated\">\n\t\t\t\t\t\t<div class=\"elementor-element elementor-element-861fb9b elementor-widget elementor-widget-image\" data-id=\"861fb9b\" data-element_type=\"widget\" data-e-type=\"widget\" data-widget_type=\"image.default\">\n\t\t\t\t<div class=\"elementor-widget-container\">\n\t\t\t\t\t\t\t\t\t\t\t\t\t\t\t<img fetchpriority=\"high\" decoding=\"async\" width=\"768\" height=\"513\" src=\"https:\/\/www.visionix.com\/wp-content\/uploads\/2022\/03\/EyeRefract-configuration-chart-display-Visionix-28-768x513-1.jpg\" class=\"attachment-large size-large wp-image-1765\" alt=\"\" srcset=\"https:\/\/www.visionix.com\/wp-content\/uploads\/2022\/03\/EyeRefract-configuration-chart-display-Visionix-28-768x513-1.jpg 768w, https:\/\/www.visionix.com\/wp-content\/uploads\/2022\/03\/EyeRefract-configuration-chart-display-Visionix-28-768x513-1-300x200.jpg 300w, https:\/\/www.visionix.com\/wp-content\/uploads\/2022\/03\/EyeRefract-configuration-chart-display-Visionix-28-768x513-1-600x401.jpg 600w\" sizes=\"(max-width: 768px) 100vw, 768px\" \/>\t\t\t\t\t\t\t\t\t\t\t\t\t\t\t<\/div>\n\t\t\t\t<\/div>\n\t\t\t\t\t<\/div>\n\t\t<\/div>\n\t\t\t\t\t<\/div>\n\t\t<\/section>\n\t\t\t\t<section class=\"elementor-section elementor-top-section elementor-element elementor-element-bb8c0f3 elementor-section-boxed elementor-section-height-default elementor-section-height-default\" data-id=\"bb8c0f3\" data-element_type=\"section\" data-e-type=\"section\">\n\t\t\t\t\t\t<div class=\"elementor-container elementor-column-gap-default\">\n\t\t\t\t\t<div class=\"elementor-column elementor-col-50 elementor-top-column elementor-element elementor-element-0bda18c\" data-id=\"0bda18c\" data-element_type=\"column\" data-e-type=\"column\">\n\t\t\t<div class=\"elementor-widget-wrap elementor-element-populated\">\n\t\t\t\t\t\t<div class=\"elementor-element elementor-element-a96fcd3 elementor-widget elementor-widget-image\" data-id=\"a96fcd3\" data-element_type=\"widget\" data-e-type=\"widget\" data-widget_type=\"image.default\">\n\t\t\t\t<div class=\"elementor-widget-container\">\n\t\t\t\t\t\t\t\t\t\t\t\t\t\t\t<img decoding=\"async\" width=\"800\" height=\"534\" src=\"https:\/\/www.visionix.com\/wp-content\/uploads\/2022\/05\/eye-refract-patient-1024x683.png\" class=\"attachment-large size-large wp-image-27834\" alt=\"\" srcset=\"https:\/\/www.visionix.com\/wp-content\/uploads\/2022\/05\/eye-refract-patient-1024x683.png 1024w, https:\/\/www.visionix.com\/wp-content\/uploads\/2022\/05\/eye-refract-patient-300x200.png 300w, https:\/\/www.visionix.com\/wp-content\/uploads\/2022\/05\/eye-refract-patient-768x512.png 768w, https:\/\/www.visionix.com\/wp-content\/uploads\/2022\/05\/eye-refract-patient-600x400.png 600w, https:\/\/www.visionix.com\/wp-content\/uploads\/2022\/05\/eye-refract-patient.png 1250w\" sizes=\"(max-width: 800px) 100vw, 800px\" \/>\t\t\t\t\t\t\t\t\t\t\t\t\t\t\t<\/div>\n\t\t\t\t<\/div>\n\t\t\t\t\t<\/div>\n\t\t<\/div>\n\t\t\t\t<div class=\"elementor-column elementor-col-50 elementor-top-column elementor-element elementor-element-0834910\" data-id=\"0834910\" data-element_type=\"column\" data-e-type=\"column\">\n\t\t\t<div class=\"elementor-widget-wrap elementor-element-populated\">\n\t\t\t\t\t\t<div class=\"elementor-element elementor-element-b80e41c elementor-widget elementor-widget-text-editor\" data-id=\"b80e41c\" data-element_type=\"widget\" data-e-type=\"widget\" data-widget_type=\"text-editor.default\">\n\t\t\t\t<div class=\"elementor-widget-container\">\n\t\t\t\t\t\t\t\t\tUnsere Systeme sind einfach zu bedienen, erschwinglich und kompakt. Optometrische Screenings werden zunehmend nachgefragt, hier bieten wir vom Vortest-Bereich bis hin zum multimodalen Komplettsystem die richtige Ausstattung. Mit Eye Refract von Visionix gelingen reproduzierbare Refraktionsmessungen unabh\u00e4ngig vom Anwender, Aufgaben sind so leichter delegierbar.\t\t\t\t\t\t\t\t<\/div>\n\t\t\t\t<\/div>\n\t\t\t\t<div class=\"elementor-element elementor-element-2d4220c elementor-widget elementor-widget-button\" data-id=\"2d4220c\" data-element_type=\"widget\" data-e-type=\"widget\" data-widget_type=\"button.default\">\n\t\t\t\t<div class=\"elementor-widget-container\">\n\t\t\t\t\t\t\t\t\t<div class=\"elementor-button-wrapper\">\n\t\t\t\t\t<a class=\"elementor-button elementor-button-link elementor-size-sm\" href=\"https:\/\/www.visionix.com\/de\/contact\/\">\n\t\t\t\t\t\t<span class=\"elementor-button-content-wrapper\">\n\t\t\t\t\t\t\t\t\t<span class=\"elementor-button-text\">Sprechen Sie mit einem Experten<\/span>\n\t\t\t\t\t<\/span>\n\t\t\t\t\t<\/a>\n\t\t\t\t<\/div>\n\t\t\t\t\t\t\t\t<\/div>\n\t\t\t\t<\/div>\n\t\t\t\t\t<\/div>\n\t\t<\/div>\n\t\t\t\t\t<\/div>\n\t\t<\/section>\n\t\t\t\t<section class=\"elementor-section elementor-top-section elementor-element elementor-element-55e7ee4 elementor-section-boxed elementor-section-height-default elementor-section-height-default\" data-id=\"55e7ee4\" data-element_type=\"section\" data-e-type=\"section\">\n\t\t\t\t\t\t<div class=\"elementor-container elementor-column-gap-default\">\n\t\t\t\t\t<div class=\"elementor-column elementor-col-50 elementor-top-column elementor-element elementor-element-6152a1d\" data-id=\"6152a1d\" data-element_type=\"column\" data-e-type=\"column\">\n\t\t\t<div class=\"elementor-widget-wrap elementor-element-populated\">\n\t\t\t\t\t\t<div class=\"elementor-element elementor-element-ade573c elementor-widget elementor-widget-text-editor\" data-id=\"ade573c\" data-element_type=\"widget\" data-e-type=\"widget\" data-widget_type=\"text-editor.default\">\n\t\t\t\t<div class=\"elementor-widget-container\">\n\t\t\t\t\t\t\t\t\tWichtiger als das Detailwissen im Bereich der Refraktion ist mit dem Eye Refract f\u00fcr den Anwender die Kenntnis der Bedienung der algorithmus-gesteuerten Schnittstelle auf dem Samsung Tablet, die leicht zu erlernen ist. \u00dcber diese drahtlose Tablet-Bedienung kann jeder entsprechend eingearbeitete Anwender Refraktionsmessungen auch per Fernzugriff in einem anderen Raum oder gar an einem anderen Standort durchf\u00fchren. Die Benutzer werden Schritt f\u00fcr Schritt durch die genaue und wiederholbare Datenerfassung gef\u00fchrt.\t\t\t\t\t\t\t\t<\/div>\n\t\t\t\t<\/div>\n\t\t\t\t<div class=\"elementor-element elementor-element-f20ebf3 elementor-widget elementor-widget-button\" data-id=\"f20ebf3\" data-element_type=\"widget\" data-e-type=\"widget\" data-widget_type=\"button.default\">\n\t\t\t\t<div class=\"elementor-widget-container\">\n\t\t\t\t\t\t\t\t\t<div class=\"elementor-button-wrapper\">\n\t\t\t\t\t<a class=\"elementor-button elementor-button-link elementor-size-sm\" href=\"https:\/\/www.visionix.com\/de\/contact\/\">\n\t\t\t\t\t\t<span class=\"elementor-button-content-wrapper\">\n\t\t\t\t\t\t\t\t\t<span class=\"elementor-button-text\">Sprechen Sie mit einem Experten<\/span>\n\t\t\t\t\t<\/span>\n\t\t\t\t\t<\/a>\n\t\t\t\t<\/div>\n\t\t\t\t\t\t\t\t<\/div>\n\t\t\t\t<\/div>\n\t\t\t\t\t<\/div>\n\t\t<\/div>\n\t\t\t\t<div class=\"elementor-column elementor-col-50 elementor-top-column elementor-element elementor-element-6700cec\" data-id=\"6700cec\" data-element_type=\"column\" data-e-type=\"column\">\n\t\t\t<div class=\"elementor-widget-wrap elementor-element-populated\">\n\t\t\t\t\t\t<div class=\"elementor-element elementor-element-60aa8ef elementor-widget elementor-widget-image\" data-id=\"60aa8ef\" data-element_type=\"widget\" data-e-type=\"widget\" data-widget_type=\"image.default\">\n\t\t\t\t<div class=\"elementor-widget-container\">\n\t\t\t\t\t\t\t\t\t\t\t\t\t\t\t<img decoding=\"async\" width=\"800\" height=\"588\" src=\"https:\/\/www.visionix.com\/wp-content\/uploads\/2022\/05\/eye-refract-tablet-1024x752.png\" class=\"attachment-large size-large wp-image-27842\" alt=\"eye refract tablet\" srcset=\"https:\/\/www.visionix.com\/wp-content\/uploads\/2022\/05\/eye-refract-tablet-1024x752.png 1024w, https:\/\/www.visionix.com\/wp-content\/uploads\/2022\/05\/eye-refract-tablet-300x220.png 300w, https:\/\/www.visionix.com\/wp-content\/uploads\/2022\/05\/eye-refract-tablet-768x564.png 768w, https:\/\/www.visionix.com\/wp-content\/uploads\/2022\/05\/eye-refract-tablet-600x440.png 600w, https:\/\/www.visionix.com\/wp-content\/uploads\/2022\/05\/eye-refract-tablet.png 1139w\" sizes=\"(max-width: 800px) 100vw, 800px\" \/>\t\t\t\t\t\t\t\t\t\t\t\t\t\t\t<\/div>\n\t\t\t\t<\/div>\n\t\t\t\t\t<\/div>\n\t\t<\/div>\n\t\t\t\t\t<\/div>\n\t\t<\/section>\n\t\t\t\t<section class=\"elementor-section elementor-top-section elementor-element elementor-element-5107d67 elementor-section-boxed elementor-section-height-default elementor-section-height-default\" data-id=\"5107d67\" data-element_type=\"section\" data-e-type=\"section\">\n\t\t\t\t\t\t<div class=\"elementor-container elementor-column-gap-default\">\n\t\t\t\t\t<div class=\"elementor-column elementor-col-50 elementor-top-column elementor-element elementor-element-94296f4\" data-id=\"94296f4\" data-element_type=\"column\" data-e-type=\"column\">\n\t\t\t<div class=\"elementor-widget-wrap elementor-element-populated\">\n\t\t\t\t\t\t<div class=\"elementor-element elementor-element-845b127 elementor-widget elementor-widget-image\" data-id=\"845b127\" data-element_type=\"widget\" data-e-type=\"widget\" data-widget_type=\"image.default\">\n\t\t\t\t<div class=\"elementor-widget-container\">\n\t\t\t\t\t\t\t\t\t\t\t\t\t\t\t<img loading=\"lazy\" decoding=\"async\" width=\"800\" height=\"533\" src=\"https:\/\/www.visionix.com\/wp-content\/uploads\/2022\/05\/Fotolia_91502345_XL-1024x682.jpg\" class=\"attachment-large size-large wp-image-27850\" alt=\"Male Patient Having Consultation With Doctor In Office\" srcset=\"https:\/\/www.visionix.com\/wp-content\/uploads\/2022\/05\/Fotolia_91502345_XL-1024x682.jpg 1024w, https:\/\/www.visionix.com\/wp-content\/uploads\/2022\/05\/Fotolia_91502345_XL-300x200.jpg 300w, https:\/\/www.visionix.com\/wp-content\/uploads\/2022\/05\/Fotolia_91502345_XL-768x512.jpg 768w, https:\/\/www.visionix.com\/wp-content\/uploads\/2022\/05\/Fotolia_91502345_XL-1536x1023.jpg 1536w, https:\/\/www.visionix.com\/wp-content\/uploads\/2022\/05\/Fotolia_91502345_XL-2048x1365.jpg 2048w, https:\/\/www.visionix.com\/wp-content\/uploads\/2022\/05\/Fotolia_91502345_XL-600x400.jpg 600w\" sizes=\"(max-width: 800px) 100vw, 800px\" \/>\t\t\t\t\t\t\t\t\t\t\t\t\t\t\t<\/div>\n\t\t\t\t<\/div>\n\t\t\t\t\t<\/div>\n\t\t<\/div>\n\t\t\t\t<div class=\"elementor-column elementor-col-50 elementor-top-column elementor-element elementor-element-4e53a95\" data-id=\"4e53a95\" data-element_type=\"column\" data-e-type=\"column\">\n\t\t\t<div class=\"elementor-widget-wrap elementor-element-populated\">\n\t\t\t\t\t\t<div class=\"elementor-element elementor-element-f1c122e elementor-widget elementor-widget-text-editor\" data-id=\"f1c122e\" data-element_type=\"widget\" data-e-type=\"widget\" data-widget_type=\"text-editor.default\">\n\t\t\t\t<div class=\"elementor-widget-container\">\n\t\t\t\t\t\t\t\t\tF\u00fcr einen effektiven Betrieb des Eye Refract von Visionix ben\u00f6tigen Sie lediglich eine hochleistungsf\u00e4hige Internetverbindung und ein wenig Platz. Die Augenpr\u00fcfung l\u00e4uft wie folgt ab: Der Anwender erfasst die Daten, die er selbst auswertet oder auf elektronischem Weg f\u00fcr das anschlie\u00dfende Beratungsgespr\u00e4ch mit dem Kunden versendet. \t\t\t\t\t\t\t\t<\/div>\n\t\t\t\t<\/div>\n\t\t\t\t<div class=\"elementor-element elementor-element-fa4cc26 elementor-widget elementor-widget-button\" data-id=\"fa4cc26\" data-element_type=\"widget\" data-e-type=\"widget\" data-widget_type=\"button.default\">\n\t\t\t\t<div class=\"elementor-widget-container\">\n\t\t\t\t\t\t\t\t\t<div class=\"elementor-button-wrapper\">\n\t\t\t\t\t<a class=\"elementor-button elementor-button-link elementor-size-sm\" href=\"https:\/\/www.visionix.com\/de\/contact\/\">\n\t\t\t\t\t\t<span class=\"elementor-button-content-wrapper\">\n\t\t\t\t\t\t\t\t\t<span class=\"elementor-button-text\">Sprechen Sie mit einem Experten<\/span>\n\t\t\t\t\t<\/span>\n\t\t\t\t\t<\/a>\n\t\t\t\t<\/div>\n\t\t\t\t\t\t\t\t<\/div>\n\t\t\t\t<\/div>\n\t\t\t\t\t<\/div>\n\t\t<\/div>\n\t\t\t\t\t<\/div>\n\t\t<\/section>\n\t\t\t\t<section class=\"elementor-section elementor-top-section elementor-element elementor-element-3a9c98f elementor-section-boxed elementor-section-height-default elementor-section-height-default\" data-id=\"3a9c98f\" data-element_type=\"section\" data-e-type=\"section\">\n\t\t\t\t\t\t<div class=\"elementor-container elementor-column-gap-default\">\n\t\t\t\t\t<div class=\"elementor-column elementor-col-50 elementor-top-column elementor-element elementor-element-5afd7ba\" data-id=\"5afd7ba\" data-element_type=\"column\" data-e-type=\"column\">\n\t\t\t<div class=\"elementor-widget-wrap elementor-element-populated\">\n\t\t\t\t\t\t<div class=\"elementor-element elementor-element-9922631 elementor-widget elementor-widget-text-editor\" data-id=\"9922631\" data-element_type=\"widget\" data-e-type=\"widget\" data-widget_type=\"text-editor.default\">\n\t\t\t\t<div class=\"elementor-widget-container\">\n\t\t\t\t\t\t\t\t\tAnwender, die bereits Erfahrung mit dem Eye Refract gesammelt haben, berichten \u00fcber eine verbesserte Kundenzufriedenheit und reduzierte \u201e\u00dcberrefraktionsquoten\u201c. Die schnelle und exakte Augenpr\u00fcfung erm\u00f6glicht mehr Zeit f\u00fcr die Beratung und einen reibungsloseren Brillenverkauf. Neben den Augenoptikern berichten auch Augen\u00e4rzte und Kliniken, die mit der Eye-Refract-Technologie ausgestattet sind, dass ihre Patienten von dem modernen Untersuchungsverfahren und der tablet-gesteuerten Refraktionsbestimmung beeindruckt sind, was sich in positiven Online-Rezessionen widerspiegelt.  \t\t\t\t\t\t\t\t<\/div>\n\t\t\t\t<\/div>\n\t\t\t\t<div class=\"elementor-element elementor-element-51d170e elementor-widget elementor-widget-button\" data-id=\"51d170e\" data-element_type=\"widget\" data-e-type=\"widget\" data-widget_type=\"button.default\">\n\t\t\t\t<div class=\"elementor-widget-container\">\n\t\t\t\t\t\t\t\t\t<div class=\"elementor-button-wrapper\">\n\t\t\t\t\t<a class=\"elementor-button elementor-button-link elementor-size-sm\" href=\"https:\/\/www.visionix.com\/de\/contact\/\">\n\t\t\t\t\t\t<span class=\"elementor-button-content-wrapper\">\n\t\t\t\t\t\t\t\t\t<span class=\"elementor-button-text\">Sprechen Sie mit einem Experten<\/span>\n\t\t\t\t\t<\/span>\n\t\t\t\t\t<\/a>\n\t\t\t\t<\/div>\n\t\t\t\t\t\t\t\t<\/div>\n\t\t\t\t<\/div>\n\t\t\t\t\t<\/div>\n\t\t<\/div>\n\t\t\t\t<div class=\"elementor-column elementor-col-50 elementor-top-column elementor-element elementor-element-b46c6b8\" data-id=\"b46c6b8\" data-element_type=\"column\" data-e-type=\"column\">\n\t\t\t<div class=\"elementor-widget-wrap elementor-element-populated\">\n\t\t\t\t\t\t<div class=\"elementor-element elementor-element-ea23c9d elementor-widget elementor-widget-image\" data-id=\"ea23c9d\" data-element_type=\"widget\" data-e-type=\"widget\" data-widget_type=\"image.default\">\n\t\t\t\t<div class=\"elementor-widget-container\">\n\t\t\t\t\t\t\t\t\t\t\t\t\t\t\t<img loading=\"lazy\" decoding=\"async\" width=\"300\" height=\"230\" src=\"https:\/\/www.visionix.com\/wp-content\/uploads\/2022\/05\/feedback-2824577-300x230.png\" class=\"attachment-medium size-medium wp-image-27858\" alt=\"reviews\" srcset=\"https:\/\/www.visionix.com\/wp-content\/uploads\/2022\/05\/feedback-2824577-300x230.png 300w, https:\/\/www.visionix.com\/wp-content\/uploads\/2022\/05\/feedback-2824577-1024x786.png 1024w, https:\/\/www.visionix.com\/wp-content\/uploads\/2022\/05\/feedback-2824577-768x590.png 768w, https:\/\/www.visionix.com\/wp-content\/uploads\/2022\/05\/feedback-2824577-600x461.png 600w, https:\/\/www.visionix.com\/wp-content\/uploads\/2022\/05\/feedback-2824577.png 1249w\" sizes=\"(max-width: 300px) 100vw, 300px\" \/>\t\t\t\t\t\t\t\t\t\t\t\t\t\t\t<\/div>\n\t\t\t\t<\/div>\n\t\t\t\t\t<\/div>\n\t\t<\/div>\n\t\t\t\t\t<\/div>\n\t\t<\/section>\n\t\t\t\t<section class=\"elementor-section elementor-top-section elementor-element elementor-element-4020886 elementor-section-boxed elementor-section-height-default elementor-section-height-default\" data-id=\"4020886\" data-element_type=\"section\" data-e-type=\"section\">\n\t\t\t\t\t\t<div class=\"elementor-container elementor-column-gap-default\">\n\t\t\t\t\t<div class=\"elementor-column elementor-col-50 elementor-top-column elementor-element elementor-element-bca314e\" data-id=\"bca314e\" data-element_type=\"column\" data-e-type=\"column\">\n\t\t\t<div class=\"elementor-widget-wrap elementor-element-populated\">\n\t\t\t\t\t\t<div class=\"elementor-element elementor-element-c3a0100 elementor-widget elementor-widget-image\" data-id=\"c3a0100\" data-element_type=\"widget\" data-e-type=\"widget\" data-widget_type=\"image.default\">\n\t\t\t\t<div class=\"elementor-widget-container\">\n\t\t\t\t\t\t\t\t\t\t\t\t\t\t\t<img loading=\"lazy\" decoding=\"async\" width=\"763\" height=\"610\" src=\"https:\/\/www.visionix.com\/wp-content\/uploads\/2022\/05\/eye-refract-patient-2.png\" class=\"attachment-large size-large wp-image-27866\" alt=\"\" srcset=\"https:\/\/www.visionix.com\/wp-content\/uploads\/2022\/05\/eye-refract-patient-2.png 763w, https:\/\/www.visionix.com\/wp-content\/uploads\/2022\/05\/eye-refract-patient-2-300x240.png 300w, https:\/\/www.visionix.com\/wp-content\/uploads\/2022\/05\/eye-refract-patient-2-600x480.png 600w\" sizes=\"(max-width: 763px) 100vw, 763px\" \/>\t\t\t\t\t\t\t\t\t\t\t\t\t\t\t<\/div>\n\t\t\t\t<\/div>\n\t\t\t\t\t<\/div>\n\t\t<\/div>\n\t\t\t\t<div class=\"elementor-column elementor-col-50 elementor-top-column elementor-element elementor-element-78d6288\" data-id=\"78d6288\" data-element_type=\"column\" data-e-type=\"column\">\n\t\t\t<div class=\"elementor-widget-wrap elementor-element-populated\">\n\t\t\t\t\t\t<div class=\"elementor-element elementor-element-b5e0821 elementor-widget elementor-widget-text-editor\" data-id=\"b5e0821\" data-element_type=\"widget\" data-e-type=\"widget\" data-widget_type=\"text-editor.default\">\n\t\t\t\t<div class=\"elementor-widget-container\">\n\t\t\t\t\t\t\t\t\tBei entsprechender Schulung der jeweiligen Anwender k\u00f6nnen Aufgaben im Rahmen der vollst\u00e4ndigen Refraktionsbestimmung delegiert werden. So kann sich der Refraktionsspezialist vermehrt um die \u201ekomplizierteren\u201c F\u00e4lle mit komplexeren Fehlsichtigkeiten konzentrieren. Algorithmus-gest\u00fctzte Refraktionsmessungen und eine hohe Datengenauigkeit sorgen f\u00fcr maximale Effizienz und eine l\u00fcckenlose optometrische Kontrolle im gesamten Refraktionsprozess.\t\t\t\t\t\t\t\t<\/div>\n\t\t\t\t<\/div>\n\t\t\t\t<div class=\"elementor-element elementor-element-4cc5514 elementor-widget elementor-widget-button\" data-id=\"4cc5514\" data-element_type=\"widget\" data-e-type=\"widget\" data-widget_type=\"button.default\">\n\t\t\t\t<div class=\"elementor-widget-container\">\n\t\t\t\t\t\t\t\t\t<div class=\"elementor-button-wrapper\">\n\t\t\t\t\t<a class=\"elementor-button elementor-button-link elementor-size-sm\" href=\"https:\/\/www.visionix.com\/de\/contact\/\">\n\t\t\t\t\t\t<span class=\"elementor-button-content-wrapper\">\n\t\t\t\t\t\t\t\t\t<span class=\"elementor-button-text\">Sprechen Sie mit einem Experten<\/span>\n\t\t\t\t\t<\/span>\n\t\t\t\t\t<\/a>\n\t\t\t\t<\/div>\n\t\t\t\t\t\t\t\t<\/div>\n\t\t\t\t<\/div>\n\t\t\t\t\t<\/div>\n\t\t<\/div>\n\t\t\t\t\t<\/div>\n\t\t<\/section>\n\t\t\t\t<\/div>\n\t\t","protected":false},"excerpt":{"rendered":"<p>Anwender Die richtige ausstattung f\u00fcr eine genaue refraktionsbestimmung Dank der intuitiven, drahtlosen Benutzerschnittstelle k\u00f6nnen 80 Prozent aller n\u00f6tigen Messungen im Rahmen der Refraktionsbestimmung unabh\u00e4ngig vom augenoptischen Know-how des Anwenders durchgef\u00fchrt werden. Unsere Systeme sind einfach zu bedienen, erschwinglich und kompakt. Optometrische Screenings werden zunehmend nachgefragt, hier bieten wir vom Vortest-Bereich bis hin zum multimodalen Komplettsystem [&hellip;]<\/p>\n","protected":false},"author":1,"featured_media":0,"parent":28612,"menu_order":0,"comment_status":"closed","ping_status":"closed","template":"","meta":{"_acf_changed":false,"content-type":"","footnotes":""},"class_list":["post-28622","page","type-page","status-publish","hentry"],"acf":[],"_links":{"self":[{"href":"https:\/\/www.visionix.com\/de\/wp-json\/wp\/v2\/pages\/28622","targetHints":{"allow":["GET"]}}],"collection":[{"href":"https:\/\/www.visionix.com\/de\/wp-json\/wp\/v2\/pages"}],"about":[{"href":"https:\/\/www.visionix.com\/de\/wp-json\/wp\/v2\/types\/page"}],"author":[{"embeddable":true,"href":"https:\/\/www.visionix.com\/de\/wp-json\/wp\/v2\/users\/1"}],"replies":[{"embeddable":true,"href":"https:\/\/www.visionix.com\/de\/wp-json\/wp\/v2\/comments?post=28622"}],"version-history":[{"count":10,"href":"https:\/\/www.visionix.com\/de\/wp-json\/wp\/v2\/pages\/28622\/revisions"}],"predecessor-version":[{"id":31496,"href":"https:\/\/www.visionix.com\/de\/wp-json\/wp\/v2\/pages\/28622\/revisions\/31496"}],"up":[{"embeddable":true,"href":"https:\/\/www.visionix.com\/de\/wp-json\/wp\/v2\/pages\/28612"}],"wp:attachment":[{"href":"https:\/\/www.visionix.com\/de\/wp-json\/wp\/v2\/media?parent=28622"}],"curies":[{"name":"wp","href":"https:\/\/api.w.org\/{rel}","templated":true}]}}