{"id":28617,"date":"2022-02-08T11:12:37","date_gmt":"2022-02-08T10:12:37","guid":{"rendered":"https:\/\/www.visionix.com\/optical-retail\/retail-business-owner\/"},"modified":"2022-09-02T10:16:57","modified_gmt":"2022-09-02T08:16:57","slug":"unabhaengige-augenoptiker","status":"publish","type":"page","link":"https:\/\/www.visionix.com\/de\/augenoptik-fachgeschaefte\/unabhaengige-augenoptiker\/","title":{"rendered":"Unabh\u00e4ngige augenoptiker\u200b"},"content":{"rendered":"\t\t<div data-elementor-type=\"wp-page\" data-elementor-id=\"28617\" class=\"elementor elementor-28617 elementor-79\" data-elementor-post-type=\"page\">\n\t\t\t\t\t\t<section class=\"elementor-section elementor-top-section elementor-element elementor-element-83958f9 elementor-section-boxed elementor-section-height-default elementor-section-height-default\" data-id=\"83958f9\" data-element_type=\"section\" data-e-type=\"section\">\n\t\t\t\t\t\t<div class=\"elementor-container elementor-column-gap-default\">\n\t\t\t\t\t<div class=\"elementor-column elementor-col-50 elementor-top-column elementor-element elementor-element-5c9304b\" data-id=\"5c9304b\" data-element_type=\"column\" data-e-type=\"column\">\n\t\t\t<div class=\"elementor-widget-wrap elementor-element-populated\">\n\t\t\t\t\t\t<div class=\"elementor-element elementor-element-413b4db elementor-widget elementor-widget-heading\" data-id=\"413b4db\" data-element_type=\"widget\" data-e-type=\"widget\" data-widget_type=\"heading.default\">\n\t\t\t\t<div class=\"elementor-widget-container\">\n\t\t\t\t\t<h3 class=\"elementor-heading-title elementor-size-default\">Unabh\u00e4ngige Augenoptiker<\/h3>\t\t\t\t<\/div>\n\t\t\t\t<\/div>\n\t\t\t\t<div class=\"elementor-element elementor-element-04a5649 elementor-widget elementor-widget-heading\" data-id=\"04a5649\" data-element_type=\"widget\" data-e-type=\"widget\" data-widget_type=\"heading.default\">\n\t\t\t\t<div class=\"elementor-widget-container\">\n\t\t\t\t\t<h1 class=\"elementor-heading-title elementor-size-default\">\nMeisterqualit\u00e4t per Knopfdruck <\/h1>\t\t\t\t<\/div>\n\t\t\t\t<\/div>\n\t\t\t\t<div class=\"elementor-element elementor-element-c46c40e elementor-widget elementor-widget-text-editor\" data-id=\"c46c40e\" data-element_type=\"widget\" data-e-type=\"widget\" data-widget_type=\"text-editor.default\">\n\t\t\t\t<div class=\"elementor-widget-container\">\n\t\t\t\t\t\t\t\t\tWir wissen, wovon Sie sprechen und was wir Ihnen zur Verf\u00fcgung stellen m\u00fcssen. Wir vertreiben unsere Systeme nicht nur, wir entwickeln sie und stellen sie auch selbst her. \t\t\t\t\t\t\t\t<\/div>\n\t\t\t\t<\/div>\n\t\t\t\t\t<\/div>\n\t\t<\/div>\n\t\t\t\t<div class=\"elementor-column elementor-col-50 elementor-top-column elementor-element elementor-element-4a4d6ba\" data-id=\"4a4d6ba\" data-element_type=\"column\" data-e-type=\"column\">\n\t\t\t<div class=\"elementor-widget-wrap elementor-element-populated\">\n\t\t\t\t\t\t<div class=\"elementor-element elementor-element-f69930e elementor-widget elementor-widget-image\" data-id=\"f69930e\" data-element_type=\"widget\" data-e-type=\"widget\" data-widget_type=\"image.default\">\n\t\t\t\t<div class=\"elementor-widget-container\">\n\t\t\t\t\t\t\t\t\t\t\t\t\t\t\t<img fetchpriority=\"high\" decoding=\"async\" width=\"800\" height=\"534\" src=\"https:\/\/www.visionix.com\/wp-content\/uploads\/2022\/07\/pexels-karolina-grabowska-5201988-1-1024x683.jpg\" class=\"attachment-large size-large wp-image-31093\" alt=\"\" srcset=\"https:\/\/www.visionix.com\/wp-content\/uploads\/2022\/07\/pexels-karolina-grabowska-5201988-1-1024x683.jpg 1024w, https:\/\/www.visionix.com\/wp-content\/uploads\/2022\/07\/pexels-karolina-grabowska-5201988-1-300x200.jpg 300w, https:\/\/www.visionix.com\/wp-content\/uploads\/2022\/07\/pexels-karolina-grabowska-5201988-1-768x512.jpg 768w, https:\/\/www.visionix.com\/wp-content\/uploads\/2022\/07\/pexels-karolina-grabowska-5201988-1-1536x1024.jpg 1536w, https:\/\/www.visionix.com\/wp-content\/uploads\/2022\/07\/pexels-karolina-grabowska-5201988-1-2048x1365.jpg 2048w, https:\/\/www.visionix.com\/wp-content\/uploads\/2022\/07\/pexels-karolina-grabowska-5201988-1-600x400.jpg 600w\" sizes=\"(max-width: 800px) 100vw, 800px\" \/>\t\t\t\t\t\t\t\t\t\t\t\t\t\t\t<\/div>\n\t\t\t\t<\/div>\n\t\t\t\t\t<\/div>\n\t\t<\/div>\n\t\t\t\t\t<\/div>\n\t\t<\/section>\n\t\t\t\t<section class=\"elementor-section elementor-top-section elementor-element elementor-element-6aacb7d elementor-section-boxed elementor-section-height-default elementor-section-height-default\" data-id=\"6aacb7d\" data-element_type=\"section\" data-e-type=\"section\">\n\t\t\t\t\t\t<div class=\"elementor-container elementor-column-gap-default\">\n\t\t\t\t\t<div class=\"elementor-column elementor-col-50 elementor-top-column elementor-element elementor-element-f14fed1\" data-id=\"f14fed1\" data-element_type=\"column\" data-e-type=\"column\">\n\t\t\t<div class=\"elementor-widget-wrap elementor-element-populated\">\n\t\t\t\t\t\t<div class=\"elementor-element elementor-element-a041c6f elementor-widget elementor-widget-image\" data-id=\"a041c6f\" data-element_type=\"widget\" data-e-type=\"widget\" data-widget_type=\"image.default\">\n\t\t\t\t<div class=\"elementor-widget-container\">\n\t\t\t\t\t\t\t\t\t\t\t\t\t\t\t<img decoding=\"async\" width=\"800\" height=\"534\" src=\"https:\/\/www.visionix.com\/wp-content\/uploads\/2022\/05\/pexels-karolina-grabowska-5201987-1024x683.jpg\" class=\"attachment-large size-large wp-image-27729\" alt=\"Photo de Karolina Grabowska: https:\/\/www.pexels.com\/fr-fr\/photo\/mode-homme-gens-femme-5201987\/\" srcset=\"https:\/\/www.visionix.com\/wp-content\/uploads\/2022\/05\/pexels-karolina-grabowska-5201987-1024x683.jpg 1024w, https:\/\/www.visionix.com\/wp-content\/uploads\/2022\/05\/pexels-karolina-grabowska-5201987-300x200.jpg 300w, https:\/\/www.visionix.com\/wp-content\/uploads\/2022\/05\/pexels-karolina-grabowska-5201987-768x512.jpg 768w, https:\/\/www.visionix.com\/wp-content\/uploads\/2022\/05\/pexels-karolina-grabowska-5201987-1536x1024.jpg 1536w, https:\/\/www.visionix.com\/wp-content\/uploads\/2022\/05\/pexels-karolina-grabowska-5201987-2048x1365.jpg 2048w, https:\/\/www.visionix.com\/wp-content\/uploads\/2022\/05\/pexels-karolina-grabowska-5201987-600x400.jpg 600w\" sizes=\"(max-width: 800px) 100vw, 800px\" \/>\t\t\t\t\t\t\t\t\t\t\t\t\t\t\t<\/div>\n\t\t\t\t<\/div>\n\t\t\t\t\t<\/div>\n\t\t<\/div>\n\t\t\t\t<div class=\"elementor-column elementor-col-50 elementor-top-column elementor-element elementor-element-a1855c3\" data-id=\"a1855c3\" data-element_type=\"column\" data-e-type=\"column\">\n\t\t\t<div class=\"elementor-widget-wrap elementor-element-populated\">\n\t\t\t\t\t\t<div class=\"elementor-element elementor-element-0898e04 elementor-widget elementor-widget-text-editor\" data-id=\"0898e04\" data-element_type=\"widget\" data-e-type=\"widget\" data-widget_type=\"text-editor.default\">\n\t\t\t\t<div class=\"elementor-widget-container\">\n\t\t\t\t\t\t\t\t\tInhaber von Augenoptik-Fachgesch\u00e4ften, die ihre eigene Werkstatt einrichten oder die bestehende Ausstattung modernisieren und erg\u00e4nzen m\u00f6chten, finden bei uns eine gro\u00dfe Auswahl an Schleifautomaten und -systemen \u2013  vom Einstiegsmodell f\u00fcr wenige Auftr\u00e4ge bis hin zum ausgereiften Hochleistungssystem f\u00fcr eine hohe Werkstatt-Frequenz. Alle Systeme eint, dass sie einfach zu bedienen, erschwinglich und kompakt sind.\t\t\t\t\t\t\t\t<\/div>\n\t\t\t\t<\/div>\n\t\t\t\t<div class=\"elementor-element elementor-element-0a76126 elementor-widget elementor-widget-button\" data-id=\"0a76126\" data-element_type=\"widget\" data-e-type=\"widget\" data-widget_type=\"button.default\">\n\t\t\t\t<div class=\"elementor-widget-container\">\n\t\t\t\t\t\t\t\t\t<div class=\"elementor-button-wrapper\">\n\t\t\t\t\t<a class=\"elementor-button elementor-button-link elementor-size-sm\" href=\"https:\/\/www.visionix.com\/de\/contact\/\">\n\t\t\t\t\t\t<span class=\"elementor-button-content-wrapper\">\n\t\t\t\t\t\t\t\t\t<span class=\"elementor-button-text\">Sprechen Sie mit einem Experten<\/span>\n\t\t\t\t\t<\/span>\n\t\t\t\t\t<\/a>\n\t\t\t\t<\/div>\n\t\t\t\t\t\t\t\t<\/div>\n\t\t\t\t<\/div>\n\t\t\t\t\t<\/div>\n\t\t<\/div>\n\t\t\t\t\t<\/div>\n\t\t<\/section>\n\t\t\t\t<section class=\"elementor-section elementor-top-section elementor-element elementor-element-1a8c940 elementor-section-boxed elementor-section-height-default elementor-section-height-default\" data-id=\"1a8c940\" data-element_type=\"section\" data-e-type=\"section\">\n\t\t\t\t\t\t<div class=\"elementor-container elementor-column-gap-default\">\n\t\t\t\t\t<div class=\"elementor-column elementor-col-50 elementor-top-column elementor-element elementor-element-dcd538e\" data-id=\"dcd538e\" data-element_type=\"column\" data-e-type=\"column\">\n\t\t\t<div class=\"elementor-widget-wrap elementor-element-populated\">\n\t\t\t\t\t\t<div class=\"elementor-element elementor-element-39f7e05 elementor-widget elementor-widget-text-editor\" data-id=\"39f7e05\" data-element_type=\"widget\" data-e-type=\"widget\" data-widget_type=\"text-editor.default\">\n\t\t\t\t<div class=\"elementor-widget-container\">\n\t\t\t\t\t\t\t\t\tIn Punkto Technologie stehen unsere Produkte an der Spitze des Marktes. Die zentrale Technologie unserer Aufblock- und Tracersysteme basiert auf der von von uns eigens entwickelten exklusiven Wellenfront-Aberrometrie. So erledigen unsere Ger\u00e4te alles f\u00fcr Sie, besondere Kenntnisse im Bereich der Scheitelbrechwertmessung sind nicht mehr erforderlich. \t\t\t\t\t\t\t\t<\/div>\n\t\t\t\t<\/div>\n\t\t\t\t<div class=\"elementor-element elementor-element-be014b7 elementor-widget elementor-widget-button\" data-id=\"be014b7\" data-element_type=\"widget\" data-e-type=\"widget\" data-widget_type=\"button.default\">\n\t\t\t\t<div class=\"elementor-widget-container\">\n\t\t\t\t\t\t\t\t\t<div class=\"elementor-button-wrapper\">\n\t\t\t\t\t<a class=\"elementor-button elementor-button-link elementor-size-sm\" href=\"https:\/\/www.visionix.com\/de\/contact\/\">\n\t\t\t\t\t\t<span class=\"elementor-button-content-wrapper\">\n\t\t\t\t\t\t\t\t\t<span class=\"elementor-button-text\">Sprechen Sie mit einem Experten<\/span>\n\t\t\t\t\t<\/span>\n\t\t\t\t\t<\/a>\n\t\t\t\t<\/div>\n\t\t\t\t\t\t\t\t<\/div>\n\t\t\t\t<\/div>\n\t\t\t\t\t<\/div>\n\t\t<\/div>\n\t\t\t\t<div class=\"elementor-column elementor-col-50 elementor-top-column elementor-element elementor-element-6665ddd\" data-id=\"6665ddd\" data-element_type=\"column\" data-e-type=\"column\">\n\t\t\t<div class=\"elementor-widget-wrap elementor-element-populated\">\n\t\t\t\t\t\t<div class=\"elementor-element elementor-element-c4d5ddf elementor-widget elementor-widget-image\" data-id=\"c4d5ddf\" data-element_type=\"widget\" data-e-type=\"widget\" data-widget_type=\"image.default\">\n\t\t\t\t<div class=\"elementor-widget-container\">\n\t\t\t\t\t\t\t\t\t\t\t\t\t\t\t<img decoding=\"async\" width=\"800\" height=\"525\" src=\"https:\/\/www.visionix.com\/wp-content\/uploads\/2022\/05\/gravitech-1024x672.png\" class=\"attachment-large size-large wp-image-27738\" alt=\"gravitech\" srcset=\"https:\/\/www.visionix.com\/wp-content\/uploads\/2022\/05\/gravitech-1024x672.png 1024w, https:\/\/www.visionix.com\/wp-content\/uploads\/2022\/05\/gravitech-300x197.png 300w, https:\/\/www.visionix.com\/wp-content\/uploads\/2022\/05\/gravitech-768x504.png 768w, https:\/\/www.visionix.com\/wp-content\/uploads\/2022\/05\/gravitech-600x394.png 600w, https:\/\/www.visionix.com\/wp-content\/uploads\/2022\/05\/gravitech.png 1264w\" sizes=\"(max-width: 800px) 100vw, 800px\" \/>\t\t\t\t\t\t\t\t\t\t\t\t\t\t\t<\/div>\n\t\t\t\t<\/div>\n\t\t\t\t\t<\/div>\n\t\t<\/div>\n\t\t\t\t\t<\/div>\n\t\t<\/section>\n\t\t\t\t<section class=\"elementor-section elementor-top-section elementor-element elementor-element-79e7c47 elementor-section-boxed elementor-section-height-default elementor-section-height-default\" data-id=\"79e7c47\" data-element_type=\"section\" data-e-type=\"section\">\n\t\t\t\t\t\t<div class=\"elementor-container elementor-column-gap-default\">\n\t\t\t\t\t<div class=\"elementor-column elementor-col-50 elementor-top-column elementor-element elementor-element-7032dd9\" data-id=\"7032dd9\" data-element_type=\"column\" data-e-type=\"column\">\n\t\t\t<div class=\"elementor-widget-wrap elementor-element-populated\">\n\t\t\t\t\t\t<div class=\"elementor-element elementor-element-9b81c30 elementor-widget elementor-widget-image\" data-id=\"9b81c30\" data-element_type=\"widget\" data-e-type=\"widget\" data-widget_type=\"image.default\">\n\t\t\t\t<div class=\"elementor-widget-container\">\n\t\t\t\t\t\t\t\t\t\t\t\t\t\t\t<img loading=\"lazy\" decoding=\"async\" width=\"800\" height=\"533\" src=\"https:\/\/www.visionix.com\/wp-content\/uploads\/2022\/05\/meuleuse-1024x682.png\" class=\"attachment-large size-large wp-image-27746\" alt=\"edger\" srcset=\"https:\/\/www.visionix.com\/wp-content\/uploads\/2022\/05\/meuleuse-1024x682.png 1024w, https:\/\/www.visionix.com\/wp-content\/uploads\/2022\/05\/meuleuse-300x200.png 300w, https:\/\/www.visionix.com\/wp-content\/uploads\/2022\/05\/meuleuse-768x511.png 768w, https:\/\/www.visionix.com\/wp-content\/uploads\/2022\/05\/meuleuse-600x400.png 600w, https:\/\/www.visionix.com\/wp-content\/uploads\/2022\/05\/meuleuse.png 1266w\" sizes=\"(max-width: 800px) 100vw, 800px\" \/>\t\t\t\t\t\t\t\t\t\t\t\t\t\t\t<\/div>\n\t\t\t\t<\/div>\n\t\t\t\t\t<\/div>\n\t\t<\/div>\n\t\t\t\t<div class=\"elementor-column elementor-col-50 elementor-top-column elementor-element elementor-element-e52e601\" data-id=\"e52e601\" data-element_type=\"column\" data-e-type=\"column\">\n\t\t\t<div class=\"elementor-widget-wrap elementor-element-populated\">\n\t\t\t\t\t\t<div class=\"elementor-element elementor-element-c664d8a elementor-widget elementor-widget-text-editor\" data-id=\"c664d8a\" data-element_type=\"widget\" data-e-type=\"widget\" data-widget_type=\"text-editor.default\">\n\t\t\t\t<div class=\"elementor-widget-container\">\n\t\t\t\t\t\t\t\t\tSie k\u00f6nnen in der eigenen Werkstatt Brillengl\u00e4ser mit perfekter Passform f\u00fcr Ihre Kunden    herstellen, auf eine zuverl\u00e4ssige, absolut pr\u00e4zise und fehlerfreie Weise. Unsere vollautomatischen Schleifautomaten reduzieren die Fehlerwahrscheinlichkeit und somit die Nachbearbeitungsquote.  \t\t\t\t\t\t\t\t<\/div>\n\t\t\t\t<\/div>\n\t\t\t\t<div class=\"elementor-element elementor-element-6eda6c2 elementor-widget elementor-widget-button\" data-id=\"6eda6c2\" data-element_type=\"widget\" data-e-type=\"widget\" data-widget_type=\"button.default\">\n\t\t\t\t<div class=\"elementor-widget-container\">\n\t\t\t\t\t\t\t\t\t<div class=\"elementor-button-wrapper\">\n\t\t\t\t\t<a class=\"elementor-button elementor-button-link elementor-size-sm\" href=\"https:\/\/www.visionix.com\/de\/contact\/\">\n\t\t\t\t\t\t<span class=\"elementor-button-content-wrapper\">\n\t\t\t\t\t\t\t\t\t<span class=\"elementor-button-text\">Sprechen Sie mit einem Experten<\/span>\n\t\t\t\t\t<\/span>\n\t\t\t\t\t<\/a>\n\t\t\t\t<\/div>\n\t\t\t\t\t\t\t\t<\/div>\n\t\t\t\t<\/div>\n\t\t\t\t\t<\/div>\n\t\t<\/div>\n\t\t\t\t\t<\/div>\n\t\t<\/section>\n\t\t\t\t<section class=\"elementor-section elementor-top-section elementor-element elementor-element-c977e93 elementor-section-boxed elementor-section-height-default elementor-section-height-default\" data-id=\"c977e93\" data-element_type=\"section\" data-e-type=\"section\" data-settings=\"{&quot;background_background&quot;:&quot;classic&quot;}\">\n\t\t\t\t\t\t<div class=\"elementor-container elementor-column-gap-default\">\n\t\t\t\t\t<div class=\"elementor-column elementor-col-100 elementor-top-column elementor-element elementor-element-cc993d5\" data-id=\"cc993d5\" data-element_type=\"column\" data-e-type=\"column\">\n\t\t\t<div class=\"elementor-widget-wrap elementor-element-populated\">\n\t\t\t\t\t\t<div class=\"elementor-element elementor-element-aebb6f5 elementor-widget elementor-widget-ucaddon_logo_card_testimonial\" data-id=\"aebb6f5\" data-element_type=\"widget\" data-e-type=\"widget\" data-widget_type=\"ucaddon_logo_card_testimonial.default\">\n\t\t\t\t<div class=\"elementor-widget-container\">\n\t\t\t\t\t\n<!-- start Testimonial Card -->\n<style>\/* widget: Testimonial Card *\/\n\n#uc_logo_card_testimonial_elementor_aebb6f5 *{\n\tbox-sizing: border-box;\n}\n\n#uc_logo_card_testimonial_elementor_aebb6f5 .ue-image\n{\n  display:inline-flex;\n}\n\n#uc_logo_card_testimonial_elementor_aebb6f5 .ue-image img\n{\n  width:100%;\n  object-fit: cover;\n}\n\n#uc_logo_card_testimonial_elementor_aebb6f5 .ue-logo\n{\n  display:inline-block;\n}\n\n<\/style>\n\n<div class=\"ue-card\" id=\"uc_logo_card_testimonial_elementor_aebb6f5\">\n            \t<div class=\"ue-image\"><img loading=\"lazy\" decoding=\"async\" src=\"https:\/\/www.visionix.com\/wp-content\/uploads\/2022\/03\/Dr.-Albert-Morier-570x570-1-2.jpg\"  src=\"https:\/\/www.visionix.com\/wp-content\/uploads\/2022\/03\/Dr.-Albert-Morier-570x570-1-2.jpg\" alt=\"Dr.-Albert-Morier-570x570-1-2\" width=\"570\" height=\"570\"><\/div>\n                <div class=\"ue-text\"><h3>Konsistente Ergebnisse   <\/h3>\n<em>\u201cWir haben bereits seit \u00fcber zehn Jahren einen Briot Schleifautomaten. Er ist einfach zu bedienen und eigentlich im Dauerbetrieb. Probleme gab es nur sehr selten. Und wenn wir wirklich einmal Hilfe ben\u00f6tigten, stand uns der Kundendienst rasch und kompetent zur Seite. Unser Briot ist ein echtes Arbeitspferd, das unerm\u00fcdlich seinen Dienst tut und zugleich trotzdem sehr pflegeleicht ist ... \u201d<\/em><\/div>\n                <div class=\"ue-title\">Albert Morier,<\/div>\n                <div class=\"ue-subtitle\">OD, MA, Consumer Optical, Schenectady, New York<\/div>\n                <div class=\"ue-logo\"><img decoding=\"async\" src=\"https:\/\/www.visionix.com\/wp-content\/uploads\/2022\/05\/logo-consumer-optical-vision-source.png\" style=\"width:100%;\" ><\/div>\n<\/div>\n<!-- end Testimonial Card -->\t\t\t\t<\/div>\n\t\t\t\t<\/div>\n\t\t\t\t\t<\/div>\n\t\t<\/div>\n\t\t\t\t\t<\/div>\n\t\t<\/section>\n\t\t\t\t<section class=\"elementor-section elementor-top-section elementor-element elementor-element-116f20f elementor-section-boxed elementor-section-height-default elementor-section-height-default\" data-id=\"116f20f\" data-element_type=\"section\" data-e-type=\"section\">\n\t\t\t\t\t\t<div class=\"elementor-container elementor-column-gap-default\">\n\t\t\t\t\t<div class=\"elementor-column elementor-col-50 elementor-top-column elementor-element elementor-element-0496670\" data-id=\"0496670\" data-element_type=\"column\" data-e-type=\"column\">\n\t\t\t<div class=\"elementor-widget-wrap elementor-element-populated\">\n\t\t\t\t\t\t<div class=\"elementor-element elementor-element-6fdf699 elementor-widget elementor-widget-text-editor\" data-id=\"6fdf699\" data-element_type=\"widget\" data-e-type=\"widget\" data-widget_type=\"text-editor.default\">\n\t\t\t\t<div class=\"elementor-widget-container\">\n\t\t\t\t\t\t\t\t\tSie k\u00f6nnen 30 Prozent Fertigungskosten einsparen, wenn Sie Ihre Brillengl\u00e4ser in der eigenen Werkstatt bearbeiten, statt einen externen Einschleifservice zu nutzen. Mit einer eigenen Werkstatt sind Sie in der Fertigung zur Freude Ihrer Kunden schneller, und  Sie haben dar\u00fcber hinaus die Qualit\u00e4t des Endprodukts komplett unter Ihrer Kontrolle. \t\t\t\t\t\t\t\t<\/div>\n\t\t\t\t<\/div>\n\t\t\t\t<div class=\"elementor-element elementor-element-57f97b4 elementor-widget elementor-widget-button\" data-id=\"57f97b4\" data-element_type=\"widget\" data-e-type=\"widget\" data-widget_type=\"button.default\">\n\t\t\t\t<div class=\"elementor-widget-container\">\n\t\t\t\t\t\t\t\t\t<div class=\"elementor-button-wrapper\">\n\t\t\t\t\t<a class=\"elementor-button elementor-button-link elementor-size-sm\" href=\"https:\/\/www.visionix.com\/de\/contact\/\">\n\t\t\t\t\t\t<span class=\"elementor-button-content-wrapper\">\n\t\t\t\t\t\t\t\t\t<span class=\"elementor-button-text\">Sprechen Sie mit einem Experten<\/span>\n\t\t\t\t\t<\/span>\n\t\t\t\t\t<\/a>\n\t\t\t\t<\/div>\n\t\t\t\t\t\t\t\t<\/div>\n\t\t\t\t<\/div>\n\t\t\t\t\t<\/div>\n\t\t<\/div>\n\t\t\t\t<div class=\"elementor-column elementor-col-50 elementor-top-column elementor-element elementor-element-e77804a\" data-id=\"e77804a\" data-element_type=\"column\" data-e-type=\"column\">\n\t\t\t<div class=\"elementor-widget-wrap elementor-element-populated\">\n\t\t\t\t\t\t<div class=\"elementor-element elementor-element-bb5ba62 elementor-widget elementor-widget-image\" data-id=\"bb5ba62\" data-element_type=\"widget\" data-e-type=\"widget\" data-widget_type=\"image.default\">\n\t\t\t\t<div class=\"elementor-widget-container\">\n\t\t\t\t\t\t\t\t\t\t\t\t\t\t\t<img loading=\"lazy\" decoding=\"async\" width=\"800\" height=\"532\" src=\"https:\/\/www.visionix.com\/wp-content\/uploads\/2022\/05\/control-finishing-1024x681.png\" class=\"attachment-large size-large wp-image-27770\" alt=\"control finishing\" srcset=\"https:\/\/www.visionix.com\/wp-content\/uploads\/2022\/05\/control-finishing-1024x681.png 1024w, https:\/\/www.visionix.com\/wp-content\/uploads\/2022\/05\/control-finishing-300x199.png 300w, https:\/\/www.visionix.com\/wp-content\/uploads\/2022\/05\/control-finishing-768x511.png 768w, https:\/\/www.visionix.com\/wp-content\/uploads\/2022\/05\/control-finishing-600x399.png 600w, https:\/\/www.visionix.com\/wp-content\/uploads\/2022\/05\/control-finishing.png 1259w\" sizes=\"(max-width: 800px) 100vw, 800px\" \/>\t\t\t\t\t\t\t\t\t\t\t\t\t\t\t<\/div>\n\t\t\t\t<\/div>\n\t\t\t\t\t<\/div>\n\t\t<\/div>\n\t\t\t\t\t<\/div>\n\t\t<\/section>\n\t\t\t\t<section class=\"elementor-section elementor-top-section elementor-element elementor-element-3b6e20c elementor-section-boxed elementor-section-height-default elementor-section-height-default\" data-id=\"3b6e20c\" data-element_type=\"section\" data-e-type=\"section\">\n\t\t\t\t\t\t<div class=\"elementor-container elementor-column-gap-default\">\n\t\t\t\t\t<div class=\"elementor-column elementor-col-50 elementor-top-column elementor-element elementor-element-a767bd2\" data-id=\"a767bd2\" data-element_type=\"column\" data-e-type=\"column\">\n\t\t\t<div class=\"elementor-widget-wrap elementor-element-populated\">\n\t\t\t\t\t\t<div class=\"elementor-element elementor-element-d989f59 elementor-widget elementor-widget-image\" data-id=\"d989f59\" data-element_type=\"widget\" data-e-type=\"widget\" data-widget_type=\"image.default\">\n\t\t\t\t<div class=\"elementor-widget-container\">\n\t\t\t\t\t\t\t\t\t\t\t\t\t\t\t<img loading=\"lazy\" decoding=\"async\" width=\"800\" height=\"534\" src=\"https:\/\/www.visionix.com\/wp-content\/uploads\/2022\/05\/pretest-exam-1024x683.png\" class=\"attachment-large size-large wp-image-27778\" alt=\"\" srcset=\"https:\/\/www.visionix.com\/wp-content\/uploads\/2022\/05\/pretest-exam-1024x683.png 1024w, https:\/\/www.visionix.com\/wp-content\/uploads\/2022\/05\/pretest-exam-300x200.png 300w, https:\/\/www.visionix.com\/wp-content\/uploads\/2022\/05\/pretest-exam-768x512.png 768w, https:\/\/www.visionix.com\/wp-content\/uploads\/2022\/05\/pretest-exam-600x400.png 600w, https:\/\/www.visionix.com\/wp-content\/uploads\/2022\/05\/pretest-exam.png 1260w\" sizes=\"(max-width: 800px) 100vw, 800px\" \/>\t\t\t\t\t\t\t\t\t\t\t\t\t\t\t<\/div>\n\t\t\t\t<\/div>\n\t\t\t\t\t<\/div>\n\t\t<\/div>\n\t\t\t\t<div class=\"elementor-column elementor-col-50 elementor-top-column elementor-element elementor-element-c156e55\" data-id=\"c156e55\" data-element_type=\"column\" data-e-type=\"column\">\n\t\t\t<div class=\"elementor-widget-wrap elementor-element-populated\">\n\t\t\t\t\t\t<div class=\"elementor-element elementor-element-9bc45a4 elementor-widget elementor-widget-text-editor\" data-id=\"9bc45a4\" data-element_type=\"widget\" data-e-type=\"widget\" data-widget_type=\"text-editor.default\">\n\t\t\t\t<div class=\"elementor-widget-container\">\n\t\t\t\t\t\t\t\t\tOptometrische Dienstleistungen werden zunehmend vom Kunden erwartet. Wir bieten Ihnen die passenden Instrumente  und Ger\u00e4te, f\u00fcr die ersten Vortests bis hin zum multimodalen Komplettsystem stellen wir Ihnen die richtige Ausstattung zur Verf\u00fcgung. Unsere Ger\u00e4te bieten zudem auch optimale L\u00f6sungen f\u00fcr Kunden mit erschwerter Mobilit\u00e4t. \t\t\t\t\t\t\t\t<\/div>\n\t\t\t\t<\/div>\n\t\t\t\t<div class=\"elementor-element elementor-element-7d162a4 elementor-widget elementor-widget-button\" data-id=\"7d162a4\" data-element_type=\"widget\" data-e-type=\"widget\" data-widget_type=\"button.default\">\n\t\t\t\t<div class=\"elementor-widget-container\">\n\t\t\t\t\t\t\t\t\t<div class=\"elementor-button-wrapper\">\n\t\t\t\t\t<a class=\"elementor-button elementor-button-link elementor-size-sm\" href=\"https:\/\/www.visionix.com\/de\/contact\/\">\n\t\t\t\t\t\t<span class=\"elementor-button-content-wrapper\">\n\t\t\t\t\t\t\t\t\t<span class=\"elementor-button-text\">Sprechen Sie mit einem Experten<\/span>\n\t\t\t\t\t<\/span>\n\t\t\t\t\t<\/a>\n\t\t\t\t<\/div>\n\t\t\t\t\t\t\t\t<\/div>\n\t\t\t\t<\/div>\n\t\t\t\t\t<\/div>\n\t\t<\/div>\n\t\t\t\t\t<\/div>\n\t\t<\/section>\n\t\t\t\t<\/div>\n\t\t","protected":false},"excerpt":{"rendered":"<p>Unabh\u00e4ngige Augenoptiker Meisterqualit\u00e4t per Knopfdruck Wir wissen, wovon Sie sprechen und was wir Ihnen zur Verf\u00fcgung stellen m\u00fcssen. Wir vertreiben unsere Systeme nicht nur, wir entwickeln sie und stellen sie auch selbst her. Inhaber von Augenoptik-Fachgesch\u00e4ften, die ihre eigene Werkstatt einrichten oder die bestehende Ausstattung modernisieren und erg\u00e4nzen m\u00f6chten, finden bei uns eine gro\u00dfe Auswahl [&hellip;]<\/p>\n","protected":false},"author":1,"featured_media":0,"parent":28612,"menu_order":0,"comment_status":"closed","ping_status":"closed","template":"","meta":{"_acf_changed":false,"content-type":"","footnotes":""},"class_list":["post-28617","page","type-page","status-publish","hentry"],"acf":[],"_links":{"self":[{"href":"https:\/\/www.visionix.com\/de\/wp-json\/wp\/v2\/pages\/28617","targetHints":{"allow":["GET"]}}],"collection":[{"href":"https:\/\/www.visionix.com\/de\/wp-json\/wp\/v2\/pages"}],"about":[{"href":"https:\/\/www.visionix.com\/de\/wp-json\/wp\/v2\/types\/page"}],"author":[{"embeddable":true,"href":"https:\/\/www.visionix.com\/de\/wp-json\/wp\/v2\/users\/1"}],"replies":[{"embeddable":true,"href":"https:\/\/www.visionix.com\/de\/wp-json\/wp\/v2\/comments?post=28617"}],"version-history":[{"count":13,"href":"https:\/\/www.visionix.com\/de\/wp-json\/wp\/v2\/pages\/28617\/revisions"}],"predecessor-version":[{"id":32124,"href":"https:\/\/www.visionix.com\/de\/wp-json\/wp\/v2\/pages\/28617\/revisions\/32124"}],"up":[{"embeddable":true,"href":"https:\/\/www.visionix.com\/de\/wp-json\/wp\/v2\/pages\/28612"}],"wp:attachment":[{"href":"https:\/\/www.visionix.com\/de\/wp-json\/wp\/v2\/media?parent=28617"}],"curies":[{"name":"wp","href":"https:\/\/api.w.org\/{rel}","templated":true}]}}