{"id":28607,"date":"2022-02-08T11:56:35","date_gmt":"2022-02-08T10:56:35","guid":{"rendered":"https:\/\/www.visionix.com\/augenheilkunde\/hospital\/"},"modified":"2022-07-22T16:54:15","modified_gmt":"2022-07-22T14:54:15","slug":"kliniken","status":"publish","type":"page","link":"https:\/\/www.visionix.com\/de\/augenheilkunde\/kliniken\/","title":{"rendered":"Kliniken"},"content":{"rendered":"\t\t<div data-elementor-type=\"wp-page\" data-elementor-id=\"28607\" class=\"elementor elementor-28607 elementor-103\" data-elementor-post-type=\"page\">\n\t\t\t\t\t\t<section class=\"elementor-section elementor-top-section elementor-element elementor-element-5d6c9da elementor-section-boxed elementor-section-height-default elementor-section-height-default\" data-id=\"5d6c9da\" data-element_type=\"section\" data-e-type=\"section\">\n\t\t\t\t\t\t<div class=\"elementor-container elementor-column-gap-default\">\n\t\t\t\t\t<div class=\"elementor-column elementor-col-50 elementor-top-column elementor-element elementor-element-8bb9fa1\" data-id=\"8bb9fa1\" data-element_type=\"column\" data-e-type=\"column\">\n\t\t\t<div class=\"elementor-widget-wrap elementor-element-populated\">\n\t\t\t\t\t\t<div class=\"elementor-element elementor-element-80c39bd elementor-widget elementor-widget-heading\" data-id=\"80c39bd\" data-element_type=\"widget\" data-e-type=\"widget\" data-widget_type=\"heading.default\">\n\t\t\t\t<div class=\"elementor-widget-container\">\n\t\t\t\t\t<h3 class=\"elementor-heading-title elementor-size-default\">Kliniken  <\/h3>\t\t\t\t<\/div>\n\t\t\t\t<\/div>\n\t\t\t\t<div class=\"elementor-element elementor-element-ec43176 elementor-widget elementor-widget-heading\" data-id=\"ec43176\" data-element_type=\"widget\" data-e-type=\"widget\" data-widget_type=\"heading.default\">\n\t\t\t\t<div class=\"elementor-widget-container\">\n\t\t\t\t\t<h1 class=\"elementor-heading-title elementor-size-default\">Pr\u00e4zise diagnosen<\/h1>\t\t\t\t<\/div>\n\t\t\t\t<\/div>\n\t\t\t\t<div class=\"elementor-element elementor-element-bf13e20 elementor-widget elementor-widget-text-editor\" data-id=\"bf13e20\" data-element_type=\"widget\" data-e-type=\"widget\" data-widget_type=\"text-editor.default\">\n\t\t\t\t<div class=\"elementor-widget-container\">\n\t\t\t\t\t\t\t\t\tUnsere OCT-Ger\u00e4te gestatten eine fr\u00fchzeitige Diagnose von Netzhauterkrankungen und stellen auff\u00e4llige Bilder, die auf eine Makuladegeneration und diabetische Ver\u00e4nderungen hinweisen, besonders heraus.\t\t\t\t\t\t\t\t<\/div>\n\t\t\t\t<\/div>\n\t\t\t\t\t<\/div>\n\t\t<\/div>\n\t\t\t\t<div class=\"elementor-column elementor-col-50 elementor-top-column elementor-element elementor-element-3ea36b1\" data-id=\"3ea36b1\" data-element_type=\"column\" data-e-type=\"column\">\n\t\t\t<div class=\"elementor-widget-wrap elementor-element-populated\">\n\t\t\t\t\t\t<div class=\"elementor-element elementor-element-e26f659 elementor-widget elementor-widget-image\" data-id=\"e26f659\" data-element_type=\"widget\" data-e-type=\"widget\" data-widget_type=\"image.default\">\n\t\t\t\t<div class=\"elementor-widget-container\">\n\t\t\t\t\t\t\t\t\t\t\t\t\t\t\t<img fetchpriority=\"high\" decoding=\"async\" width=\"800\" height=\"530\" src=\"https:\/\/www.visionix.com\/wp-content\/uploads\/2022\/05\/pexels-jonathan-meyer-668300-1024x678.jpg\" class=\"attachment-large size-large wp-image-27916\" alt=\"Photo by Jonathan Meyer: https:\/\/www.pexels.com\/fr-fr\/photo\/lampadaire-en-acier-gris-668300\/\" srcset=\"https:\/\/www.visionix.com\/wp-content\/uploads\/2022\/05\/pexels-jonathan-meyer-668300-1024x678.jpg 1024w, https:\/\/www.visionix.com\/wp-content\/uploads\/2022\/05\/pexels-jonathan-meyer-668300-300x199.jpg 300w, https:\/\/www.visionix.com\/wp-content\/uploads\/2022\/05\/pexels-jonathan-meyer-668300-768x509.jpg 768w, https:\/\/www.visionix.com\/wp-content\/uploads\/2022\/05\/pexels-jonathan-meyer-668300-1536x1017.jpg 1536w, https:\/\/www.visionix.com\/wp-content\/uploads\/2022\/05\/pexels-jonathan-meyer-668300-2048x1356.jpg 2048w, https:\/\/www.visionix.com\/wp-content\/uploads\/2022\/05\/pexels-jonathan-meyer-668300-600x397.jpg 600w\" sizes=\"(max-width: 800px) 100vw, 800px\" \/>\t\t\t\t\t\t\t\t\t\t\t\t\t\t\t<\/div>\n\t\t\t\t<\/div>\n\t\t\t\t\t<\/div>\n\t\t<\/div>\n\t\t\t\t\t<\/div>\n\t\t<\/section>\n\t\t\t\t<section class=\"elementor-section elementor-top-section elementor-element elementor-element-0608fc6 elementor-section-boxed elementor-section-height-default elementor-section-height-default\" data-id=\"0608fc6\" data-element_type=\"section\" data-e-type=\"section\">\n\t\t\t\t\t\t<div class=\"elementor-container elementor-column-gap-default\">\n\t\t\t\t\t<div class=\"elementor-column elementor-col-50 elementor-top-column elementor-element elementor-element-de06854\" data-id=\"de06854\" data-element_type=\"column\" data-e-type=\"column\">\n\t\t\t<div class=\"elementor-widget-wrap elementor-element-populated\">\n\t\t\t\t\t\t<div class=\"elementor-element elementor-element-1058195 elementor-widget elementor-widget-image\" data-id=\"1058195\" data-element_type=\"widget\" data-e-type=\"widget\" data-widget_type=\"image.default\">\n\t\t\t\t<div class=\"elementor-widget-container\">\n\t\t\t\t\t\t\t\t\t\t\t\t\t\t\t<img decoding=\"async\" width=\"513\" height=\"257\" src=\"https:\/\/www.visionix.com\/wp-content\/uploads\/2022\/03\/angiovue-avanti_back.png\" class=\"attachment-large size-large wp-image-2094\" alt=\"\" srcset=\"https:\/\/www.visionix.com\/wp-content\/uploads\/2022\/03\/angiovue-avanti_back.png 513w, https:\/\/www.visionix.com\/wp-content\/uploads\/2022\/03\/angiovue-avanti_back-300x150.png 300w\" sizes=\"(max-width: 513px) 100vw, 513px\" \/>\t\t\t\t\t\t\t\t\t\t\t\t\t\t\t<\/div>\n\t\t\t\t<\/div>\n\t\t\t\t\t<\/div>\n\t\t<\/div>\n\t\t\t\t<div class=\"elementor-column elementor-col-50 elementor-top-column elementor-element elementor-element-b0ca8f1\" data-id=\"b0ca8f1\" data-element_type=\"column\" data-e-type=\"column\">\n\t\t\t<div class=\"elementor-widget-wrap elementor-element-populated\">\n\t\t\t\t\t\t<div class=\"elementor-element elementor-element-d640c82 elementor-widget elementor-widget-text-editor\" data-id=\"d640c82\" data-element_type=\"widget\" data-e-type=\"widget\" data-widget_type=\"text-editor.default\">\n\t\t\t\t<div class=\"elementor-widget-container\">\n\t\t\t\t\t\t\t\t\tUnsere multifunktionalen OCT- und OCT-A-Ger\u00e4te k\u00f6nnen Augenerkrankungen und Gef\u00e4\u00dfver\u00e4nderungen mit hoher Pr\u00e4zision sichtbar machen und identifizieren. Mit der AngioVue OCT-Angiographie kann festgestellt werden, ob bei einem Patienten eine Netzhautabl\u00f6sung oder Netzhautblutung besteht..\t\t\t\t\t\t\t\t<\/div>\n\t\t\t\t<\/div>\n\t\t\t\t<div class=\"elementor-element elementor-element-9cece91 elementor-widget elementor-widget-button\" data-id=\"9cece91\" data-element_type=\"widget\" data-e-type=\"widget\" data-widget_type=\"button.default\">\n\t\t\t\t<div class=\"elementor-widget-container\">\n\t\t\t\t\t\t\t\t\t<div class=\"elementor-button-wrapper\">\n\t\t\t\t\t<a class=\"elementor-button elementor-button-link elementor-size-sm\" href=\"https:\/\/www.visionix.com\/de\/product\/optovue-avanti\/\">\n\t\t\t\t\t\t<span class=\"elementor-button-content-wrapper\">\n\t\t\t\t\t\t\t\t\t<span class=\"elementor-button-text\">Mehr erfahren<\/span>\n\t\t\t\t\t<\/span>\n\t\t\t\t\t<\/a>\n\t\t\t\t<\/div>\n\t\t\t\t\t\t\t\t<\/div>\n\t\t\t\t<\/div>\n\t\t\t\t\t<\/div>\n\t\t<\/div>\n\t\t\t\t\t<\/div>\n\t\t<\/section>\n\t\t\t\t<section class=\"elementor-section elementor-top-section elementor-element elementor-element-cc34519 elementor-section-boxed elementor-section-height-default elementor-section-height-default\" data-id=\"cc34519\" data-element_type=\"section\" data-e-type=\"section\">\n\t\t\t\t\t\t<div class=\"elementor-container elementor-column-gap-default\">\n\t\t\t\t\t<div class=\"elementor-column elementor-col-50 elementor-top-column elementor-element elementor-element-2c17501\" data-id=\"2c17501\" data-element_type=\"column\" data-e-type=\"column\">\n\t\t\t<div class=\"elementor-widget-wrap elementor-element-populated\">\n\t\t\t\t\t\t<div class=\"elementor-element elementor-element-8f7943e elementor-widget elementor-widget-text-editor\" data-id=\"8f7943e\" data-element_type=\"widget\" data-e-type=\"widget\" data-widget_type=\"text-editor.default\">\n\t\t\t\t<div class=\"elementor-widget-container\">\n\t\t\t\t\t\t\t\t\tAngioVue erm\u00f6glicht die Fr\u00fcherkennung von diabetischen Erkrankungen und Gef\u00e4\u00dfver\u00e4nderungen mit h\u00f6chster Pr\u00e4zision. Diese Ergebnisse k\u00f6nnen den Augenarzt veranlassen, den Augendruck bei einem Patienten zu messen, um fr\u00fche Anzeichen eines Glaukoms auszuschlie\u00dfen. Au\u00dferdem gestattet das System eine detaillierte Untersuchung der Netzhautschichten. \t\t\t\t\t\t\t\t<\/div>\n\t\t\t\t<\/div>\n\t\t\t\t<div class=\"elementor-element elementor-element-75ed1bb elementor-widget elementor-widget-button\" data-id=\"75ed1bb\" data-element_type=\"widget\" data-e-type=\"widget\" data-widget_type=\"button.default\">\n\t\t\t\t<div class=\"elementor-widget-container\">\n\t\t\t\t\t\t\t\t\t<div class=\"elementor-button-wrapper\">\n\t\t\t\t\t<a class=\"elementor-button elementor-button-link elementor-size-sm\" href=\"https:\/\/www.visionix.com\/de\/product\/optovue-avanti\/\">\n\t\t\t\t\t\t<span class=\"elementor-button-content-wrapper\">\n\t\t\t\t\t\t\t\t\t<span class=\"elementor-button-text\">Mehr erfahren<\/span>\n\t\t\t\t\t<\/span>\n\t\t\t\t\t<\/a>\n\t\t\t\t<\/div>\n\t\t\t\t\t\t\t\t<\/div>\n\t\t\t\t<\/div>\n\t\t\t\t\t<\/div>\n\t\t<\/div>\n\t\t\t\t<div class=\"elementor-column elementor-col-50 elementor-top-column elementor-element elementor-element-f7a4c39\" data-id=\"f7a4c39\" data-element_type=\"column\" data-e-type=\"column\">\n\t\t\t<div class=\"elementor-widget-wrap elementor-element-populated\">\n\t\t\t\t\t\t<div class=\"elementor-element elementor-element-97c0fa2 elementor-widget elementor-widget-image\" data-id=\"97c0fa2\" data-element_type=\"widget\" data-e-type=\"widget\" data-widget_type=\"image.default\">\n\t\t\t\t<div class=\"elementor-widget-container\">\n\t\t\t\t\t\t\t\t\t\t\t\t\t\t\t<img decoding=\"async\" width=\"800\" height=\"542\" src=\"https:\/\/www.visionix.com\/wp-content\/uploads\/2022\/03\/Type-1-CNV-AngioVue-3D-Maftouhi.jpg\" class=\"attachment-large size-large wp-image-6269\" alt=\"\" srcset=\"https:\/\/www.visionix.com\/wp-content\/uploads\/2022\/03\/Type-1-CNV-AngioVue-3D-Maftouhi.jpg 1003w, https:\/\/www.visionix.com\/wp-content\/uploads\/2022\/03\/Type-1-CNV-AngioVue-3D-Maftouhi-300x203.jpg 300w, https:\/\/www.visionix.com\/wp-content\/uploads\/2022\/03\/Type-1-CNV-AngioVue-3D-Maftouhi-768x521.jpg 768w, https:\/\/www.visionix.com\/wp-content\/uploads\/2022\/03\/Type-1-CNV-AngioVue-3D-Maftouhi-600x407.jpg 600w\" sizes=\"(max-width: 800px) 100vw, 800px\" \/>\t\t\t\t\t\t\t\t\t\t\t\t\t\t\t<\/div>\n\t\t\t\t<\/div>\n\t\t\t\t\t<\/div>\n\t\t<\/div>\n\t\t\t\t\t<\/div>\n\t\t<\/section>\n\t\t\t\t<section class=\"elementor-section elementor-top-section elementor-element elementor-element-bedc636 elementor-section-boxed elementor-section-height-default elementor-section-height-default\" data-id=\"bedc636\" data-element_type=\"section\" data-e-type=\"section\">\n\t\t\t\t\t\t<div class=\"elementor-container elementor-column-gap-default\">\n\t\t\t\t\t<div class=\"elementor-column elementor-col-50 elementor-top-column elementor-element elementor-element-5b25e7e\" data-id=\"5b25e7e\" data-element_type=\"column\" data-e-type=\"column\">\n\t\t\t<div class=\"elementor-widget-wrap elementor-element-populated\">\n\t\t\t\t\t\t<div class=\"elementor-element elementor-element-718c70a elementor-widget elementor-widget-image\" data-id=\"718c70a\" data-element_type=\"widget\" data-e-type=\"widget\" data-widget_type=\"image.default\">\n\t\t\t\t<div class=\"elementor-widget-container\">\n\t\t\t\t\t\t\t\t\t\t\t\t\t\t\t<img loading=\"lazy\" decoding=\"async\" width=\"269\" height=\"300\" src=\"https:\/\/www.visionix.com\/wp-content\/uploads\/2022\/03\/ifusion-80-269x300.png\" class=\"attachment-medium size-medium wp-image-7020\" alt=\"Edger-Weco-E32-for-optical-retail\" srcset=\"https:\/\/www.visionix.com\/wp-content\/uploads\/2022\/03\/ifusion-80-269x300.png 269w, https:\/\/www.visionix.com\/wp-content\/uploads\/2022\/03\/ifusion-80-918x1024.png 918w, https:\/\/www.visionix.com\/wp-content\/uploads\/2022\/03\/ifusion-80-768x857.png 768w, https:\/\/www.visionix.com\/wp-content\/uploads\/2022\/03\/ifusion-80-1377x1536.png 1377w, https:\/\/www.visionix.com\/wp-content\/uploads\/2022\/03\/ifusion-80-600x669.png 600w, https:\/\/www.visionix.com\/wp-content\/uploads\/2022\/03\/ifusion-80.png 1812w\" sizes=\"(max-width: 269px) 100vw, 269px\" \/>\t\t\t\t\t\t\t\t\t\t\t\t\t\t\t<\/div>\n\t\t\t\t<\/div>\n\t\t\t\t\t<\/div>\n\t\t<\/div>\n\t\t\t\t<div class=\"elementor-column elementor-col-50 elementor-top-column elementor-element elementor-element-ff9642f\" data-id=\"ff9642f\" data-element_type=\"column\" data-e-type=\"column\">\n\t\t\t<div class=\"elementor-widget-wrap elementor-element-populated\">\n\t\t\t\t\t\t<div class=\"elementor-element elementor-element-3e36671 elementor-widget elementor-widget-text-editor\" data-id=\"3e36671\" data-element_type=\"widget\" data-e-type=\"widget\" data-widget_type=\"text-editor.default\">\n\t\t\t\t<div class=\"elementor-widget-container\">\n\t\t\t\t\t\t\t\t\tWir stellen innovative Technologie her, um die OCT- und Refraktionsprozesse zu optimieren. Anwender k\u00f6nnen sich unabh\u00e4ngig von ihrem Fachwissen ohne Weiteres die erforderlichen Kenntnisse aneignen, um per Knopfdruck die Untersuchungsdaten zu generieren, die nahtlos in die g\u00e4ngigen Patientenakten-Systeme integriert werden k\u00f6nnen. \t\t\t\t\t\t\t\t<\/div>\n\t\t\t\t<\/div>\n\t\t\t\t<div class=\"elementor-element elementor-element-84d17c7 elementor-widget elementor-widget-button\" data-id=\"84d17c7\" data-element_type=\"widget\" data-e-type=\"widget\" data-widget_type=\"button.default\">\n\t\t\t\t<div class=\"elementor-widget-container\">\n\t\t\t\t\t\t\t\t\t<div class=\"elementor-button-wrapper\">\n\t\t\t\t\t<a class=\"elementor-button elementor-button-link elementor-size-sm\" href=\"https:\/\/www.visionix.com\/de\/contact\/\">\n\t\t\t\t\t\t<span class=\"elementor-button-content-wrapper\">\n\t\t\t\t\t\t\t\t\t<span class=\"elementor-button-text\">Sprechen Sie mit einem Experten<\/span>\n\t\t\t\t\t<\/span>\n\t\t\t\t\t<\/a>\n\t\t\t\t<\/div>\n\t\t\t\t\t\t\t\t<\/div>\n\t\t\t\t<\/div>\n\t\t\t\t\t<\/div>\n\t\t<\/div>\n\t\t\t\t\t<\/div>\n\t\t<\/section>\n\t\t\t\t<section class=\"elementor-section elementor-top-section elementor-element elementor-element-f54228b elementor-section-boxed elementor-section-height-default elementor-section-height-default\" data-id=\"f54228b\" data-element_type=\"section\" data-e-type=\"section\">\n\t\t\t\t\t\t<div class=\"elementor-container elementor-column-gap-default\">\n\t\t\t\t\t<div class=\"elementor-column elementor-col-50 elementor-top-column elementor-element elementor-element-9b180f8\" data-id=\"9b180f8\" data-element_type=\"column\" data-e-type=\"column\">\n\t\t\t<div class=\"elementor-widget-wrap elementor-element-populated\">\n\t\t\t\t\t\t<div class=\"elementor-element elementor-element-febf168 elementor-widget elementor-widget-text-editor\" data-id=\"febf168\" data-element_type=\"widget\" data-e-type=\"widget\" data-widget_type=\"text-editor.default\">\n\t\t\t\t<div class=\"elementor-widget-container\">\n\t\t\t\t\t\t\t\t\tDer Visionix Eye Refract besticht vor allem durch besonders genaue und wiederholbare Ergebnisse, was sich wiederum in einer erheblich gesteigerten Effizienz des Refraktionsprozesses niederschl\u00e4gt. Sein kompaktes Design, das lediglich 0,6 x 1,2 m Stellfl\u00e4che ben\u00f6tigt, ist ideal f\u00fcr klinische Einrichtungen mit begrenztem Platzangebot.\t\t\t\t\t\t\t\t<\/div>\n\t\t\t\t<\/div>\n\t\t\t\t<div class=\"elementor-element elementor-element-8c8ab92 elementor-widget elementor-widget-button\" data-id=\"8c8ab92\" data-element_type=\"widget\" data-e-type=\"widget\" data-widget_type=\"button.default\">\n\t\t\t\t<div class=\"elementor-widget-container\">\n\t\t\t\t\t\t\t\t\t<div class=\"elementor-button-wrapper\">\n\t\t\t\t\t<a class=\"elementor-button elementor-button-link elementor-size-sm\" href=\"https:\/\/www.visionix.com\/de\/contact\/\">\n\t\t\t\t\t\t<span class=\"elementor-button-content-wrapper\">\n\t\t\t\t\t\t\t\t\t<span class=\"elementor-button-text\">Sprechen Sie mit einem Experten<\/span>\n\t\t\t\t\t<\/span>\n\t\t\t\t\t<\/a>\n\t\t\t\t<\/div>\n\t\t\t\t\t\t\t\t<\/div>\n\t\t\t\t<\/div>\n\t\t\t\t\t<\/div>\n\t\t<\/div>\n\t\t\t\t<div class=\"elementor-column elementor-col-50 elementor-top-column elementor-element elementor-element-796d36d\" data-id=\"796d36d\" data-element_type=\"column\" data-e-type=\"column\">\n\t\t\t<div class=\"elementor-widget-wrap elementor-element-populated\">\n\t\t\t\t\t\t<div class=\"elementor-element elementor-element-10c8415 elementor-widget elementor-widget-image\" data-id=\"10c8415\" data-element_type=\"widget\" data-e-type=\"widget\" data-widget_type=\"image.default\">\n\t\t\t\t<div class=\"elementor-widget-container\">\n\t\t\t\t\t\t\t\t\t\t\t\t\t\t\t<img loading=\"lazy\" decoding=\"async\" width=\"768\" height=\"599\" src=\"https:\/\/www.visionix.com\/wp-content\/uploads\/2022\/03\/EyeRefract-configuration-space-saving-chart-Visionix-10-768x599-1.jpg\" class=\"attachment-large size-large wp-image-1757\" alt=\"\" srcset=\"https:\/\/www.visionix.com\/wp-content\/uploads\/2022\/03\/EyeRefract-configuration-space-saving-chart-Visionix-10-768x599-1.jpg 768w, https:\/\/www.visionix.com\/wp-content\/uploads\/2022\/03\/EyeRefract-configuration-space-saving-chart-Visionix-10-768x599-1-300x234.jpg 300w, https:\/\/www.visionix.com\/wp-content\/uploads\/2022\/03\/EyeRefract-configuration-space-saving-chart-Visionix-10-768x599-1-600x468.jpg 600w\" sizes=\"(max-width: 768px) 100vw, 768px\" \/>\t\t\t\t\t\t\t\t\t\t\t\t\t\t\t<\/div>\n\t\t\t\t<\/div>\n\t\t\t\t\t<\/div>\n\t\t<\/div>\n\t\t\t\t\t<\/div>\n\t\t<\/section>\n\t\t\t\t<section class=\"elementor-section elementor-top-section elementor-element elementor-element-3a0d192 elementor-section-boxed elementor-section-height-default elementor-section-height-default\" data-id=\"3a0d192\" data-element_type=\"section\" data-e-type=\"section\">\n\t\t\t\t\t\t<div class=\"elementor-container elementor-column-gap-default\">\n\t\t\t\t\t<div class=\"elementor-column elementor-col-50 elementor-top-column elementor-element elementor-element-495f71f\" data-id=\"495f71f\" data-element_type=\"column\" data-e-type=\"column\">\n\t\t\t<div class=\"elementor-widget-wrap elementor-element-populated\">\n\t\t\t\t\t\t<div class=\"elementor-element elementor-element-fbcf832 elementor-widget elementor-widget-image\" data-id=\"fbcf832\" data-element_type=\"widget\" data-e-type=\"widget\" data-widget_type=\"image.default\">\n\t\t\t\t<div class=\"elementor-widget-container\">\n\t\t\t\t\t\t\t\t\t\t\t\t\t\t\t<img loading=\"lazy\" decoding=\"async\" width=\"800\" height=\"496\" src=\"https:\/\/www.visionix.com\/wp-content\/uploads\/2022\/03\/optovue-avanti-p2-Fast-Progressing-Patient.jpg\" class=\"attachment-large size-large wp-image-2078\" alt=\"\" srcset=\"https:\/\/www.visionix.com\/wp-content\/uploads\/2022\/03\/optovue-avanti-p2-Fast-Progressing-Patient.jpg 800w, https:\/\/www.visionix.com\/wp-content\/uploads\/2022\/03\/optovue-avanti-p2-Fast-Progressing-Patient-300x186.jpg 300w, https:\/\/www.visionix.com\/wp-content\/uploads\/2022\/03\/optovue-avanti-p2-Fast-Progressing-Patient-768x476.jpg 768w, https:\/\/www.visionix.com\/wp-content\/uploads\/2022\/03\/optovue-avanti-p2-Fast-Progressing-Patient-600x372.jpg 600w\" sizes=\"(max-width: 800px) 100vw, 800px\" \/>\t\t\t\t\t\t\t\t\t\t\t\t\t\t\t<\/div>\n\t\t\t\t<\/div>\n\t\t\t\t\t<\/div>\n\t\t<\/div>\n\t\t\t\t<div class=\"elementor-column elementor-col-50 elementor-top-column elementor-element elementor-element-c102846\" data-id=\"c102846\" data-element_type=\"column\" data-e-type=\"column\">\n\t\t\t<div class=\"elementor-widget-wrap elementor-element-populated\">\n\t\t\t\t\t\t<div class=\"elementor-element elementor-element-2e8976e elementor-widget elementor-widget-text-editor\" data-id=\"2e8976e\" data-element_type=\"widget\" data-e-type=\"widget\" data-widget_type=\"text-editor.default\">\n\t\t\t\t<div class=\"elementor-widget-container\">\n\t\t\t\t\t\t\t\t\tDas System eignet sich auch zur \u00dcberwachung eines Krankheitsfortschritts \u00fcber Jahre hinweg: Mehrere Scans k\u00f6nnen gleichzeitig auf dem Bildschirm angezeigt werden, um zu pr\u00fcfen, wie die Gef\u00e4\u00dfdichte bei einer fortschreitenden Erkrankung sichtbar abnimmt. Unser OCT-System erzeugt aussagekr\u00e4ftige Berichte f\u00fcr umfassende Augenuntersuchungen.\t\t\t\t\t\t\t\t<\/div>\n\t\t\t\t<\/div>\n\t\t\t\t<div class=\"elementor-element elementor-element-a44b2d6 elementor-widget elementor-widget-button\" data-id=\"a44b2d6\" data-element_type=\"widget\" data-e-type=\"widget\" data-widget_type=\"button.default\">\n\t\t\t\t<div class=\"elementor-widget-container\">\n\t\t\t\t\t\t\t\t\t<div class=\"elementor-button-wrapper\">\n\t\t\t\t\t<a class=\"elementor-button elementor-button-link elementor-size-sm\" href=\"https:\/\/www.visionix.com\/de\/contact\/\">\n\t\t\t\t\t\t<span class=\"elementor-button-content-wrapper\">\n\t\t\t\t\t\t\t\t\t<span class=\"elementor-button-text\">Sprechen Sie mit einem Experten<\/span>\n\t\t\t\t\t<\/span>\n\t\t\t\t\t<\/a>\n\t\t\t\t<\/div>\n\t\t\t\t\t\t\t\t<\/div>\n\t\t\t\t<\/div>\n\t\t\t\t\t<\/div>\n\t\t<\/div>\n\t\t\t\t\t<\/div>\n\t\t<\/section>\n\t\t\t\t<\/div>\n\t\t","protected":false},"excerpt":{"rendered":"<p>Kliniken Pr\u00e4zise diagnosen Unsere OCT-Ger\u00e4te gestatten eine fr\u00fchzeitige Diagnose von Netzhauterkrankungen und stellen auff\u00e4llige Bilder, die auf eine Makuladegeneration und diabetische Ver\u00e4nderungen hinweisen, besonders heraus. Unsere multifunktionalen OCT- und OCT-A-Ger\u00e4te k\u00f6nnen Augenerkrankungen und Gef\u00e4\u00dfver\u00e4nderungen mit hoher Pr\u00e4zision sichtbar machen und identifizieren. Mit der AngioVue OCT-Angiographie kann festgestellt werden, ob bei einem Patienten eine Netzhautabl\u00f6sung oder [&hellip;]<\/p>\n","protected":false},"author":1,"featured_media":0,"parent":1209,"menu_order":0,"comment_status":"closed","ping_status":"closed","template":"","meta":{"_acf_changed":false,"content-type":"","footnotes":""},"class_list":["post-28607","page","type-page","status-publish","hentry"],"acf":[],"_links":{"self":[{"href":"https:\/\/www.visionix.com\/de\/wp-json\/wp\/v2\/pages\/28607","targetHints":{"allow":["GET"]}}],"collection":[{"href":"https:\/\/www.visionix.com\/de\/wp-json\/wp\/v2\/pages"}],"about":[{"href":"https:\/\/www.visionix.com\/de\/wp-json\/wp\/v2\/types\/page"}],"author":[{"embeddable":true,"href":"https:\/\/www.visionix.com\/de\/wp-json\/wp\/v2\/users\/1"}],"replies":[{"embeddable":true,"href":"https:\/\/www.visionix.com\/de\/wp-json\/wp\/v2\/comments?post=28607"}],"version-history":[{"count":10,"href":"https:\/\/www.visionix.com\/de\/wp-json\/wp\/v2\/pages\/28607\/revisions"}],"predecessor-version":[{"id":31520,"href":"https:\/\/www.visionix.com\/de\/wp-json\/wp\/v2\/pages\/28607\/revisions\/31520"}],"up":[{"embeddable":true,"href":"https:\/\/www.visionix.com\/de\/wp-json\/wp\/v2\/pages\/1209"}],"wp:attachment":[{"href":"https:\/\/www.visionix.com\/de\/wp-json\/wp\/v2\/media?parent=28607"}],"curies":[{"name":"wp","href":"https:\/\/api.w.org\/{rel}","templated":true}]}}