{"id":28594,"date":"2022-02-08T11:21:19","date_gmt":"2022-02-08T10:21:19","guid":{"rendered":"https:\/\/www.visionix.com\/augenheilkunde\/ophthalmology-practice-owner\/"},"modified":"2022-07-22T16:54:01","modified_gmt":"2022-07-22T14:54:01","slug":"arztpraxen","status":"publish","type":"page","link":"https:\/\/www.visionix.com\/de\/augenheilkunde\/arztpraxen\/","title":{"rendered":"Arztpraxen"},"content":{"rendered":"\t\t<div data-elementor-type=\"wp-page\" data-elementor-id=\"28594\" class=\"elementor elementor-28594 elementor-95\" data-elementor-post-type=\"page\">\n\t\t\t\t\t\t<section class=\"elementor-section elementor-top-section elementor-element elementor-element-1a55eed elementor-section-boxed elementor-section-height-default elementor-section-height-default\" data-id=\"1a55eed\" data-element_type=\"section\" data-e-type=\"section\">\n\t\t\t\t\t\t<div class=\"elementor-container elementor-column-gap-default\">\n\t\t\t\t\t<div class=\"elementor-column elementor-col-50 elementor-top-column elementor-element elementor-element-c356549\" data-id=\"c356549\" data-element_type=\"column\" data-e-type=\"column\">\n\t\t\t<div class=\"elementor-widget-wrap elementor-element-populated\">\n\t\t\t\t\t\t<div class=\"elementor-element elementor-element-1646381 elementor-widget elementor-widget-heading\" data-id=\"1646381\" data-element_type=\"widget\" data-e-type=\"widget\" data-widget_type=\"heading.default\">\n\t\t\t\t<div class=\"elementor-widget-container\">\n\t\t\t\t\t<h3 class=\"elementor-heading-title elementor-size-default\">Arztpraxen <\/h3>\t\t\t\t<\/div>\n\t\t\t\t<\/div>\n\t\t\t\t<div class=\"elementor-element elementor-element-b5e875a elementor-widget elementor-widget-heading\" data-id=\"b5e875a\" data-element_type=\"widget\" data-e-type=\"widget\" data-widget_type=\"heading.default\">\n\t\t\t\t<div class=\"elementor-widget-container\">\n\t\t\t\t\t<h1 class=\"elementor-heading-title elementor-size-default\">Mehr zeit f\u00fcr patienten <\/h1>\t\t\t\t<\/div>\n\t\t\t\t<\/div>\n\t\t\t\t<div class=\"elementor-element elementor-element-868e62f elementor-widget elementor-widget-text-editor\" data-id=\"868e62f\" data-element_type=\"widget\" data-e-type=\"widget\" data-widget_type=\"text-editor.default\">\n\t\t\t\t<div class=\"elementor-widget-container\">\n\t\t\t\t\t\t\t\t\tDas Delegieren der Refraktionsbestimmung bietet Kostenvorteile und gew\u00e4hrt \u00c4rzten mehr Zeit f\u00fcr die Beratung und Versorgung ihrer Patienten.\t\t\t\t\t\t\t\t<\/div>\n\t\t\t\t<\/div>\n\t\t\t\t\t<\/div>\n\t\t<\/div>\n\t\t\t\t<div class=\"elementor-column elementor-col-50 elementor-top-column elementor-element elementor-element-618abd6\" data-id=\"618abd6\" data-element_type=\"column\" data-e-type=\"column\">\n\t\t\t<div class=\"elementor-widget-wrap elementor-element-populated\">\n\t\t\t\t\t\t<div class=\"elementor-element elementor-element-2005d20 elementor-widget elementor-widget-image\" data-id=\"2005d20\" data-element_type=\"widget\" data-e-type=\"widget\" data-widget_type=\"image.default\">\n\t\t\t\t<div class=\"elementor-widget-container\">\n\t\t\t\t\t\t\t\t\t\t\t\t\t\t\t<img fetchpriority=\"high\" decoding=\"async\" width=\"800\" height=\"800\" src=\"https:\/\/www.visionix.com\/wp-content\/uploads\/2022\/03\/Request-a-quote2.png\" class=\"attachment-large size-large wp-image-10299\" alt=\"\" srcset=\"https:\/\/www.visionix.com\/wp-content\/uploads\/2022\/03\/Request-a-quote2.png 900w, https:\/\/www.visionix.com\/wp-content\/uploads\/2022\/03\/Request-a-quote2-300x300.png 300w, https:\/\/www.visionix.com\/wp-content\/uploads\/2022\/03\/Request-a-quote2-150x150.png 150w, https:\/\/www.visionix.com\/wp-content\/uploads\/2022\/03\/Request-a-quote2-768x768.png 768w, https:\/\/www.visionix.com\/wp-content\/uploads\/2022\/03\/Request-a-quote2-32x32.png 32w, https:\/\/www.visionix.com\/wp-content\/uploads\/2022\/03\/Request-a-quote2-600x600.png 600w, https:\/\/www.visionix.com\/wp-content\/uploads\/2022\/03\/Request-a-quote2-100x100.png 100w\" sizes=\"(max-width: 800px) 100vw, 800px\" \/>\t\t\t\t\t\t\t\t\t\t\t\t\t\t\t<\/div>\n\t\t\t\t<\/div>\n\t\t\t\t\t<\/div>\n\t\t<\/div>\n\t\t\t\t\t<\/div>\n\t\t<\/section>\n\t\t\t\t<section class=\"elementor-section elementor-top-section elementor-element elementor-element-c116a91 elementor-section-boxed elementor-section-height-default elementor-section-height-default\" data-id=\"c116a91\" data-element_type=\"section\" data-e-type=\"section\">\n\t\t\t\t\t\t<div class=\"elementor-container elementor-column-gap-default\">\n\t\t\t\t\t<div class=\"elementor-column elementor-col-50 elementor-top-column elementor-element elementor-element-9d33823\" data-id=\"9d33823\" data-element_type=\"column\" data-e-type=\"column\">\n\t\t\t<div class=\"elementor-widget-wrap elementor-element-populated\">\n\t\t\t\t\t\t<div class=\"elementor-element elementor-element-1348f6d elementor-widget elementor-widget-image\" data-id=\"1348f6d\" data-element_type=\"widget\" data-e-type=\"widget\" data-widget_type=\"image.default\">\n\t\t\t\t<div class=\"elementor-widget-container\">\n\t\t\t\t\t\t\t\t\t\t\t\t\t\t\t<img decoding=\"async\" width=\"800\" height=\"805\" src=\"https:\/\/www.visionix.com\/wp-content\/uploads\/2022\/03\/About-us-new-way-forward2-1-1018x1024.png\" class=\"attachment-large size-large wp-image-14781\" alt=\"Ein Arzt zeigt die durchgef\u00fchrte Untersuchung mit dem VX650 auf der iScan-Maschine\" srcset=\"https:\/\/www.visionix.com\/wp-content\/uploads\/2022\/03\/About-us-new-way-forward2-1-1018x1024.png 1018w, https:\/\/www.visionix.com\/wp-content\/uploads\/2022\/03\/About-us-new-way-forward2-1-298x300.png 298w, https:\/\/www.visionix.com\/wp-content\/uploads\/2022\/03\/About-us-new-way-forward2-1-150x150.png 150w, https:\/\/www.visionix.com\/wp-content\/uploads\/2022\/03\/About-us-new-way-forward2-1-768x772.png 768w, https:\/\/www.visionix.com\/wp-content\/uploads\/2022\/03\/About-us-new-way-forward2-1-1527x1536.png 1527w, https:\/\/www.visionix.com\/wp-content\/uploads\/2022\/03\/About-us-new-way-forward2-1-32x32.png 32w, https:\/\/www.visionix.com\/wp-content\/uploads\/2022\/03\/About-us-new-way-forward2-1-600x603.png 600w, https:\/\/www.visionix.com\/wp-content\/uploads\/2022\/03\/About-us-new-way-forward2-1-100x100.png 100w, https:\/\/www.visionix.com\/wp-content\/uploads\/2022\/03\/About-us-new-way-forward2-1.png 1746w\" sizes=\"(max-width: 800px) 100vw, 800px\" \/>\t\t\t\t\t\t\t\t\t\t\t\t\t\t\t<\/div>\n\t\t\t\t<\/div>\n\t\t\t\t\t<\/div>\n\t\t<\/div>\n\t\t\t\t<div class=\"elementor-column elementor-col-50 elementor-top-column elementor-element elementor-element-5271efd\" data-id=\"5271efd\" data-element_type=\"column\" data-e-type=\"column\">\n\t\t\t<div class=\"elementor-widget-wrap elementor-element-populated\">\n\t\t\t\t\t\t<div class=\"elementor-element elementor-element-ef44252 elementor-widget elementor-widget-text-editor\" data-id=\"ef44252\" data-element_type=\"widget\" data-e-type=\"widget\" data-widget_type=\"text-editor.default\">\n\t\t\t\t<div class=\"elementor-widget-container\">\n\t\t\t\t\t\t\t\t\tWenn Ihre Praxis mit unseren Ger\u00e4ten ausgestattet ist, kann die Datenerfassung an das Praxispersonal delegiert werden. Augen\u00e4rzte gewinnen somit mehr Zeit f\u00fcr die Beratung und Versorgung ihrer Patienten. Unsere anwenderfreundliche Technologie erfordert einerseits einen minimalen Schulungsaufwand und bietet andererseits hohe Pr\u00e4zision bei der Erkennung von Augenerkrankungen.\t\t\t\t\t\t\t\t<\/div>\n\t\t\t\t<\/div>\n\t\t\t\t<div class=\"elementor-element elementor-element-8c1cf16 elementor-widget elementor-widget-button\" data-id=\"8c1cf16\" data-element_type=\"widget\" data-e-type=\"widget\" data-widget_type=\"button.default\">\n\t\t\t\t<div class=\"elementor-widget-container\">\n\t\t\t\t\t\t\t\t\t<div class=\"elementor-button-wrapper\">\n\t\t\t\t\t<a class=\"elementor-button elementor-button-link elementor-size-sm\" href=\"https:\/\/www.visionix.com\/de\/contact\/\">\n\t\t\t\t\t\t<span class=\"elementor-button-content-wrapper\">\n\t\t\t\t\t\t\t\t\t<span class=\"elementor-button-text\">Sprechen Sie mit einem Experten<\/span>\n\t\t\t\t\t<\/span>\n\t\t\t\t\t<\/a>\n\t\t\t\t<\/div>\n\t\t\t\t\t\t\t\t<\/div>\n\t\t\t\t<\/div>\n\t\t\t\t\t<\/div>\n\t\t<\/div>\n\t\t\t\t\t<\/div>\n\t\t<\/section>\n\t\t\t\t<section class=\"elementor-section elementor-top-section elementor-element elementor-element-4b86e76 elementor-section-boxed elementor-section-height-default elementor-section-height-default\" data-id=\"4b86e76\" data-element_type=\"section\" data-e-type=\"section\">\n\t\t\t\t\t\t<div class=\"elementor-container elementor-column-gap-default\">\n\t\t\t\t\t<div class=\"elementor-column elementor-col-50 elementor-top-column elementor-element elementor-element-2849de5\" data-id=\"2849de5\" data-element_type=\"column\" data-e-type=\"column\">\n\t\t\t<div class=\"elementor-widget-wrap elementor-element-populated\">\n\t\t\t\t\t\t<div class=\"elementor-element elementor-element-2a2ab0c elementor-widget elementor-widget-text-editor\" data-id=\"2a2ab0c\" data-element_type=\"widget\" data-e-type=\"widget\" data-widget_type=\"text-editor.default\">\n\t\t\t\t<div class=\"elementor-widget-container\">\n\t\t\t\t\t\t\t\t\tDer Visionix Eye Refract ist die ideale L\u00f6sung f\u00fcr niedergelassene Augen\u00e4rzte, die ihren Refraktionsprozess beschleunigen m\u00f6chten. Ergebnisse aus der Praxis belegen, dass der Eye Refract korrekte Verordnungen mit h\u00f6herer Wiederholbarkeit generiert als eine  Refraktionsbestimmung durch verschiedene Anwender. \t\t\t\t\t\t\t\t<\/div>\n\t\t\t\t<\/div>\n\t\t\t\t<div class=\"elementor-element elementor-element-6055f55 elementor-widget elementor-widget-button\" data-id=\"6055f55\" data-element_type=\"widget\" data-e-type=\"widget\" data-widget_type=\"button.default\">\n\t\t\t\t<div class=\"elementor-widget-container\">\n\t\t\t\t\t\t\t\t\t<div class=\"elementor-button-wrapper\">\n\t\t\t\t\t<a class=\"elementor-button elementor-button-link elementor-size-sm\" href=\"https:\/\/www.visionix.com\/de\/contact\/\">\n\t\t\t\t\t\t<span class=\"elementor-button-content-wrapper\">\n\t\t\t\t\t\t\t\t\t<span class=\"elementor-button-text\">Sprechen Sie mit einem Experten<\/span>\n\t\t\t\t\t<\/span>\n\t\t\t\t\t<\/a>\n\t\t\t\t<\/div>\n\t\t\t\t\t\t\t\t<\/div>\n\t\t\t\t<\/div>\n\t\t\t\t\t<\/div>\n\t\t<\/div>\n\t\t\t\t<div class=\"elementor-column elementor-col-50 elementor-top-column elementor-element elementor-element-257086c\" data-id=\"257086c\" data-element_type=\"column\" data-e-type=\"column\">\n\t\t\t<div class=\"elementor-widget-wrap elementor-element-populated\">\n\t\t\t\t\t\t<div class=\"elementor-element elementor-element-8e5afb4 elementor-widget elementor-widget-image\" data-id=\"8e5afb4\" data-element_type=\"widget\" data-e-type=\"widget\" data-widget_type=\"image.default\">\n\t\t\t\t<div class=\"elementor-widget-container\">\n\t\t\t\t\t\t\t\t\t\t\t\t\t\t\t<img decoding=\"async\" width=\"800\" height=\"501\" src=\"https:\/\/www.visionix.com\/wp-content\/uploads\/2022\/05\/Screening-device-1024x641.png\" class=\"attachment-large size-large wp-image-27630\" alt=\"Screening device\" srcset=\"https:\/\/www.visionix.com\/wp-content\/uploads\/2022\/05\/Screening-device-1024x641.png 1024w, https:\/\/www.visionix.com\/wp-content\/uploads\/2022\/05\/Screening-device-300x188.png 300w, https:\/\/www.visionix.com\/wp-content\/uploads\/2022\/05\/Screening-device-768x481.png 768w, https:\/\/www.visionix.com\/wp-content\/uploads\/2022\/05\/Screening-device-600x376.png 600w, https:\/\/www.visionix.com\/wp-content\/uploads\/2022\/05\/Screening-device.png 1333w\" sizes=\"(max-width: 800px) 100vw, 800px\" \/>\t\t\t\t\t\t\t\t\t\t\t\t\t\t\t<\/div>\n\t\t\t\t<\/div>\n\t\t\t\t\t<\/div>\n\t\t<\/div>\n\t\t\t\t\t<\/div>\n\t\t<\/section>\n\t\t\t\t<section class=\"elementor-section elementor-top-section elementor-element elementor-element-59de791 elementor-section-boxed elementor-section-height-default elementor-section-height-default\" data-id=\"59de791\" data-element_type=\"section\" data-e-type=\"section\">\n\t\t\t\t\t\t<div class=\"elementor-container elementor-column-gap-default\">\n\t\t\t\t\t<div class=\"elementor-column elementor-col-50 elementor-top-column elementor-element elementor-element-47702c1\" data-id=\"47702c1\" data-element_type=\"column\" data-e-type=\"column\">\n\t\t\t<div class=\"elementor-widget-wrap elementor-element-populated\">\n\t\t\t\t\t\t<div class=\"elementor-element elementor-element-5a59c02 elementor-widget elementor-widget-image\" data-id=\"5a59c02\" data-element_type=\"widget\" data-e-type=\"widget\" data-widget_type=\"image.default\">\n\t\t\t\t<div class=\"elementor-widget-container\">\n\t\t\t\t\t\t\t\t\t\t\t\t\t\t\t<img loading=\"lazy\" decoding=\"async\" width=\"800\" height=\"531\" src=\"https:\/\/www.visionix.com\/wp-content\/uploads\/2022\/05\/full-exam-1024x680.png\" class=\"attachment-large size-large wp-image-27798\" alt=\"\" srcset=\"https:\/\/www.visionix.com\/wp-content\/uploads\/2022\/05\/full-exam-1024x680.png 1024w, https:\/\/www.visionix.com\/wp-content\/uploads\/2022\/05\/full-exam-300x199.png 300w, https:\/\/www.visionix.com\/wp-content\/uploads\/2022\/05\/full-exam-768x510.png 768w, https:\/\/www.visionix.com\/wp-content\/uploads\/2022\/05\/full-exam-600x399.png 600w, https:\/\/www.visionix.com\/wp-content\/uploads\/2022\/05\/full-exam.png 1255w\" sizes=\"(max-width: 800px) 100vw, 800px\" \/>\t\t\t\t\t\t\t\t\t\t\t\t\t\t\t<\/div>\n\t\t\t\t<\/div>\n\t\t\t\t\t<\/div>\n\t\t<\/div>\n\t\t\t\t<div class=\"elementor-column elementor-col-50 elementor-top-column elementor-element elementor-element-1bec92b\" data-id=\"1bec92b\" data-element_type=\"column\" data-e-type=\"column\">\n\t\t\t<div class=\"elementor-widget-wrap elementor-element-populated\">\n\t\t\t\t\t\t<div class=\"elementor-element elementor-element-b94db3d elementor-widget elementor-widget-text-editor\" data-id=\"b94db3d\" data-element_type=\"widget\" data-e-type=\"widget\" data-widget_type=\"text-editor.default\">\n\t\t\t\t<div class=\"elementor-widget-container\">\n\t\t\t\t\t\t\t\t\tPatienten sind beeindruckt von der Effizienz und Pr\u00e4zision des Eye-Refract-Systems. Das Verfahren wird f\u00fcr die Patienten erheblich beschleunigt und ben\u00f6tigt nur halb so viel Zeit wie die Refraktionsbestimmung mit einem herk\u00f6mmlichen Phoropter.\t\t\t\t\t\t\t\t<\/div>\n\t\t\t\t<\/div>\n\t\t\t\t<div class=\"elementor-element elementor-element-65a7256 elementor-widget elementor-widget-button\" data-id=\"65a7256\" data-element_type=\"widget\" data-e-type=\"widget\" data-widget_type=\"button.default\">\n\t\t\t\t<div class=\"elementor-widget-container\">\n\t\t\t\t\t\t\t\t\t<div class=\"elementor-button-wrapper\">\n\t\t\t\t\t<a class=\"elementor-button elementor-button-link elementor-size-sm\" href=\"https:\/\/www.visionix.com\/de\/contact\/\">\n\t\t\t\t\t\t<span class=\"elementor-button-content-wrapper\">\n\t\t\t\t\t\t\t\t\t<span class=\"elementor-button-text\">Sprechen Sie mit einem Experten<\/span>\n\t\t\t\t\t<\/span>\n\t\t\t\t\t<\/a>\n\t\t\t\t<\/div>\n\t\t\t\t\t\t\t\t<\/div>\n\t\t\t\t<\/div>\n\t\t\t\t\t<\/div>\n\t\t<\/div>\n\t\t\t\t\t<\/div>\n\t\t<\/section>\n\t\t\t\t<section class=\"elementor-section elementor-top-section elementor-element elementor-element-7b3b8b3 elementor-section-boxed elementor-section-height-default elementor-section-height-default\" data-id=\"7b3b8b3\" data-element_type=\"section\" data-e-type=\"section\">\n\t\t\t\t\t\t<div class=\"elementor-container elementor-column-gap-default\">\n\t\t\t\t\t<div class=\"elementor-column elementor-col-50 elementor-top-column elementor-element elementor-element-989e634\" data-id=\"989e634\" data-element_type=\"column\" data-e-type=\"column\">\n\t\t\t<div class=\"elementor-widget-wrap elementor-element-populated\">\n\t\t\t\t\t\t<div class=\"elementor-element elementor-element-712449e elementor-widget elementor-widget-text-editor\" data-id=\"712449e\" data-element_type=\"widget\" data-e-type=\"widget\" data-widget_type=\"text-editor.default\">\n\t\t\t\t<div class=\"elementor-widget-container\">\n\t\t\t\t\t\t\t\t\tDurch den unterschiedlichen Kenntnisstand verschiedener Refraktionsspezialisten entstehen Unsicherheiten, das spielt mit dem Eye Refract keine Rolle mehr. Die mit dem Eye Refract erzielten Resultate sind absolut reproduzierbar. Die Schulung zur Systembedienung ist ausgesprochen einfach und ben\u00f6tigt kaum Zeit. Klinische Spezialisten von Visionix schulen neue Anwender, die  den tablet-gesteuerten Prozesses aufgrund seiner vorgegebenen aufeinanderfolgenden Arbeitsschritte schnell verinnerlichen. So k\u00f6nnen direkt von Beginn an zuverl\u00e4ssige Verordnungsempfehlungen gewonnen werden.  \t\t\t\t\t\t\t\t<\/div>\n\t\t\t\t<\/div>\n\t\t\t\t<div class=\"elementor-element elementor-element-0c7b9d3 elementor-widget elementor-widget-button\" data-id=\"0c7b9d3\" data-element_type=\"widget\" data-e-type=\"widget\" data-widget_type=\"button.default\">\n\t\t\t\t<div class=\"elementor-widget-container\">\n\t\t\t\t\t\t\t\t\t<div class=\"elementor-button-wrapper\">\n\t\t\t\t\t<a class=\"elementor-button elementor-button-link elementor-size-sm\" href=\"https:\/\/www.visionix.com\/de\/contact\/\">\n\t\t\t\t\t\t<span class=\"elementor-button-content-wrapper\">\n\t\t\t\t\t\t\t\t\t<span class=\"elementor-button-text\">Sprechen Sie mit einem Experten<\/span>\n\t\t\t\t\t<\/span>\n\t\t\t\t\t<\/a>\n\t\t\t\t<\/div>\n\t\t\t\t\t\t\t\t<\/div>\n\t\t\t\t<\/div>\n\t\t\t\t\t<\/div>\n\t\t<\/div>\n\t\t\t\t<div class=\"elementor-column elementor-col-50 elementor-top-column elementor-element elementor-element-2652336\" data-id=\"2652336\" data-element_type=\"column\" data-e-type=\"column\">\n\t\t\t<div class=\"elementor-widget-wrap elementor-element-populated\">\n\t\t\t\t\t\t<div class=\"elementor-element elementor-element-a2c1ae9 elementor-widget elementor-widget-image\" data-id=\"a2c1ae9\" data-element_type=\"widget\" data-e-type=\"widget\" data-widget_type=\"image.default\">\n\t\t\t\t<div class=\"elementor-widget-container\">\n\t\t\t\t\t\t\t\t\t\t\t\t\t\t\t<img loading=\"lazy\" decoding=\"async\" width=\"800\" height=\"451\" src=\"https:\/\/www.visionix.com\/wp-content\/uploads\/2022\/06\/Eye-Refract-tablet-1024x577.png\" class=\"attachment-large size-large wp-image-28190\" alt=\"\" srcset=\"https:\/\/www.visionix.com\/wp-content\/uploads\/2022\/06\/Eye-Refract-tablet-1024x577.png 1024w, https:\/\/www.visionix.com\/wp-content\/uploads\/2022\/06\/Eye-Refract-tablet-300x169.png 300w, https:\/\/www.visionix.com\/wp-content\/uploads\/2022\/06\/Eye-Refract-tablet-768x433.png 768w, https:\/\/www.visionix.com\/wp-content\/uploads\/2022\/06\/Eye-Refract-tablet-1536x866.png 1536w, https:\/\/www.visionix.com\/wp-content\/uploads\/2022\/06\/Eye-Refract-tablet-600x338.png 600w, https:\/\/www.visionix.com\/wp-content\/uploads\/2022\/06\/Eye-Refract-tablet.png 1826w\" sizes=\"(max-width: 800px) 100vw, 800px\" \/>\t\t\t\t\t\t\t\t\t\t\t\t\t\t\t<\/div>\n\t\t\t\t<\/div>\n\t\t\t\t\t<\/div>\n\t\t<\/div>\n\t\t\t\t\t<\/div>\n\t\t<\/section>\n\t\t\t\t<section class=\"elementor-section elementor-top-section elementor-element elementor-element-ac902c3 elementor-section-boxed elementor-section-height-default elementor-section-height-default\" data-id=\"ac902c3\" data-element_type=\"section\" data-e-type=\"section\">\n\t\t\t\t\t\t<div class=\"elementor-container elementor-column-gap-default\">\n\t\t\t\t\t<div class=\"elementor-column elementor-col-50 elementor-top-column elementor-element elementor-element-0ada78c\" data-id=\"0ada78c\" data-element_type=\"column\" data-e-type=\"column\">\n\t\t\t<div class=\"elementor-widget-wrap elementor-element-populated\">\n\t\t\t\t\t\t<div class=\"elementor-element elementor-element-35b0fce elementor-widget elementor-widget-image\" data-id=\"35b0fce\" data-element_type=\"widget\" data-e-type=\"widget\" data-widget_type=\"image.default\">\n\t\t\t\t<div class=\"elementor-widget-container\">\n\t\t\t\t\t\t\t\t\t\t\t\t\t\t\t<img loading=\"lazy\" decoding=\"async\" width=\"800\" height=\"465\" src=\"https:\/\/www.visionix.com\/wp-content\/uploads\/2022\/06\/Eye-Refract-technician-1024x595.png\" class=\"attachment-large size-large wp-image-28198\" alt=\"\" srcset=\"https:\/\/www.visionix.com\/wp-content\/uploads\/2022\/06\/Eye-Refract-technician-1024x595.png 1024w, https:\/\/www.visionix.com\/wp-content\/uploads\/2022\/06\/Eye-Refract-technician-300x174.png 300w, https:\/\/www.visionix.com\/wp-content\/uploads\/2022\/06\/Eye-Refract-technician-768x446.png 768w, https:\/\/www.visionix.com\/wp-content\/uploads\/2022\/06\/Eye-Refract-technician-600x348.png 600w, https:\/\/www.visionix.com\/wp-content\/uploads\/2022\/06\/Eye-Refract-technician.png 1185w\" sizes=\"(max-width: 800px) 100vw, 800px\" \/>\t\t\t\t\t\t\t\t\t\t\t\t\t\t\t<\/div>\n\t\t\t\t<\/div>\n\t\t\t\t\t<\/div>\n\t\t<\/div>\n\t\t\t\t<div class=\"elementor-column elementor-col-50 elementor-top-column elementor-element elementor-element-8eee81e\" data-id=\"8eee81e\" data-element_type=\"column\" data-e-type=\"column\">\n\t\t\t<div class=\"elementor-widget-wrap elementor-element-populated\">\n\t\t\t\t\t\t<div class=\"elementor-element elementor-element-0ea37cb elementor-widget elementor-widget-text-editor\" data-id=\"0ea37cb\" data-element_type=\"widget\" data-e-type=\"widget\" data-widget_type=\"text-editor.default\">\n\t\t\t\t<div class=\"elementor-widget-container\">\n\t\t\t\t\t\t\t\t\tVor dem eigentlichen Gespr\u00e4ch mit dem Augenarzt k\u00f6nnen die erforderlichen Daten bereits von einem in der Bedienung des Ger\u00e4ts geschulten Anwender beim Patienten erfasst werden. \u00dcber ein elektronisches Patientenaktensystem k\u00f6nnen \u00c4rzte dann nahtlos auf die zuverl\u00e4ssigen Untersuchungsdaten zugreifen.\t\t\t\t\t\t\t\t<\/div>\n\t\t\t\t<\/div>\n\t\t\t\t<div class=\"elementor-element elementor-element-c28e63e elementor-widget elementor-widget-button\" data-id=\"c28e63e\" data-element_type=\"widget\" data-e-type=\"widget\" data-widget_type=\"button.default\">\n\t\t\t\t<div class=\"elementor-widget-container\">\n\t\t\t\t\t\t\t\t\t<div class=\"elementor-button-wrapper\">\n\t\t\t\t\t<a class=\"elementor-button elementor-button-link elementor-size-sm\" href=\"https:\/\/www.visionix.com\/de\/contact\/\">\n\t\t\t\t\t\t<span class=\"elementor-button-content-wrapper\">\n\t\t\t\t\t\t\t\t\t<span class=\"elementor-button-text\">Sprechen Sie mit einem Experten<\/span>\n\t\t\t\t\t<\/span>\n\t\t\t\t\t<\/a>\n\t\t\t\t<\/div>\n\t\t\t\t\t\t\t\t<\/div>\n\t\t\t\t<\/div>\n\t\t\t\t\t<\/div>\n\t\t<\/div>\n\t\t\t\t\t<\/div>\n\t\t<\/section>\n\t\t\t\t<\/div>\n\t\t","protected":false},"excerpt":{"rendered":"<p>Arztpraxen Mehr zeit f\u00fcr patienten Das Delegieren der Refraktionsbestimmung bietet Kostenvorteile und gew\u00e4hrt \u00c4rzten mehr Zeit f\u00fcr die Beratung und Versorgung ihrer Patienten. Wenn Ihre Praxis mit unseren Ger\u00e4ten ausgestattet ist, kann die Datenerfassung an das Praxispersonal delegiert werden. Augen\u00e4rzte gewinnen somit mehr Zeit f\u00fcr die Beratung und Versorgung ihrer Patienten. Unsere anwenderfreundliche Technologie erfordert [&hellip;]<\/p>\n","protected":false},"author":1,"featured_media":0,"parent":1209,"menu_order":0,"comment_status":"closed","ping_status":"closed","template":"","meta":{"_acf_changed":false,"content-type":"","footnotes":""},"class_list":["post-28594","page","type-page","status-publish","hentry"],"acf":[],"_links":{"self":[{"href":"https:\/\/www.visionix.com\/de\/wp-json\/wp\/v2\/pages\/28594","targetHints":{"allow":["GET"]}}],"collection":[{"href":"https:\/\/www.visionix.com\/de\/wp-json\/wp\/v2\/pages"}],"about":[{"href":"https:\/\/www.visionix.com\/de\/wp-json\/wp\/v2\/types\/page"}],"author":[{"embeddable":true,"href":"https:\/\/www.visionix.com\/de\/wp-json\/wp\/v2\/users\/1"}],"replies":[{"embeddable":true,"href":"https:\/\/www.visionix.com\/de\/wp-json\/wp\/v2\/comments?post=28594"}],"version-history":[{"count":10,"href":"https:\/\/www.visionix.com\/de\/wp-json\/wp\/v2\/pages\/28594\/revisions"}],"predecessor-version":[{"id":31508,"href":"https:\/\/www.visionix.com\/de\/wp-json\/wp\/v2\/pages\/28594\/revisions\/31508"}],"up":[{"embeddable":true,"href":"https:\/\/www.visionix.com\/de\/wp-json\/wp\/v2\/pages\/1209"}],"wp:attachment":[{"href":"https:\/\/www.visionix.com\/de\/wp-json\/wp\/v2\/media?parent=28594"}],"curies":[{"name":"wp","href":"https:\/\/api.w.org\/{rel}","templated":true}]}}