{"id":12744,"date":"2022-02-04T13:52:11","date_gmt":"2022-02-04T12:52:11","guid":{"rendered":"https:\/\/www.visionix.com\/politique-de-confidentialite\/"},"modified":"2022-07-12T11:36:46","modified_gmt":"2022-07-12T09:36:46","slug":"datenschutzerklaerung","status":"publish","type":"page","link":"https:\/\/www.visionix.com\/de\/datenschutzerklaerung\/","title":{"rendered":"Datenschutzerkl\u00e4rung"},"content":{"rendered":"\t\t<div data-elementor-type=\"wp-page\" data-elementor-id=\"12744\" class=\"elementor elementor-12744 elementor-3\" data-elementor-post-type=\"page\">\n\t\t\t\t\t\t<section class=\"elementor-section elementor-top-section elementor-element elementor-element-7d8b7e8 elementor-section-boxed elementor-section-height-default elementor-section-height-default\" data-id=\"7d8b7e8\" data-element_type=\"section\" data-e-type=\"section\">\n\t\t\t\t\t\t<div class=\"elementor-container elementor-column-gap-default\">\n\t\t\t\t\t<div class=\"elementor-column elementor-col-100 elementor-top-column elementor-element elementor-element-8a8e844\" data-id=\"8a8e844\" data-element_type=\"column\" data-e-type=\"column\">\n\t\t\t<div class=\"elementor-widget-wrap elementor-element-populated\">\n\t\t\t\t\t\t<div class=\"elementor-element elementor-element-13156a0 elementor-widget elementor-widget-heading\" data-id=\"13156a0\" data-element_type=\"widget\" data-e-type=\"widget\" data-widget_type=\"heading.default\">\n\t\t\t\t<div class=\"elementor-widget-container\">\n\t\t\t\t\t<h1 class=\"elementor-heading-title elementor-size-default\">Datenschutzerkl\u00e4rung<\/h1>\t\t\t\t<\/div>\n\t\t\t\t<\/div>\n\t\t\t\t\t<\/div>\n\t\t<\/div>\n\t\t\t\t\t<\/div>\n\t\t<\/section>\n\t\t\t\t<section class=\"elementor-section elementor-top-section elementor-element elementor-element-19d60fb7 elementor-section-boxed elementor-section-height-default elementor-section-height-default\" data-id=\"19d60fb7\" data-element_type=\"section\" data-e-type=\"section\">\n\t\t\t\t\t\t<div class=\"elementor-container elementor-column-gap-default\">\n\t\t\t\t\t<div class=\"elementor-column elementor-col-100 elementor-top-column elementor-element elementor-element-40e08dae\" data-id=\"40e08dae\" data-element_type=\"column\" data-e-type=\"column\">\n\t\t\t<div class=\"elementor-widget-wrap elementor-element-populated\">\n\t\t\t\t\t\t<div class=\"elementor-element elementor-element-47e9ca2b elementor-widget elementor-widget-text-editor\" data-id=\"47e9ca2b\" data-element_type=\"widget\" data-e-type=\"widget\" data-widget_type=\"text-editor.default\">\n\t\t\t\t<div class=\"elementor-widget-container\">\n\t\t\t\t\t\t\t\t\t<p><strong>Credits<\/strong><\/p><p>Grafik und Entwicklung : <a href=\"https:\/\/www.lepavillonrouge.com\/\" target=\"_blank\" rel=\"noopener\">Digitalagentur Le Pavillon Rouge &#8211; lepavillonrouge.com<\/a><br \/>Design: <a href=\"https:\/\/www.jubyl.com\/\" target=\"_blank\" rel=\"noopener\">jubyl.com<\/a><br \/>Bildnachweis: Fotolia, Pixabay, Eric Bienvenu, David Morganti<\/p><p><strong>Die EU-DSGVO (Datenschutz-Grundverordnung)<\/strong> ist seit dem 25. Mai 2018 in Kraft und gilt f\u00fcr alle Mitgliedstaaten der Europ\u00e4ischen Union.<\/p><p>Die Internetseite visionix.de verbindet Internetnutzer (Kunden oder potenzielle Kunden) mit der deutschen Niederlassung der Gruppe Visionix, VISIONIX DEUTSCHLAND GMBH, insbesondere in Form von Anfragen nach Kostenvoranschl\u00e4gen, Kontaktanfragen sowie Anfragen nach telefonischem R\u00fcckruf.<\/p><p>Zum Zwecke der R\u00fcckmeldung m\u00fcssen die Kunden\/potenziellen Kunden personenbezogene Daten preisgeben, die gem\u00e4\u00df der vorliegenden Datenschutzpolitik erfasst, bearbeitet und gesch\u00fctzt werden.<\/p><p>Das Unternehmen respektiert den Schutz der Privatsph\u00e4re und der personenbezogenen Daten von Kunden\/potenziellen Kunden setzt sich f\u00fcr die Einhaltung der einschl\u00e4gig geltenden Vorschriften ein.<\/p><ol><li><strong> Den Kunden\/potenziellen Kunden betreffende personenbezogene Daten<\/strong><\/li><li><strong>A) Welche personenbezogenen Daten werden erfasst und warum?<\/strong><\/li><li><strong>a) Einrichtung eines Kontos<\/strong>:<\/li><\/ol><p>Der Kunde\/potenzielle Kunde besitzt die M\u00f6glichkeit, ein Konto einzurichten, um auf seinen pers\u00f6nlichen Bereich zuzugreifen. Dazu muss er seine E-Mail-Adresse und ein Passwort eingeben. Das Passwort ist verschl\u00fcsselt und gelangt nicht in die Kenntnis von VISIONIX DEUTSCHLAND GMBH.<\/p><p>Weitere Daten umfassen Namen, Vornamen, Unternehmen, Stadt, Telefonnummer, Firma und Unternehmensform.<\/p><p>\u00dcber sein Konto kann der Kunde\/potenzielle Kunde seine personenbezogenen Daten verwalten und auf die \u00fcber die Internetseite gestellten Anfragen zugreifen.<\/p><ol><li><strong>b) Formulare:<\/strong><\/li><\/ol><p><strong>Antragsformular \u201eKostenvoranschlag anfordern\u201c:<\/strong><\/p><p>Pflichtangaben:\u00a0Die vom Kunden\/potenziellen Kunden im Antragsformular \u201eKostenvoranschlag anfordern\u201c angeforderten Pflichtangaben sind Folgende: Vorname, Name, Adresse, E-Mail, Telefonnummer, PLZ, Stadt, Art des Kunden\/potenziellen Kunden (Augenarzt\/Optiker\/Orthoptist) und Unternehmen.<\/p><p>Zudem erfasst das Unternehmen folgende Daten:<\/p><ul><li>Benutzername des Kunden\/potenzielle Kunden<\/li><li>Datum der Erstellung und Sendedatum der Anfrage<\/li><li>Interessengebiet<\/li><\/ul><p><strong>Antragsformular \u201eKontaktanfrage\u201c:<\/strong><\/p><p>Die vom Kunden\/potenziellen Kunden im Antragsformular \u201eKontaktanfrage\u201c angeforderten Pflichtangaben sind Folgende: Kontaktkategorie, Abteilung, Beruf, Name, E-Mail, Telefonnummer und Inhalt der Anfrage. Diese Daten werden weder gespeichert noch weiterverarbeitet und dienen ausschlie\u00dflich zur Beantwortung der Anfrage des Kunden\/potenziellen Kunden.<\/p><p><strong>Antragsformular \u201eSofortiger R\u00fcckruf\u201c:<\/strong><\/p><p>Die vom Kunden\/potenziellen Kunden im Antragsformular \u201eSofortiger R\u00fcckruf\u201c angeforderten Pflichtangaben sind Folgende: Abteilung, Beruf, Name, Telefonnummer und Nachricht.<\/p><p>Diese Daten werden weder gespeichert noch weiterverarbeitet und dienen ausschlie\u00dflich zur Beantwortung der Anfrage des Kunden\/potenziellen Kunden.<\/p><p>Zweck:\u00a0Die Offenlegung dieser personenbezogenen Daten durch den Kunden\/potenziellen Kunde ist notwendig, damit das Unternehmen die Anfragen nach Kostenvoranschl\u00e4gen, technischer Beratung, R\u00fcckruf oder Informationen beantworten kann.<\/p><p>Die bei der Einrichtung eines Kontos oder der Anforderung eines Kostenvoranschlags preisgegebenen personenbezogenen Daten erm\u00f6glichen dem Unternehmen zudem, die Datenbank seiner Kunden\/potenziellen Kunden zu verwalten, die Beziehungen zu seinen Kunden\/potenziellen Kunden nachzuverfolgen und gegebenenfalls seinen gesetzlichen Verpflichtungen nachzukommen.<\/p><p>Die im Rahmen der Einrichtung eines Kontos erfassten Daten dienen dem Kunden\/potenziellen Kunden zur Erstellung und Verwaltung seines Kontos.<\/p><p>Fachleute, die nicht zur Offenlegung dieser Pflichtangaben bereit sind, k\u00f6nnen weder einen Antrag stellen, noch Informationen anfordern oder ein Konto einrichten.<\/p><ol><li><strong>B) Wie werden personenbezogene Daten bearbeitet?<\/strong><\/li><\/ol><p>Die personenbezogenen Daten werden vom Unternehmen elektronisch bearbeitet.<\/p><p>VISIONIX DEUTSCHLAND GMBH verpflichtet sich, diese Daten weder in einem anderen Rahmen zu nutzen oder sie an Dritte weiterzuleiten, davon ausgeschlossen sind die nachstehend aufgef\u00fchrten F\u00e4lle oder die ausdr\u00fcckliche Zustimmung seitens des betreffenden Kunden\/potenziellen Kunden.<\/p><p>Empf\u00e4nger:\u00a0Gem\u00e4\u00df der obenstehenden Zweckbestimmung werden die personenbezogenen Daten von Kunden\/potenziellen Kunden an folgende Abteilungen weitergeleitet: an die Gesch\u00e4ftsabteilung oder den technischen Dienst zur Beantwortung von Anfragen oder an die Verwaltungsabteilung, um auf Anforderungen von Kostenvoranschl\u00e4gen einzugehen.<\/p><p>Subunternehmen:\u00a0Personenbezogene Daten werden nur dann gegen\u00fcber Dritten (Personal, verbundenen Unternehmen oder Lieferanten) offenbart, wenn eine vorherige Vereinbarung im Sinne der obenstehenden Zweckbestimmungen oder zu Informationszwecken zugrunde liegt. Visionix ergreift jegliche Vorkehrungen, um sicherzustellen, dass diese Empf\u00e4nger die einschl\u00e4gig geltenden Vorschriften einhalten. Lieferanten d\u00fcrfen personenbezogene Daten nur unter Beachtung der Anweisungen von VISIONIX DEUTSCHLAND GMBH bearbeiten.<\/p><p>Aufbewahrung und Archivierung:\u00a0Kunden\/potenzielle Kunden betreffende personenbezogene Daten werden zu Zwecken der Verwaltung von Kundenkarteien und gegebenenfalls der Kundengewinnung f\u00fcr einen Zeitraum von 3 Jahren aufbewahrt. Der Archivierungszeitraum betr\u00e4gt maximal 5 Jahre und ist erforderlich f\u00fcr die Geltendmachung, Aus\u00fcbung oder Verteidigung von Rechtsanspr\u00fcchen (Verj\u00e4hrungszeitraum).<\/p><p>Dieser Zeitraum beginnt am Enddatum der Beziehungen zwischen dem Kunden\/potenziellen Kunden und VISIONIX DEUTSCHLAND GMBH, insbesondere ab der letzten Anfrage oder dem letzten Kontakt oder, falls ein Konto eingerichtet wurde, am Datum der L\u00f6schung dieses Kontos.<\/p><p>VISIONIX DEUTSCHLAND GMBH trifft s\u00e4mtliche Vorkehrungen, um diese personenbezogene Daten unter angemessenen Sicherheitsbedingungen unter Einhaltung der geltenden Vorschriften gem\u00e4\u00df dem aktuellen Stand der Technik aufzubewahren und zu archivieren.<\/p><ol><li><strong>C) Welche Rechte k\u00f6nnen bez\u00fcglich offengelegter personenbezogener Daten geltend gemacht werden?<\/strong><\/li><\/ol><p>Jede Person, die personenbezogene Daten gegen\u00fcber VISIONIX DEUTSCHLAND GMBH offengelegt hat, besitzt bez\u00fcglich derselben folgende Rechte:<\/p><p>Recht auf Zugriff und Berichtigung:<\/p><p>Recht auf L\u00f6schung der Daten (\u201eRecht auf Vergessen werden\u201c), Recht auf eingeschr\u00e4nkte Bearbeitung und Recht auf Widerspruch gegen die Verarbeitung in den durch die geltende Gesetzgebung vorgegebenen F\u00e4llen.<\/p><p>Dar\u00fcber hinaus besitzt gem\u00e4\u00df Artikel L223-1 ff. des franz\u00f6sischen Verbraucherschutzgesetzes jeder Kunde\/potenzielle Kunde in seiner Rolle als Verbraucher das Recht, sich in die Liste zur Ablehnung von Telefonwerbung eintragen zu lassen;<\/p><p>Recht auf Festlegung der Modalit\u00e4ten bez\u00fcglich des Fortbestands der ihn betreffenden personenbezogenen Daten nach seinem Ableben;<\/p><p>Recht auf \u00dcbertragbarkeit der dem Editor gegen\u00fcber offengelegten Rohdaten;<\/p><p>Recht der Einreichung einer Beschwerde bei der Datenschutzbeh\u00f6rde.<\/p><p>Diese Rechte k\u00f6nnen durch Versenden einer Mitteilung an die E-Mail-Adresse\u00a0contact@visionix.com\u00a0oder auf dem Postweg an die Anschrift des Gesch\u00e4ftssitzes des Unternehmens geltend gemacht werden.<\/p><p>Diese Rechte m\u00fcssen unter den durch die geltende Gesetzgebung vorgesehenen Bedingungen ausge\u00fcbt werden. Insbesondere wird der Antragsteller aufgefordert, die Kopie seines Ausweisdokuments beizuf\u00fcgen, um seine Identit\u00e4t gegen\u00fcber dem Unternehmen nachzuweisen und jeglichen unbefugten Zugriff auf die betreffenden personenbezogenen Daten zu verhindern.<\/p><ol><li><strong> Newsletter<\/strong><\/li><\/ol><p>Die vom Kunden\/potenziellen Kunden offengelegten personenbezogenen Daten k\u00f6nnen von VISIONIX DEUTSCHLAND GMBH verwendet werden, um E-Mails mit Informationen \u00fcber das Unternehmen, seine T\u00e4tigkeiten, Produkte oder Dienstleistungen zu versenden.<\/p><p>Jede Person besitzt die M\u00f6glichkeit, jederzeit von ihrem Recht Gebrauch zu machen, die Informations-E-Mails seitens VISIONIX DEUTSCHLAND GMBH abzulehnen.<\/p><p>Mit den nachfolgenden Hinweisen informieren wir Sie \u00fcber die Inhalte unseres Newsletters sowie das Anmelde-, Versand- und das statistische Auswertungsverfahren sowie Ihre Widerspruchsrechte auf. Indem Sie unseren Newsletter abonnieren, erkl\u00e4ren Sie sich mit dem Empfang und den beschriebenen Verfahren einverstanden.<\/p><p>Inhalt des Newsletters: Wir versenden Newsletter, E-Mails und weitere elektronische Benachrichtigungen mit werblichen Informationen (nachfolgend \u201eNewsletter\u201c) nur mit der Einwilligung der Empf\u00e4nger oder einer gesetzlichen Erlaubnis. Sofern im Rahmen einer Anmeldung zum Newsletter dessen Inhalte konkret umschrieben werden, sind sie f\u00fcr die Einwilligung der Nutzer ma\u00dfgeblich. Im \u00dcbrigen enthalten unsere Newsletter Informationen zu unseren Leistungen und uns.<\/p><p>Double-Opt-In und Protokollierung: Die Anmeldung zu unserem Newsletter erfolgt in einem sog. Double-Opt-In-Verfahren. D.h. Sie erhalten nach der Anmeldung eine E-Mail, in der Sie um die Best\u00e4tigung Ihrer Anmeldung gebeten werden. Diese Best\u00e4tigung ist notwendig, damit sich niemand mit fremden E-Mailadressen anmelden kann. Die Anmeldungen zum Newsletter werden protokolliert, um den Anmeldeprozess entsprechend den rechtlichen Anforderungen nachweisen zu k\u00f6nnen. Hierzu geh\u00f6rt die Speicherung des Anmelde- und des Best\u00e4tigungszeitpunkts, als auch der IP-Adresse. Ebenso werden die \u00c4nderungen Ihrer bei dem Versanddienstleister gespeicherten Daten protokolliert.<\/p><p>Anmeldedaten: Um sich f\u00fcr den Newsletter anzumelden, reicht es aus, wenn Sie Ihre E-Mailadresse angeben. Optional bitten wir Sie einen Namen, zwecks pers\u00f6nlicher Ansprache im Newsletters anzugeben.<\/p><p>Der Versand des Newsletters und die mit ihm verbundene Erfolgsmessung erfolgt auf Grundlage einer Einwilligung der Empf\u00e4nger gem.\u00a0Art. 6 Abs. 1\u00a0lit. a,\u00a0Art. 7 DSGVO\u00a0i.V.m\u00a0\u00a7 7 Abs. 2 Nr. 3 UWG\u00a0bzw. auf Grundlage der gesetzlichen Erlaubnis gem.\u00a0\u00a7 7 Abs. 3 UWG.<\/p><p>Die Protokollierung des Anmeldeverfahrens erfolgt auf Grundlage unserer berechtigten Interessen gem.\u00a0Art. 6 Abs. 1 lit. f DSGVO. Unser Interesse richtet sich auf den Einsatz eines nutzerfreundlichen sowie sicheren Newslettersystems, das sowohl unseren gesch\u00e4ftlichen Interessen dient, als auch den Erwartungen der Nutzer entspricht und uns ferner den Nachweis von Einwilligungen erlaubt.<\/p><p>K\u00fcndigung\/Widerruf \u2013 Sie k\u00f6nnen den Empfang unseres Newsletters jederzeit k\u00fcndigen, d.h. Ihre Einwilligungen widerrufen. Einen Link zur K\u00fcndigung des Newsletters finden Sie am Ende eines jeden Newsletters. Wir k\u00f6nnen die ausgetragenen E-Mailadressen bis zu drei Jahren auf Grundlage unserer berechtigten Interessen speichern bevor wir sie l\u00f6schen, um eine ehemals gegebene Einwilligung nachweisen zu k\u00f6nnen. Die Verarbeitung dieser Daten wird auf den Zweck einer m\u00f6glichen Abwehr von Anspr\u00fcchen beschr\u00e4nkt. Ein individueller L\u00f6schungsantrag ist jederzeit m\u00f6glich, sofern zugleich das ehemalige Bestehen einer Einwilligung best\u00e4tigt wird.<\/p><p><strong>Newsletter \u2013 Mailchimp<\/strong><\/p><p>Der Versand der Newsletter erfolgt mittels des Versanddienstleisters \u201eMailChimp\u201c, einer Newsletterversandplattform des US-Anbieters Rocket Science Group, LLC, 675 Ponce De Leon Ave NE #5000, Atlanta, GA 30308, USA. Die Datenschutzbestimmungen des Versanddienstleisters k\u00f6nnen Sie hier einsehen:\u00a0https:\/\/mailchimp.com\/legal\/privacy\/. The Rocket Science Group LLC d\/b\/a MailChimp ist unter dem Privacy-Shield-Abkommen zertifiziert und bietet hierdurch eine Garantie, das europ\u00e4isches Datenschutzniveau einzuhalten (https:\/\/www.privacyshield.gov\/participant?id=a2zt0000000TO6hAAG&amp;status=Active). Der Versanddienstleister wird auf Grundlage unserer berechtigten Interessen gem.\u00a0Art. 6 Abs. 1 lit. f DSGVO\u00a0und eines Auftragsverarbeitungsvertrages gem.\u00a0Art. 28 Abs. 3 S. 1 DSGVO\u00a0eingesetzt.<\/p><p>Der Versanddienstleister kann die Daten der Empf\u00e4nger in pseudonymer Form, d.h. ohne Zuordnung zu einem Nutzer, zur Optimierung oder Verbesserung der eigenen Services nutzen, z.B. zur technischen Optimierung des Versandes und der Darstellung der Newsletter oder f\u00fcr statistische Zwecke verwenden. Der Versanddienstleister nutzt die Daten unserer Newsletterempf\u00e4nger jedoch nicht, um diese selbst anzuschreiben oder um die Daten an Dritte weiterzugeben.<\/p><p><strong>Newsletter \u2013 Erfolgsmessung<\/strong><\/p><p>Die Newsletter enthalten einen sog. \u201eweb-beacon\u201c, d.h. eine pixelgro\u00dfe Datei, die beim \u00d6ffnen des Newsletters von unserem Server, bzw. sofern wir einen Versanddienstleister einsetzen, von dessen Server abgerufen wird. Im Rahmen dieses Abrufs werden zun\u00e4chst technische Informationen, wie Informationen zum Browser und Ihrem System, als auch Ihre IP-Adresse und Zeitpunkt des Abrufs erhoben.<\/p><p>Diese Informationen werden zur technischen Verbesserung der Services anhand der technischen Daten oder der Zielgruppen und ihres Leseverhaltens anhand derer Abruforte (die mit Hilfe der IP-Adresse bestimmbar sind) oder der Zugriffszeiten genutzt. Zu den statistischen Erhebungen geh\u00f6rt ebenfalls die Feststellung, ob die Newsletter ge\u00f6ffnet werden, wann sie ge\u00f6ffnet werden und welche Links geklickt werden. Diese Informationen k\u00f6nnen aus technischen Gr\u00fcnden zwar den einzelnen Newsletterempf\u00e4ngern zugeordnet werden. Es ist jedoch weder unser Bestreben, noch, sofern eingesetzt, das des Versanddienstleisters, einzelne Nutzer zu beobachten. Die Auswertungen dienen uns viel mehr dazu, die Lesegewohnheiten unserer Nutzer zu erkennen und unsere Inhalte auf sie anzupassen oder unterschiedliche Inhalte entsprechend den Interessen unserer Nutzer zu versenden.<\/p><p><strong>III. Cookies<\/strong><\/p><p>Ein \u201eCookie\u201c ist eine kleine Informationsdatei, die an den Browser des Internetnutzers gesendet und auf dem Endger\u00e4t des Nutzers (PC, Smartphone) gespeichert wird (nachstehend \u201eCookies\u201c). Diese Datei beinhaltet Informationen, wie den Domainnamen, den Internetanbieter und das Betriebssystem des Nutzers sowie das Datum und die Uhrzeit des Besuchs der Internetseite. Cookies bergen keinerlei Besch\u00e4digungsrisiken f\u00fcr die Endger\u00e4te des Nutzers.<\/p><p>https:\/\/www.visionix.de\/\u00a0kann unter Umst\u00e4nden die Daten \u00fcber den Besuch des Nutzers auf der Internetseite (z. B. aufgerufene Seiten und durchgef\u00fchrte Suchanfragen) bearbeiten. Diese Informationen erm\u00f6glichen\u00a0https:\/\/www.visionix.de\/, die Inhalte der Seite zu verbessern und die Navigation des Nutzers zu erleichtern.<\/p><p>Cookies erleichtern die Navigation und\/oder die Bereitstellung der auf der Internetseite angebotenen Serviceleistungen. Der Nutzer kann seinen Browser so konfigurieren, dass er entscheiden kann, Cookies anzunehmen oder abzulehnen, damit diese auf seinem Endger\u00e4t gespeichert oder andernfalls entweder systematisch oder je nach Quelle abgelehnt werden k\u00f6nnen.<\/p><p>Der Nutzer kann beim \u00d6ffnen der Internetseite entscheiden, ob er Cookies akzeptiert oder nicht. Wenn er akzeptiert, werden die Cookies auf dem Endger\u00e4t gespeichert.<\/p><p>Wenn der Nutzer das Speichern von Cookies auf seinem Endger\u00e4t oder seinem Browser ablehnt, wird er informiert, dass seine Navigation und seine Erfahrung auf der Internetseite eingeschr\u00e4nkt sein k\u00f6nnen.<\/p><p>Wenn der Nutzer auf die Symbole der sozialen Netzwerke Facebook, Linkedin und Google Plus auf der Internetseite\u00a0https:\/\/www.visionix.de\/\u00a0\u00a0oder in seiner mobilen App klickt oder tippt und die Hinterlegung von Cookies durch die Fortsetzung seiner Navigation auf der Internetseite oder in der mobilen App von\u00a0https:\/\/www.visionix.de\/\u00a0\u00a0akzeptiert hat, k\u00f6nnen Facebook und YouTube ebenfalls Cookies auf den betreffenden Endger\u00e4ten (PC, Tablet, Mobiltelefon) speichern.<\/p><p>Diese Art von Cookies werden nur dann auf Ihrem Endger\u00e4t hinterlegt, wenn Sie zustimmen, indem Sie mit Ihrer Navigation auf der Internetseite oder mobilen App von\u00a0https:\/\/www.visionix.de\/\u00a0fortfahren. Der Nutzer kann jederzeit von seinem Recht Gebrauch machen, seine Einwilligung zur Hinterlegung dieser Art von Cookies durch\u00a0https:\/\/www.visionix.de\/\u00a0zu widerrufen.<\/p><p>Mehr Information zu Cookies erhalten Sie zum Beispiel hier:\u00a0https:\/\/web.archive.org\/web\/20141023002134\/http:\/\/www.it-recht-kanzlei.de\/cookies-einwilligung-datenschutz.html<\/p><p>Erfasste Daten und Aufbewahrungszeitraum:<\/p><p>IP-Adresse, Kenndaten der Endger\u00e4te, Verbindungsdaten, Anzahl der Besuche auf der Internetseite, Anzahl der besuchten Seiten, URL der Seite, auf der Seite verbrachte Zeit, Lokalisierungsdaten \u00fcber Satellit und Mobiltelefon (Aufbewahrungsdauer: unbegrenzt)<\/p><p><strong>\u00a0<\/strong><\/p><p><strong>Begriffsbestimmungen<\/strong><\/p><p>Unternehmen: Das Unternehmen VISIONIX DEUTSCHLAND GMBH<\/p><p>Gesch\u00e4ftssitz:\u00a0An der P\u00f6nt 62 \u2013 40885 Ratingen<\/p><p>Handelsregister Deutschland:\u00a0D\u00fcsseldorf, HRB72152<\/p><p>Gesch\u00e4ftsf\u00fchrer:\u00a0Wilhelm Gronau \/ Frank Driessens<\/p><p>Tel.:\u00a0+49 (0) 2102-48277 0<\/p><p>E-Mail:\u00a0contact-de@visionix.com<\/p><p>Internetseite:\u00a0die Internetseite unter der URL:\u00a0www.visionix.de<\/p><p>Kunde\/potenzieller Kunde:\u00a0Nat\u00fcrliche oder juristische Personen vom Fach oder nicht, die auf der Internetseite navigiert und\/oder eine Anfrage stellt.<\/p><p>Personenbezogene Daten:\u00a0Pers\u00f6nliche Daten, anhand derer eine nat\u00fcrliche Person im Sinne der geltenden Gesetzgebung direkt oder indirekt identifiziert werden kann.<\/p><p>Datenschutzerkl\u00e4rung:\u00a0Das vorliegende Dokument, in dem die Modalit\u00e4ten der Bearbeitung von personenbezogenen Daten und Cookies der auf der Internetseite eingesetzten Tracer ausgef\u00fchrt sind.<\/p>\t\t\t\t\t\t\t\t<\/div>\n\t\t\t\t<\/div>\n\t\t\t\t\t<\/div>\n\t\t<\/div>\n\t\t\t\t\t<\/div>\n\t\t<\/section>\n\t\t\t\t<\/div>\n\t\t","protected":false},"excerpt":{"rendered":"<p>Datenschutzerkl\u00e4rung Credits Grafik und Entwicklung : Digitalagentur Le Pavillon Rouge &#8211; lepavillonrouge.comDesign: jubyl.comBildnachweis: Fotolia, Pixabay, Eric Bienvenu, David Morganti Die EU-DSGVO (Datenschutz-Grundverordnung) ist seit dem 25. Mai 2018 in Kraft und gilt f\u00fcr alle Mitgliedstaaten der Europ\u00e4ischen Union. Die Internetseite visionix.de verbindet Internetnutzer (Kunden oder potenzielle Kunden) mit der deutschen Niederlassung der Gruppe Visionix, VISIONIX [&hellip;]<\/p>\n","protected":false},"author":1,"featured_media":0,"parent":0,"menu_order":0,"comment_status":"closed","ping_status":"closed","template":"","meta":{"_acf_changed":false,"content-type":"","footnotes":""},"class_list":["post-12744","page","type-page","status-publish","hentry"],"acf":[],"_links":{"self":[{"href":"https:\/\/www.visionix.com\/de\/wp-json\/wp\/v2\/pages\/12744","targetHints":{"allow":["GET"]}}],"collection":[{"href":"https:\/\/www.visionix.com\/de\/wp-json\/wp\/v2\/pages"}],"about":[{"href":"https:\/\/www.visionix.com\/de\/wp-json\/wp\/v2\/types\/page"}],"author":[{"embeddable":true,"href":"https:\/\/www.visionix.com\/de\/wp-json\/wp\/v2\/users\/1"}],"replies":[{"embeddable":true,"href":"https:\/\/www.visionix.com\/de\/wp-json\/wp\/v2\/comments?post=12744"}],"version-history":[{"count":16,"href":"https:\/\/www.visionix.com\/de\/wp-json\/wp\/v2\/pages\/12744\/revisions"}],"predecessor-version":[{"id":30936,"href":"https:\/\/www.visionix.com\/de\/wp-json\/wp\/v2\/pages\/12744\/revisions\/30936"}],"wp:attachment":[{"href":"https:\/\/www.visionix.com\/de\/wp-json\/wp\/v2\/media?parent=12744"}],"curies":[{"name":"wp","href":"https:\/\/api.w.org\/{rel}","templated":true}]}}